{"id":31855,"date":"2025-02-20T23:33:42","date_gmt":"2025-02-20T22:33:42","guid":{"rendered":"https:\/\/olemosaic.orbitalia.org\/producto\/llavero-de-madera-sardina\/"},"modified":"2025-07-25T19:44:32","modified_gmt":"2025-07-25T17:44:32","slug":"porte-cles-bois-sardine","status":"publish","type":"product","link":"https:\/\/olemosaic.orbitalia.org\/fr\/produit\/porte-cles-bois-sardine\/","title":{"rendered":"Porte-cl\u00e9s en bois. Sardine."},"content":{"rendered":"<p>Ce porte-cl\u00e9s en bois en forme de sardine est un hommage \u00e0 la riche tradition de p\u00eache espagnole, particuli\u00e8rement sur ses c\u00f4tes m\u00e9diterran\u00e9ennes. Peint \u00e0 la main avec minutie, il pr\u00e9sente des motifs traditionnels vibrants dans une palette de couleurs comprenant le bleu, le rouge et le jaune, \u00e9voquant l&rsquo;esprit du littoral et la joie de la culture locale. La sardine, symbole gastronomique tr\u00e8s appr\u00e9ci\u00e9 du r\u00e9gime m\u00e9diterran\u00e9en, devient un souvenir id\u00e9al pour ceux qui souhaitent emporter un morceau de leur exp\u00e9rience sur les c\u00f4tes espagnoles.<\/p>\n<p>Avec une structure l\u00e9g\u00e8re et un anneau en m\u00e9tal r\u00e9sistant, cet accessoire est non seulement pratique pour transporter les cl\u00e9s, mais ajoute \u00e9galement une touche de couleur et d&rsquo;authenticit\u00e9 \u00e0 vos effets personnels. Les d\u00e9corations complexes refl\u00e8tent l&rsquo;art populaire de la r\u00e9gion, connectant les touristes \u00e0 l&rsquo;h\u00e9ritage culturel du pays.<\/p>\n<p>Chez Ol\u00e9 Mosaic, nous sommes fiers de proposer ce porte-cl\u00e9s en bois dans le cadre de notre collection de souvenirs repr\u00e9sentatifs qui mettent en avant l&rsquo;essence de l&rsquo;Espagne. Ce produit est une excellente option pour les boutiques de cadeaux touristiques \u00e0 la recherche d&rsquo;articles uniques et de qualit\u00e9, parfaits pour se souvenir d&rsquo;un voyage inoubliable sur les c\u00f4tes espagnoles. En tant que grossistes de souvenirs en bois, nous garantissons l&rsquo;authenticit\u00e9 et le charme de chaque pi\u00e8ce.<\/p>\n","protected":false},"excerpt":{"rendered":"<p>Porte-cl\u00e9s en bois en forme de sardine, d\u00e9cor\u00e9 de joyeux motifs traditionnels. Cet accessoire charmant repr\u00e9sente la culture de la p\u00eache espagnole, avec un design artisanal, peint \u00e0 la main, affichant des motifs color\u00e9s dans les tons bleus, rouges et jaunes, \u00e9voquant l&rsquo;esprit du littoral. La sardine, symbole de la gastronomie locale, est un cadeau id\u00e9al pour se souvenir des voyages sur les c\u00f4tes d&rsquo;Espagne. Sa structure l\u00e9g\u00e8re et son anneau m\u00e9tallique le rendent pratique et attrayant.<\/p>\n","protected":false},"featured_media":10963,"template":"","meta":{"_acf_changed":false},"product_brand":[],"product_cat":[607],"product_tag":[530],"class_list":{"0":"post-31855","1":"product","2":"type-product","3":"status-publish","4":"has-post-thumbnail","6":"product_cat-porte-cles","7":"product_tag-animaux","8":"pa_motivo-sardines","10":"first","11":"instock","12":"shipping-taxable","13":"product-type-simple"},"acf":[],"_links":{"self":[{"href":"https:\/\/olemosaic.orbitalia.org\/fr\/wp-json\/wp\/v2\/product\/31855","targetHints":{"allow":["GET"]}}],"collection":[{"href":"https:\/\/olemosaic.orbitalia.org\/fr\/wp-json\/wp\/v2\/product"}],"about":[{"href":"https:\/\/olemosaic.orbitalia.org\/fr\/wp-json\/wp\/v2\/types\/product"}],"wp:featuredmedia":[{"embeddable":true,"href":"https:\/\/olemosaic.orbitalia.org\/fr\/wp-json\/wp\/v2\/media\/10963"}],"wp:attachment":[{"href":"https:\/\/olemosaic.orbitalia.org\/fr\/wp-json\/wp\/v2\/media?parent=31855"}],"wp:term":[{"taxonomy":"product_brand","embeddable":true,"href":"https:\/\/olemosaic.orbitalia.org\/fr\/wp-json\/wp\/v2\/product_brand?post=31855"},{"taxonomy":"product_cat","embeddable":true,"href":"https:\/\/olemosaic.orbitalia.org\/fr\/wp-json\/wp\/v2\/product_cat?post=31855"},{"taxonomy":"product_tag","embeddable":true,"href":"https:\/\/olemosaic.orbitalia.org\/fr\/wp-json\/wp\/v2\/product_tag?post=31855"}],"curies":[{"name":"wp","href":"https:\/\/api.w.org\/{rel}","templated":true}]}}