{"id":31843,"date":"2025-02-20T23:33:41","date_gmt":"2025-02-20T22:33:41","guid":{"rendered":"https:\/\/olemosaic.orbitalia.org\/producto\/llavero-de-madera-salamandra-3\/"},"modified":"2025-07-25T20:17:59","modified_gmt":"2025-07-25T18:17:59","slug":"porte-cles-en-bois-salamandre-3","status":"publish","type":"product","link":"https:\/\/olemosaic.orbitalia.org\/fr\/produit\/porte-cles-en-bois-salamandre-3\/","title":{"rendered":"Porte-cl\u00e9s en bois. Salamandre. Portugal."},"content":{"rendered":"<p>Ce porte-cl\u00e9s en bois en forme de salamandre est un charmant souvenir qui capture l&rsquo;essence de l&rsquo;art c\u00e9ramique traditionnel portugais. Son design stylis\u00e9 pr\u00e9sente une explosion de couleurs vibrantes, avec des tons rouges, bleus et oranges entrelac\u00e9s qui \u00e9voquent la riche culture et les traditions du Portugal. Peint \u00e0 la main, chaque porte-cl\u00e9s est une pi\u00e8ce unique repr\u00e9sentant la salamandre, symbole de transformation et d&rsquo;adaptabilit\u00e9, valoris\u00e9 dans diverses cultures \u00e0 travers l&rsquo;histoire.<\/p>\n<p>Les d\u00e9tails d\u00e9coratifs complexes qui ornent ce porte-cl\u00e9s soulignent la ma\u00eetrise artisanale de la r\u00e9gion, en faisant un souvenir repr\u00e9sentatif du riche h\u00e9ritage culturel portugais. Ce porte-cl\u00e9s n&rsquo;est pas seulement un accessoire fonctionnel pour vos cl\u00e9s, mais aussi une pi\u00e8ce d\u00e9corative qui refl\u00e9tera votre appr\u00e9ciation pour la tradition et l&rsquo;art. De plus, sa taille compacte en fait un souvenir parfait pour les touristes cherchant \u00e0 emporter un petit morceau du Portugal chez eux.<\/p>\n<p>Chez Ol\u00e9 Mosaic, nous nous sp\u00e9cialisons dans la distribution de souvenirs en gros et proposons une vari\u00e9t\u00e9 de produits authentiques qui c\u00e9l\u00e8brent la culture ib\u00e9rique. Ce porte-cl\u00e9s salamandre est une excellente option pour les boutiques de cadeaux touristiques \u00e0 la recherche d&rsquo;articles uniques et de qualit\u00e9, parfaits pour ceux qui souhaitent se souvenir de leurs voyages de mani\u00e8re sp\u00e9ciale.<\/p>\n","protected":false},"excerpt":{"rendered":"<p>Porte-cl\u00e9s en bois en forme de salamandre, d\u00e9cor\u00e9 de motifs color\u00e9s inspir\u00e9s de la c\u00e9ramique traditionnelle. Cet accessoire original pr\u00e9sente un design stylis\u00e9 avec une combinaison de tons vibrants \u00e9voquant la riche culture portugaise. La salamandre, symbole de transformation et d&rsquo;adaptabilit\u00e9, semble \u00eatre peinte \u00e0 la main avec des d\u00e9tails en rouge, bleu et orange, ce qui en fait le souvenir parfait pour se rappeler les charmes ib\u00e9riques. Id\u00e9al pour porter ses cl\u00e9s avec une touche d&rsquo;art et de tradition.<\/p>\n","protected":false},"featured_media":10961,"template":"","meta":{"_acf_changed":false},"product_brand":[],"product_cat":[607],"product_tag":[530],"class_list":{"0":"post-31843","1":"product","2":"type-product","3":"status-publish","4":"has-post-thumbnail","6":"product_cat-porte-cles","7":"product_tag-animaux","8":"pa_motivo-salamandres","10":"first","11":"instock","12":"shipping-taxable","13":"product-type-simple"},"acf":[],"_links":{"self":[{"href":"https:\/\/olemosaic.orbitalia.org\/fr\/wp-json\/wp\/v2\/product\/31843","targetHints":{"allow":["GET"]}}],"collection":[{"href":"https:\/\/olemosaic.orbitalia.org\/fr\/wp-json\/wp\/v2\/product"}],"about":[{"href":"https:\/\/olemosaic.orbitalia.org\/fr\/wp-json\/wp\/v2\/types\/product"}],"wp:featuredmedia":[{"embeddable":true,"href":"https:\/\/olemosaic.orbitalia.org\/fr\/wp-json\/wp\/v2\/media\/10961"}],"wp:attachment":[{"href":"https:\/\/olemosaic.orbitalia.org\/fr\/wp-json\/wp\/v2\/media?parent=31843"}],"wp:term":[{"taxonomy":"product_brand","embeddable":true,"href":"https:\/\/olemosaic.orbitalia.org\/fr\/wp-json\/wp\/v2\/product_brand?post=31843"},{"taxonomy":"product_cat","embeddable":true,"href":"https:\/\/olemosaic.orbitalia.org\/fr\/wp-json\/wp\/v2\/product_cat?post=31843"},{"taxonomy":"product_tag","embeddable":true,"href":"https:\/\/olemosaic.orbitalia.org\/fr\/wp-json\/wp\/v2\/product_tag?post=31843"}],"curies":[{"name":"wp","href":"https:\/\/api.w.org\/{rel}","templated":true}]}}