{"id":31835,"date":"2025-02-20T23:33:40","date_gmt":"2025-02-20T22:33:40","guid":{"rendered":"https:\/\/olemosaic.orbitalia.org\/producto\/llavero-de-madera-letra-y-sevilla\/"},"modified":"2025-07-25T18:47:52","modified_gmt":"2025-07-25T16:47:52","slug":"porte-cles-en-bois-lettre-y-seville","status":"publish","type":"product","link":"https:\/\/olemosaic.orbitalia.org\/fr\/produit\/porte-cles-en-bois-lettre-y-seville\/","title":{"rendered":"Porte-cl\u00e9s en bois. Lettre Y. S\u00e9ville."},"content":{"rendered":"<p>Ce porte-cl\u00e9s en bois en forme de lettre Y est un souvenir \u00e9l\u00e9gant inspir\u00e9 par la ville vibrante de S\u00e9ville. Avec un design attrayant qui se distingue par ses mosa\u00efques color\u00e9es, le porte-cl\u00e9s illustre des \u00e9l\u00e9ments embl\u00e9matiques tels que la Giralda et une cal\u00e8che typique andalouse, capturant l&rsquo;essence du folklore s\u00e9villan. Son ornamentation dans les tons bleus et blancs refl\u00e8te la beaut\u00e9 architecturale et culturelle de S\u00e9ville, offrant une touche d&rsquo;originalit\u00e9 et d&rsquo;authenticit\u00e9. Fabriqu\u00e9 en bois, ce porte-cl\u00e9s a \u00e9t\u00e9 peint \u00e0 la main, ce qui garantit que chaque pi\u00e8ce est unique et pleine de caract\u00e8re.<\/p>\n<p>Le contempler, c&rsquo;est s&rsquo;immerger dans la tradition andalouse, o\u00f9 chaque d\u00e9tail, de la repr\u00e9sentation minutieuse de la tente de f\u00eate au design \u00e9lanc\u00e9 de la Giralda, \u00e9voque l&rsquo;architecture et les c\u00e9l\u00e9brations locales. Ce porte-cl\u00e9s n&rsquo;est pas seulement un accessoire pratique pour vos cl\u00e9s, il fonctionne \u00e9galement comme un rappel tangible du charme de S\u00e9ville, ce qui en fait un cadeau id\u00e9al pour ceux qui souhaitent emporter avec eux un petit morceau de cette belle ville.<\/p>\n<p>Chez Ol\u00e9 Mosaic, nous nous sp\u00e9cialisons dans la distribution de souvenirs en gros, et ce porte-cl\u00e9s de S\u00e9ville est une excellente option pour les boutiques de cadeaux touristiques cherchant \u00e0 proposer des produits authentiques et repr\u00e9sentatifs. Par sa singularit\u00e9 et son attrait, c&rsquo;est un article parfait pour ceux qui appr\u00e9cient la tradition et l&rsquo;art dans leurs souvenirs de voyage.<\/p>\n","protected":false},"excerpt":{"rendered":"<p>Porte-cl\u00e9s en bois en forme de lettre Y, inspir\u00e9 par S\u00e9ville. Ce porte-cl\u00e9s pr\u00e9sente un design vibrant avec des mosa\u00efques repr\u00e9sentatives, montrant des \u00e9l\u00e9ments embl\u00e9matiques tels que la Giralda et une cal\u00e8che typique andalouse, se distinguant par ses couleurs bleu et blanc. Peint dans un style artisanal, il refl\u00e8te la riche culture s\u00e9villane, devenant un souvenir parfait pour se souvenir de cette belle ville. Un accessoire pratique et d\u00e9coratif qui fera ressortir vos cl\u00e9s.<\/p>\n","protected":false},"featured_media":10909,"template":"","meta":{"_acf_changed":false},"product_brand":[],"product_cat":[607],"product_tag":[614],"class_list":{"0":"post-31835","1":"product","2":"type-product","3":"status-publish","4":"has-post-thumbnail","6":"product_cat-porte-cles","7":"product_tag-lettres","8":"pa_ciudad-sevilla","9":"pa_motivo-lettre-y","10":"pa_pais-espana","12":"first","13":"instock","14":"shipping-taxable","15":"product-type-simple"},"acf":[],"_links":{"self":[{"href":"https:\/\/olemosaic.orbitalia.org\/fr\/wp-json\/wp\/v2\/product\/31835","targetHints":{"allow":["GET"]}}],"collection":[{"href":"https:\/\/olemosaic.orbitalia.org\/fr\/wp-json\/wp\/v2\/product"}],"about":[{"href":"https:\/\/olemosaic.orbitalia.org\/fr\/wp-json\/wp\/v2\/types\/product"}],"wp:featuredmedia":[{"embeddable":true,"href":"https:\/\/olemosaic.orbitalia.org\/fr\/wp-json\/wp\/v2\/media\/10909"}],"wp:attachment":[{"href":"https:\/\/olemosaic.orbitalia.org\/fr\/wp-json\/wp\/v2\/media?parent=31835"}],"wp:term":[{"taxonomy":"product_brand","embeddable":true,"href":"https:\/\/olemosaic.orbitalia.org\/fr\/wp-json\/wp\/v2\/product_brand?post=31835"},{"taxonomy":"product_cat","embeddable":true,"href":"https:\/\/olemosaic.orbitalia.org\/fr\/wp-json\/wp\/v2\/product_cat?post=31835"},{"taxonomy":"product_tag","embeddable":true,"href":"https:\/\/olemosaic.orbitalia.org\/fr\/wp-json\/wp\/v2\/product_tag?post=31835"}],"curies":[{"name":"wp","href":"https:\/\/api.w.org\/{rel}","templated":true}]}}