{"id":31833,"date":"2025-02-20T22:33:40","date_gmt":"2025-02-20T22:33:40","guid":{"rendered":"https:\/\/olemosaic.orbitalia.org\/producto\/llavero-de-madera-letra-v-mosaico\/"},"modified":"2025-07-25T19:36:23","modified_gmt":"2025-07-25T17:36:23","slug":"porte-cles-en-bois-lettre-v-mosaique","status":"publish","type":"product","link":"https:\/\/olemosaic.orbitalia.org\/fr\/produit\/porte-cles-en-bois-lettre-v-mosaique\/","title":{"rendered":"Porte-cl\u00e9s en bois. Lettre V. Mosa\u00efque."},"content":{"rendered":"<p>Ce porte-cl\u00e9s en bois en forme de lettre V est un souvenir unique qui capture l&rsquo;essence vibrante de la culture espagnole. D\u00e9cor\u00e9 d&rsquo;un design attrayant en mosa\u00efque, ce porte-cl\u00e9s pr\u00e9sente une finition color\u00e9e o\u00f9 se distinguent des teintes vives de rouge, jaune, bleu et vert, \u00e9voquant la richesse du style architectural andalou, c\u00e9l\u00e8bre pour son utilisation de la couleur et de la c\u00e9ramique. La forme de la lettre V est non seulement visuellement captivante, mais elle permet \u00e9galement de le personnaliser avec des initiales, en faisant un cadeau sp\u00e9cial et significatif.<\/p>\n<p>Fabriqu\u00e9 en bois de haute qualit\u00e9, son design est l\u00e9ger et fonctionnel, id\u00e9al pour transporter vos cl\u00e9s avec style et originalit\u00e9. Ce porte-cl\u00e9s est un excellent souvenir pour ceux qui recherchent un rappel authentique et repr\u00e9sentatif de l&rsquo;Espagne, parfait pour les touristes qui souhaitent ramener chez eux un petit bout de culture espagnole. Chez Ol\u00e9 Mosaic, nous nous consacrons \u00e0 la distribution de souvenirs en gros, offrant des produits qui allient artisanat et design. Ce porte-cl\u00e9s en mosa\u00efque est une option id\u00e9ale pour les boutiques de cadeaux touristiques \u00e0 la recherche d&rsquo;articles ayant une valeur culturelle et un attrait visuel. Mettant en avant tant sa fonctionnalit\u00e9 que sa valeur esth\u00e9tique, ce porte-cl\u00e9s est un excellent choix pour ceux qui appr\u00e9cient les souvenirs qui racontent une histoire.<\/p>\n","protected":false},"excerpt":{"rendered":"<p>Porte-cl\u00e9s en bois en forme de lettre V, d\u00e9cor\u00e9 d&rsquo;un design vibrant en mosa\u00efque. Ce porte-cl\u00e9s attrayant se distingue par sa finition dans des tons vifs de rouge, jaune, bleu et vert, capturant l&rsquo;essence du style architectural color\u00e9 de l&rsquo;Espagne. Son design l\u00e9ger et fonctionnel en fait un souvenir id\u00e9al qui allie art et utilit\u00e9, parfait pour porter ses cl\u00e9s avec une touche d&rsquo;originalit\u00e9 et de style.<\/p>\n","protected":false},"featured_media":10772,"template":"","meta":{"_acf_changed":false},"product_brand":[],"product_cat":[607],"product_tag":[614],"class_list":{"0":"post-31833","1":"product","2":"type-product","3":"status-publish","4":"has-post-thumbnail","6":"product_cat-porte-cles","7":"product_tag-lettres","8":"pa_motivo-lettre-v","10":"first","11":"instock","12":"shipping-taxable","13":"product-type-simple"},"acf":[],"_links":{"self":[{"href":"https:\/\/olemosaic.orbitalia.org\/fr\/wp-json\/wp\/v2\/product\/31833","targetHints":{"allow":["GET"]}}],"collection":[{"href":"https:\/\/olemosaic.orbitalia.org\/fr\/wp-json\/wp\/v2\/product"}],"about":[{"href":"https:\/\/olemosaic.orbitalia.org\/fr\/wp-json\/wp\/v2\/types\/product"}],"wp:featuredmedia":[{"embeddable":true,"href":"https:\/\/olemosaic.orbitalia.org\/fr\/wp-json\/wp\/v2\/media\/10772"}],"wp:attachment":[{"href":"https:\/\/olemosaic.orbitalia.org\/fr\/wp-json\/wp\/v2\/media?parent=31833"}],"wp:term":[{"taxonomy":"product_brand","embeddable":true,"href":"https:\/\/olemosaic.orbitalia.org\/fr\/wp-json\/wp\/v2\/product_brand?post=31833"},{"taxonomy":"product_cat","embeddable":true,"href":"https:\/\/olemosaic.orbitalia.org\/fr\/wp-json\/wp\/v2\/product_cat?post=31833"},{"taxonomy":"product_tag","embeddable":true,"href":"https:\/\/olemosaic.orbitalia.org\/fr\/wp-json\/wp\/v2\/product_tag?post=31833"}],"curies":[{"name":"wp","href":"https:\/\/api.w.org\/{rel}","templated":true}]}}