{"id":31829,"date":"2025-02-20T23:33:39","date_gmt":"2025-02-20T22:33:39","guid":{"rendered":"https:\/\/olemosaic.orbitalia.org\/producto\/llavero-de-madera-letra-t-2\/"},"modified":"2025-07-25T18:44:44","modified_gmt":"2025-07-25T16:44:44","slug":"porte-cles-en-bois-lettre-t-2","status":"publish","type":"product","link":"https:\/\/olemosaic.orbitalia.org\/fr\/produit\/porte-cles-en-bois-lettre-t-2\/","title":{"rendered":"Porte-cl\u00e9s en bois. Lettre T. Motifs floraux."},"content":{"rendered":"<p>Ce porte-cl\u00e9s en bois en forme de lettre T est un cadeau parfait qui allie fonctionnalit\u00e9 et authenticit\u00e9 culturelle, id\u00e9al pour ceux qui souhaitent emporter un morceau d&rsquo;Espagne avec eux. Son design vibrant se distingue par ses mosa\u00efques color\u00e9es \u00e9voquant le folklore espagnol, incorporant des \u00e9l\u00e9ments floraux dans des tons rouges, bleus et jaunes, qui repr\u00e9sentent le riche h\u00e9ritage artistique et c\u00e9ramique de l&rsquo;Andalousie. La finition polie du bois rehausse chaque d\u00e9tail peint, offrant un rendu de haute qualit\u00e9, attrayant et durable.<\/p>\n<p>Ce porte-cl\u00e9s n&rsquo;est pas seulement un accessoire quotidien ; c&rsquo;est une petite \u0153uvre d&rsquo;art qui c\u00e9l\u00e8bre la diversit\u00e9 de la culture espagnole. La lettre T est personnalisable, ce qui en fait un cadeau significatif et m\u00e9morable pour les amis et la famille. De plus, son design polyvalent permet \u00e0 ce porte-cl\u00e9s de s&rsquo;adapter parfaitement \u00e0 n&rsquo;importe quel trousseau de cl\u00e9s ou comme d\u00e9coration sur des sacs \u00e0 dos et des sacs.<\/p>\n<p>Chez Ol\u00e9 Mosaic, nous nous sp\u00e9cialisons dans la distribution de souvenirs en gros, et ce porte-cl\u00e9s est une excellente option pour les boutiques de cadeaux touristiques \u00e0 la recherche de produits repr\u00e9sentant l&rsquo;essence authentique de l&rsquo;Espagne. En tant que grossistes de souvenirs, nous garantissons la qualit\u00e9 et l&rsquo;originalit\u00e9 de chaque pi\u00e8ce, faisant de ce porte-cl\u00e9s en bois une option pertinente pour tous les touristes qui aspirent \u00e0 emporter un souvenir significatif de leur voyage.<\/p>\n","protected":false},"excerpt":{"rendered":"<p>Porte-cl\u00e9s en bois en forme de lettre T, d\u00e9cor\u00e9 de mosa\u00efques color\u00e9es repr\u00e9sentant le folklore espagnol. Ce porte-cl\u00e9s attrayant pr\u00e9sente un design vibrant avec des \u00e9l\u00e9ments floraux dans des tons rouges, bleus et jaunes, \u00e9voquant le style c\u00e9ramique andalou. Fabriqu\u00e9 en bois, sa finition souligne la beaut\u00e9 des d\u00e9tails peints, faisant de cet accessoire un cadeau parfait pour emporter un petit bout d&rsquo;Espagne partout avec soi.<\/p>\n","protected":false},"featured_media":9610,"template":"","meta":{"_acf_changed":false},"product_brand":[],"product_cat":[607],"product_tag":[614],"class_list":{"0":"post-31829","1":"product","2":"type-product","3":"status-publish","4":"has-post-thumbnail","6":"product_cat-porte-cles","7":"product_tag-lettres","8":"pa_motivo-lettre-t","10":"first","11":"instock","12":"shipping-taxable","13":"product-type-simple"},"acf":[],"_links":{"self":[{"href":"https:\/\/olemosaic.orbitalia.org\/fr\/wp-json\/wp\/v2\/product\/31829","targetHints":{"allow":["GET"]}}],"collection":[{"href":"https:\/\/olemosaic.orbitalia.org\/fr\/wp-json\/wp\/v2\/product"}],"about":[{"href":"https:\/\/olemosaic.orbitalia.org\/fr\/wp-json\/wp\/v2\/types\/product"}],"wp:featuredmedia":[{"embeddable":true,"href":"https:\/\/olemosaic.orbitalia.org\/fr\/wp-json\/wp\/v2\/media\/9610"}],"wp:attachment":[{"href":"https:\/\/olemosaic.orbitalia.org\/fr\/wp-json\/wp\/v2\/media?parent=31829"}],"wp:term":[{"taxonomy":"product_brand","embeddable":true,"href":"https:\/\/olemosaic.orbitalia.org\/fr\/wp-json\/wp\/v2\/product_brand?post=31829"},{"taxonomy":"product_cat","embeddable":true,"href":"https:\/\/olemosaic.orbitalia.org\/fr\/wp-json\/wp\/v2\/product_cat?post=31829"},{"taxonomy":"product_tag","embeddable":true,"href":"https:\/\/olemosaic.orbitalia.org\/fr\/wp-json\/wp\/v2\/product_tag?post=31829"}],"curies":[{"name":"wp","href":"https:\/\/api.w.org\/{rel}","templated":true}]}}