{"id":31799,"date":"2025-02-20T23:33:38","date_gmt":"2025-02-20T22:33:38","guid":{"rendered":"https:\/\/olemosaic.orbitalia.org\/producto\/llavero-de-madera-letra-o-2\/"},"modified":"2025-07-25T19:43:27","modified_gmt":"2025-07-25T17:43:27","slug":"porte-cles-en-bois-lettre-o-2","status":"publish","type":"product","link":"https:\/\/olemosaic.orbitalia.org\/fr\/produit\/porte-cles-en-bois-lettre-o-2\/","title":{"rendered":"Porte-cl\u00e9s en bois. Lettre O. Mosa\u00efque."},"content":{"rendered":"<p>Ce porte-cl\u00e9s en bois en forme de lettre O est un excellent souvenir qui capture l&rsquo;essence du style artistique barcelonais, inspir\u00e9 par l&rsquo;\u0153uvre de l&rsquo;architecte embl\u00e9matique Antoni Gaud\u00ed. Avec un design vibrant, sur un fond blanc orn\u00e9 de lignes noires complexes, ce porte-cl\u00e9s affiche un m\u00e9lange joyeux de couleurs vives, telles que le rouge, le bleu et le jaune. Chaque d\u00e9tail, des formes abstraites aux motifs de mosa\u00efque, \u00e9voque la singularit\u00e9 des c\u00e9l\u00e8bres mosa\u00efques de Gaud\u00ed, en faisant un souvenir qui souligne la richesse culturelle de la cit\u00e9 comtale.<\/p>\n<p>L\u00e9ger et fonctionnel, ce porte-cl\u00e9s est l&rsquo;accessoire parfait pour transporter les cl\u00e9s de la maison ou de la voiture, tout en conservant le style distinctif de l&rsquo;architecture moderniste catalane. En tant que produit repr\u00e9sentatif de Barcelone, il est id\u00e9al pour les touristes \u00e0 la recherche d&rsquo;un souvenir authentique qui leur rappelle leur visite dans cette ville vibrante, pleine d&rsquo;art et de cr\u00e9ativit\u00e9. Chez Ol\u00e9 Mosaic, notre approche de la distribution de souvenirs en gros garantit que ce porte-cl\u00e9s en bois soit une option attrayante pour les boutiques de cadeaux touristiques souhaitant proposer des produits typiques et de qualit\u00e9. Ne manquez pas l&rsquo;occasion d&rsquo;offrir un porte-cl\u00e9s qui, en plus d&rsquo;\u00eatre un souvenir, est une pi\u00e8ce d&rsquo;art c\u00e9l\u00e9brant l&rsquo;h\u00e9ritage culturel de Barcelone.<\/p>\n","protected":false},"excerpt":{"rendered":"<p>Porte-cl\u00e9s en bois en forme de lettre O, d\u00e9cor\u00e9 d&rsquo;un design vibrant inspir\u00e9 de la c\u00e9l\u00e8bre mosa\u00efque de Gaud\u00ed. Ce porte-cl\u00e9s pr\u00e9sente un fond blanc avec des lignes noires complexes et un m\u00e9lange de couleurs vives, comme le rouge, le bleu et le jaune, \u00e9voquant le style unique de l&rsquo;\u0153uvre architecturale de Barcelone. L\u00e9ger et fonctionnel, c&rsquo;est un souvenir parfait pour les amoureux de l&rsquo;art et de la culture de la cit\u00e9 comtale.<\/p>\n","protected":false},"featured_media":10934,"template":"","meta":{"_acf_changed":false},"product_brand":[],"product_cat":[607],"product_tag":[614],"class_list":{"0":"post-31799","1":"product","2":"type-product","3":"status-publish","4":"has-post-thumbnail","6":"product_cat-porte-cles","7":"product_tag-lettres","8":"pa_motivo-lettre-o","10":"first","11":"instock","12":"shipping-taxable","13":"product-type-simple"},"acf":[],"_links":{"self":[{"href":"https:\/\/olemosaic.orbitalia.org\/fr\/wp-json\/wp\/v2\/product\/31799","targetHints":{"allow":["GET"]}}],"collection":[{"href":"https:\/\/olemosaic.orbitalia.org\/fr\/wp-json\/wp\/v2\/product"}],"about":[{"href":"https:\/\/olemosaic.orbitalia.org\/fr\/wp-json\/wp\/v2\/types\/product"}],"wp:featuredmedia":[{"embeddable":true,"href":"https:\/\/olemosaic.orbitalia.org\/fr\/wp-json\/wp\/v2\/media\/10934"}],"wp:attachment":[{"href":"https:\/\/olemosaic.orbitalia.org\/fr\/wp-json\/wp\/v2\/media?parent=31799"}],"wp:term":[{"taxonomy":"product_brand","embeddable":true,"href":"https:\/\/olemosaic.orbitalia.org\/fr\/wp-json\/wp\/v2\/product_brand?post=31799"},{"taxonomy":"product_cat","embeddable":true,"href":"https:\/\/olemosaic.orbitalia.org\/fr\/wp-json\/wp\/v2\/product_cat?post=31799"},{"taxonomy":"product_tag","embeddable":true,"href":"https:\/\/olemosaic.orbitalia.org\/fr\/wp-json\/wp\/v2\/product_tag?post=31799"}],"curies":[{"name":"wp","href":"https:\/\/api.w.org\/{rel}","templated":true}]}}