{"id":31793,"date":"2025-02-20T23:33:38","date_gmt":"2025-02-20T22:33:38","guid":{"rendered":"https:\/\/olemosaic.orbitalia.org\/producto\/llavero-de-madera-letra-n-2\/"},"modified":"2025-07-25T18:45:46","modified_gmt":"2025-07-25T16:45:46","slug":"porte-cles-en-bois-lettre-n-mosaique-fr","status":"publish","type":"product","link":"https:\/\/olemosaic.orbitalia.org\/fr\/produit\/porte-cles-en-bois-lettre-n-mosaique-fr\/","title":{"rendered":"Porte-cl\u00e9s en bois. Lettre N. Mosa\u00efque."},"content":{"rendered":"<p>Ce porte-cl\u00e9s en bois en forme de lettre N est une pi\u00e8ce unique qui allie fonctionnalit\u00e9 et art, id\u00e9ale pour ceux qui recherchent un souvenir authentique de la culture espagnole. Son design vibrant pr\u00e9sente une mosa\u00efque color\u00e9e inspir\u00e9e de la technique du trencad\u00eds d&rsquo;Antoni Gaud\u00ed, avec des tons jaunes, rouges et bleus sur un fond blanc. Les d\u00e9tails noirs, qui accentuent le design, lui donnent une touche contemporaine et \u00e9l\u00e9gante, faisant de ce porte-cl\u00e9s une d\u00e9claration de style.<\/p>\n<p>La lettre N, accessible dans un format attrayant, ne sert pas seulement \u00e0 personnaliser vos cl\u00e9s, mais repr\u00e9sente \u00e9galement un lien authentique avec la riche tradition artistique espagnole. Ce porte-cl\u00e9s est un rappel portable de l&rsquo;architecture embl\u00e9matique de Barcelone et de l&rsquo;h\u00e9ritage cr\u00e9atif de Gaud\u00ed.<\/p>\n<p>Parfait comme souvenir, c&rsquo;est un cadeau id\u00e9al pour les touristes qui souhaitent emporter un morceau de la culture espagnole. Chez Ol\u00e9 Mosaic, nous sommes sp\u00e9cialistes de la distribution de souvenirs authentiques, et ce porte-cl\u00e9s en bois est une excellente option pour les boutiques de cadeaux touristiques qui appr\u00e9cient l&rsquo;originalit\u00e9 et la qualit\u00e9. En tant que grossistes en souvenirs, nous proposons des produits qui se distinguent et c\u00e9l\u00e8brent la richesse du patrimoine espagnol.<\/p>\n","protected":false},"excerpt":{"rendered":"<p>Porte-cl\u00e9s en bois en forme de lettre N, d\u00e9cor\u00e9 d&rsquo;un design attrayant de mosa\u00efque color\u00e9e comprenant des tons jaunes, rouges et bleus. Ce porte-cl\u00e9s original, id\u00e9al comme souvenir, pr\u00e9sente un fond blanc avec des d\u00e9tails noirs qui accentuent son design artistique, inspir\u00e9 de la c\u00e9l\u00e8bre technique du trencad\u00eds de Gaud\u00ed. Parfait pour personnaliser vos cl\u00e9s et emporter avec vous un morceau de cr\u00e9ativit\u00e9 et de culture espagnole.<\/p>\n","protected":false},"featured_media":10933,"template":"","meta":{"_acf_changed":false},"product_brand":[],"product_cat":[607],"product_tag":[614],"class_list":{"0":"post-31793","1":"product","2":"type-product","3":"status-publish","4":"has-post-thumbnail","6":"product_cat-porte-cles","7":"product_tag-lettres","8":"pa_motivo-lettre-n","10":"first","11":"instock","12":"shipping-taxable","13":"product-type-simple"},"acf":[],"_links":{"self":[{"href":"https:\/\/olemosaic.orbitalia.org\/fr\/wp-json\/wp\/v2\/product\/31793","targetHints":{"allow":["GET"]}}],"collection":[{"href":"https:\/\/olemosaic.orbitalia.org\/fr\/wp-json\/wp\/v2\/product"}],"about":[{"href":"https:\/\/olemosaic.orbitalia.org\/fr\/wp-json\/wp\/v2\/types\/product"}],"wp:featuredmedia":[{"embeddable":true,"href":"https:\/\/olemosaic.orbitalia.org\/fr\/wp-json\/wp\/v2\/media\/10933"}],"wp:attachment":[{"href":"https:\/\/olemosaic.orbitalia.org\/fr\/wp-json\/wp\/v2\/media?parent=31793"}],"wp:term":[{"taxonomy":"product_brand","embeddable":true,"href":"https:\/\/olemosaic.orbitalia.org\/fr\/wp-json\/wp\/v2\/product_brand?post=31793"},{"taxonomy":"product_cat","embeddable":true,"href":"https:\/\/olemosaic.orbitalia.org\/fr\/wp-json\/wp\/v2\/product_cat?post=31793"},{"taxonomy":"product_tag","embeddable":true,"href":"https:\/\/olemosaic.orbitalia.org\/fr\/wp-json\/wp\/v2\/product_tag?post=31793"}],"curies":[{"name":"wp","href":"https:\/\/api.w.org\/{rel}","templated":true}]}}