{"id":31790,"date":"2025-02-20T23:33:37","date_gmt":"2025-02-20T22:33:37","guid":{"rendered":"https:\/\/olemosaic.orbitalia.org\/producto\/llavero-de-madera-letra-k-madrid\/"},"modified":"2025-07-25T19:30:08","modified_gmt":"2025-07-25T17:30:08","slug":"porte-cles-en-bois-lettre-k-madrid","status":"publish","type":"product","link":"https:\/\/olemosaic.orbitalia.org\/fr\/produit\/porte-cles-en-bois-lettre-k-madrid\/","title":{"rendered":"Porte-cl\u00e9s en bois. Lettre K. Madrid."},"content":{"rendered":"<p>Ce porte-cl\u00e9s en bois en forme de lettre K est un souvenir vibrant et original qui capture l&rsquo;essence de Madrid. D\u00e9cor\u00e9 d&rsquo;une illustration color\u00e9e de l&#8217;embl\u00e9matique Puerta del Sol, ce porte-cl\u00e9s se distingue par son design brillant, incluant des d\u00e9tails significatifs tels que la c\u00e9l\u00e8bre horloge de la place et l&rsquo;ic\u00f4ne de la statue de l&rsquo;Ours et de l&rsquo;Arbousier. La technique de mosa\u00efque utilis\u00e9e pour la d\u00e9coration se distingue par ses couleurs intenses, offrant une repr\u00e9sentation stylis\u00e9e qui attire le regard et \u00e9voque le dynamisme de la capitale espagnole.<\/p>\n<p>Le porte-cl\u00e9s, fabriqu\u00e9 en bois de haute qualit\u00e9, est non seulement l\u00e9ger et r\u00e9sistant, mais aussi parfait pour ceux qui souhaitent emporter un morceau de Madrid avec eux. Sa forme unique et ses d\u00e9tails vifs en font un accessoire attrayant et pratique, id\u00e9al pour se souvenir de moments sp\u00e9ciaux dans cette ville pleine de vie. Ce porte-cl\u00e9s est un excellent souvenir pour les touristes \u00e0 la recherche de quelque chose de distinctif et d&rsquo;authentique.<\/p>\n<p>Chez Ol\u00e9 Mosaic, nous proposons une large gamme de produits de qualit\u00e9 en gros, y compris ce porte-cl\u00e9s d\u00e9coratif en bois qui met en valeur la culture et l&rsquo;histoire de Madrid. En tant que distributeurs de souvenirs, nous garantissons l&rsquo;authenticit\u00e9 et la pertinence culturelle de chaque pi\u00e8ce, faisant de ce porte-cl\u00e9s un choix id\u00e9al pour les boutiques de cadeaux touristiques qui appr\u00e9cient l&rsquo;h\u00e9ritage artistique de la ville.<\/p>\n","protected":false},"excerpt":{"rendered":"<p>Porte-cl\u00e9s en bois en forme de lettre K, d\u00e9cor\u00e9 d&rsquo;une illustration vibrante de l&#8217;embl\u00e9matique Puerta del Sol de Madrid. Ce porte-cl\u00e9s attrayant combine une technique de design color\u00e9e, montrant des \u00e9l\u00e9ments tels que l&rsquo;horloge de la place et la c\u00e9l\u00e8bre statue de l&rsquo;Ours et de l&rsquo;Arbousier. Parfait comme souvenir, il se distingue par ses couleurs vives et ses d\u00e9tails qui capturent l&rsquo;essence de la capitale espagnole, id\u00e9al pour ceux qui souhaitent emporter un morceau de Madrid avec eux.<\/p>\n","protected":false},"featured_media":10843,"template":"","meta":{"_acf_changed":false},"product_brand":[],"product_cat":[607],"product_tag":[614],"class_list":{"0":"post-31790","1":"product","2":"type-product","3":"status-publish","4":"has-post-thumbnail","6":"product_cat-porte-cles","7":"product_tag-lettres","8":"pa_ciudad-madrid","9":"pa_motivo-lettre-k","10":"pa_pais-espana","12":"first","13":"instock","14":"shipping-taxable","15":"product-type-simple"},"acf":[],"_links":{"self":[{"href":"https:\/\/olemosaic.orbitalia.org\/fr\/wp-json\/wp\/v2\/product\/31790","targetHints":{"allow":["GET"]}}],"collection":[{"href":"https:\/\/olemosaic.orbitalia.org\/fr\/wp-json\/wp\/v2\/product"}],"about":[{"href":"https:\/\/olemosaic.orbitalia.org\/fr\/wp-json\/wp\/v2\/types\/product"}],"wp:featuredmedia":[{"embeddable":true,"href":"https:\/\/olemosaic.orbitalia.org\/fr\/wp-json\/wp\/v2\/media\/10843"}],"wp:attachment":[{"href":"https:\/\/olemosaic.orbitalia.org\/fr\/wp-json\/wp\/v2\/media?parent=31790"}],"wp:term":[{"taxonomy":"product_brand","embeddable":true,"href":"https:\/\/olemosaic.orbitalia.org\/fr\/wp-json\/wp\/v2\/product_brand?post=31790"},{"taxonomy":"product_cat","embeddable":true,"href":"https:\/\/olemosaic.orbitalia.org\/fr\/wp-json\/wp\/v2\/product_cat?post=31790"},{"taxonomy":"product_tag","embeddable":true,"href":"https:\/\/olemosaic.orbitalia.org\/fr\/wp-json\/wp\/v2\/product_tag?post=31790"}],"curies":[{"name":"wp","href":"https:\/\/api.w.org\/{rel}","templated":true}]}}