{"id":31789,"date":"2025-02-20T23:33:37","date_gmt":"2025-02-20T22:33:37","guid":{"rendered":"https:\/\/olemosaic.orbitalia.org\/producto\/llavero-de-madera-letra-k\/"},"modified":"2025-07-25T19:38:10","modified_gmt":"2025-07-25T17:38:10","slug":"porte-cles-en-bois-lettre-k","status":"publish","type":"product","link":"https:\/\/olemosaic.orbitalia.org\/fr\/produit\/porte-cles-en-bois-lettre-k\/","title":{"rendered":"Porte-cl\u00e9s en bois. Lettre K."},"content":{"rendered":"<p>Ce porte-cl\u00e9s en bois en forme de lettre K est un souvenir original et vibrant de Barcelone, refl\u00e9tant l&rsquo;essence du modernisme catalan. Inspir\u00e9e par l&#8217;embl\u00e9matique trencad\u00eds, cette pi\u00e8ce unique se distingue par son design color\u00e9, avec une palette de tons intenses comprenant le rouge, le bleu, le jaune et le vert, entour\u00e9s d&rsquo;un entrelacement complexe de lignes noires rappelant les \u0153uvres du c\u00e9l\u00e8bre architecte Antoni Gaud\u00ed. Sa finition brillante souligne la richesse des couleurs, en faisant un objet \u00e0 la fois d\u00e9coratif et fonctionnel.<\/p>\n<p>Le porte-cl\u00e9s est m\u00e9ticuleusement peint \u00e0 la main, ce qui lui conf\u00e8re un caract\u00e8re exclusif et artistique. Cette technique artisanale garantit non seulement l&rsquo;authenticit\u00e9 du produit, mais apporte \u00e9galement une touche personnelle \u00e0 chaque pi\u00e8ce, en faisant un souvenir inoubliable de la ville. Symbole de la culture catalane, ce porte-cl\u00e9s en bois capture la vitalit\u00e9 et la cr\u00e9ativit\u00e9 que d\u00e9gage Barcelone, constituant un excellent cadeau pour ceux qui souhaitent emporter un petit morceau de cette ville merveilleuse.<\/p>\n<p>Chez Ol\u00e9 Mosaic, nous sommes sp\u00e9cialis\u00e9s dans la distribution en gros de souvenirs repr\u00e9sentant le riche h\u00e9ritage culturel de l&rsquo;Espagne. Ce porte-cl\u00e9s n&rsquo;est pas seulement une d\u00e9coration pratique, il t\u00e9moigne \u00e9galement de l&rsquo;architecture et de l&rsquo;art catalans, id\u00e9al pour les boutiques de cadeaux touristiques \u00e0 la recherche de produits authentiques et significatifs.<\/p>\n","protected":false},"excerpt":{"rendered":"<p>Porte-cl\u00e9s en bois en forme de lettre K, d\u00e9cor\u00e9 d&rsquo;un design color\u00e9 inspir\u00e9 du trencad\u00eds, caract\u00e9ristique de l&rsquo;architecture moderniste de Barcelone. Ce porte-cl\u00e9s pr\u00e9sente une finition brillante avec des tons vibrants de rouge, bleu, jaune et vert, encadr\u00e9s par un r\u00e9seau de lignes noires. Sa fabrication, par peinture \u00e0 la main, lui conf\u00e8re une touche unique et artistique, en faisant un souvenir amusant parfait pour les amoureux de la ville.<\/p>\n","protected":false},"featured_media":10930,"template":"","meta":{"_acf_changed":false},"product_brand":[],"product_cat":[607],"product_tag":[614],"class_list":{"0":"post-31789","1":"product","2":"type-product","3":"status-publish","4":"has-post-thumbnail","6":"product_cat-porte-cles","7":"product_tag-lettres","8":"pa_motivo-lettre-k","10":"first","11":"instock","12":"shipping-taxable","13":"product-type-simple"},"acf":[],"_links":{"self":[{"href":"https:\/\/olemosaic.orbitalia.org\/fr\/wp-json\/wp\/v2\/product\/31789","targetHints":{"allow":["GET"]}}],"collection":[{"href":"https:\/\/olemosaic.orbitalia.org\/fr\/wp-json\/wp\/v2\/product"}],"about":[{"href":"https:\/\/olemosaic.orbitalia.org\/fr\/wp-json\/wp\/v2\/types\/product"}],"wp:featuredmedia":[{"embeddable":true,"href":"https:\/\/olemosaic.orbitalia.org\/fr\/wp-json\/wp\/v2\/media\/10930"}],"wp:attachment":[{"href":"https:\/\/olemosaic.orbitalia.org\/fr\/wp-json\/wp\/v2\/media?parent=31789"}],"wp:term":[{"taxonomy":"product_brand","embeddable":true,"href":"https:\/\/olemosaic.orbitalia.org\/fr\/wp-json\/wp\/v2\/product_brand?post=31789"},{"taxonomy":"product_cat","embeddable":true,"href":"https:\/\/olemosaic.orbitalia.org\/fr\/wp-json\/wp\/v2\/product_cat?post=31789"},{"taxonomy":"product_tag","embeddable":true,"href":"https:\/\/olemosaic.orbitalia.org\/fr\/wp-json\/wp\/v2\/product_tag?post=31789"}],"curies":[{"name":"wp","href":"https:\/\/api.w.org\/{rel}","templated":true}]}}