{"id":31782,"date":"2025-02-20T23:33:37","date_gmt":"2025-02-20T22:33:37","guid":{"rendered":"https:\/\/olemosaic.orbitalia.org\/producto\/llavero-de-madera-letra-j-barcelona-2\/"},"modified":"2025-07-25T19:07:54","modified_gmt":"2025-07-25T17:07:54","slug":"porte-cles-en-bois-lettre-j-barcelone-fr","status":"publish","type":"product","link":"https:\/\/olemosaic.orbitalia.org\/fr\/produit\/porte-cles-en-bois-lettre-j-barcelone-fr\/","title":{"rendered":"Porte-cl\u00e9s en bois. Lettre J. Mosa\u00efque. Barcelone."},"content":{"rendered":"<p>Ce porte-cl\u00e9s en bois en forme de lettre J est une repr\u00e9sentation exquise de l&rsquo;architecture barcelonaise, con\u00e7u pour ceux qui souhaitent emporter un morceau de la cit\u00e9 comtale toujours avec eux. Peint \u00e0 la main, le porte-cl\u00e9s se distingue par ses couleurs vibrantes qui \u00e9voquent l&#8217;embl\u00e9matique Sagrada Familia, l&rsquo;un des monuments les plus iconiques de la ville. Les tours du temple, avec leurs d\u00e9tails caract\u00e9ristiques, sont parfaitement repr\u00e9sent\u00e9es dans le design, tandis que les vitraux iris\u00e9s ajoutent une touche artistique et singuli\u00e8re, cr\u00e9ant un beau contraste entre les tons rouge, jaune et bleu.<\/p>\n<p>Ce porte-cl\u00e9s n&rsquo;est pas seulement un accessoire pratique, mais aussi un authentique souvenir qui encapsule l&rsquo;essence de Barcelone, devenant un rappel significatif du riche h\u00e9ritage culturel de la ville. La lettre J peut repr\u00e9senter aussi bien un pr\u00e9nom qu&rsquo;un symbole personnel, ce qui en fait une option id\u00e9ale pour donner une touche personnalis\u00e9e \u00e0 celui qui l&rsquo;acquiert.<\/p>\n<p>Chez Ol\u00e9 Mosaic, sp\u00e9cialis\u00e9s dans la distribution de souvenirs en gros, ce porte-cl\u00e9s en bois est une excellente option pour les boutiques de cadeaux touristiques qui cherchent \u00e0 proposer des articles authentiques et culturels. Chaque forme, chaque couleur et chaque d\u00e9tail sont pens\u00e9s pour transmettre la magie de Barcelone, en faisant un souvenir inestimable pour tout visiteur.<\/p>\n","protected":false},"excerpt":{"rendered":"<p>Porte-cl\u00e9s en bois en forme de lettre J, inspir\u00e9 de l&rsquo;architecture de Barcelone. Ce porte-cl\u00e9s attrayant pr\u00e9sente des motifs color\u00e9s qui \u00e9voquent la Sagrada Familia, mettant en avant ses tours et vitraux embl\u00e9matiques. Le design est de conception artisanale, peint \u00e0 la main, combinant des tons vibrants comme le rouge, le jaune et le bleu, ce qui en fait un article unique avec une signification culturelle sp\u00e9ciale. Id\u00e9al pour ceux qui souhaitent emporter un morceau de Barcelone toujours avec eux.<\/p>\n","protected":false},"featured_media":10495,"template":"","meta":{"_acf_changed":false},"product_brand":[],"product_cat":[607],"product_tag":[614],"class_list":{"0":"post-31782","1":"product","2":"type-product","3":"status-publish","4":"has-post-thumbnail","6":"product_cat-porte-cles","7":"product_tag-lettres","8":"pa_ciudad-barcelona","9":"pa_motivo-lettre-j","10":"pa_pais-espana","12":"first","13":"instock","14":"shipping-taxable","15":"product-type-simple"},"acf":[],"_links":{"self":[{"href":"https:\/\/olemosaic.orbitalia.org\/fr\/wp-json\/wp\/v2\/product\/31782","targetHints":{"allow":["GET"]}}],"collection":[{"href":"https:\/\/olemosaic.orbitalia.org\/fr\/wp-json\/wp\/v2\/product"}],"about":[{"href":"https:\/\/olemosaic.orbitalia.org\/fr\/wp-json\/wp\/v2\/types\/product"}],"wp:featuredmedia":[{"embeddable":true,"href":"https:\/\/olemosaic.orbitalia.org\/fr\/wp-json\/wp\/v2\/media\/10495"}],"wp:attachment":[{"href":"https:\/\/olemosaic.orbitalia.org\/fr\/wp-json\/wp\/v2\/media?parent=31782"}],"wp:term":[{"taxonomy":"product_brand","embeddable":true,"href":"https:\/\/olemosaic.orbitalia.org\/fr\/wp-json\/wp\/v2\/product_brand?post=31782"},{"taxonomy":"product_cat","embeddable":true,"href":"https:\/\/olemosaic.orbitalia.org\/fr\/wp-json\/wp\/v2\/product_cat?post=31782"},{"taxonomy":"product_tag","embeddable":true,"href":"https:\/\/olemosaic.orbitalia.org\/fr\/wp-json\/wp\/v2\/product_tag?post=31782"}],"curies":[{"name":"wp","href":"https:\/\/api.w.org\/{rel}","templated":true}]}}