{"id":31781,"date":"2025-02-20T23:33:37","date_gmt":"2025-02-20T22:33:37","guid":{"rendered":"https:\/\/olemosaic.orbitalia.org\/producto\/llavero-de-madera-letra-j-2\/"},"modified":"2025-07-25T18:46:52","modified_gmt":"2025-07-25T16:46:52","slug":"porte-cles-en-bois-lettre-j-mosaique-fr","status":"publish","type":"product","link":"https:\/\/olemosaic.orbitalia.org\/fr\/produit\/porte-cles-en-bois-lettre-j-mosaique-fr\/","title":{"rendered":"Porte-cl\u00e9s en bois. Lettre J. Mosa\u00efque."},"content":{"rendered":"<p>Ce porte-cl\u00e9s en bois en forme de lettre J est une repr\u00e9sentation ing\u00e9nieuse du style embl\u00e9matique trencad\u00eds, propre \u00e0 l&rsquo;\u0153uvre d&rsquo;Antoni Gaud\u00ed, l&rsquo;un des plus grands repr\u00e9sentants du modernisme barcelonais. Avec un design vibrant qui d\u00e9ploie une explosion de couleurs comme le bleu, le rouge, le jaune et le vert, ce porte-cl\u00e9s capture l&rsquo;essence artistique et unique de l&rsquo;architecture catalane. La structure en c\u00e9ramique fragment\u00e9e, qui \u00e9voque les mosa\u00efques caract\u00e9ristiques des \u0153uvres de Gaud\u00ed, apporte une texture visuelle fascinante qui attire le regard.<\/p>\n<p>Avec une attention m\u00e9ticuleuse aux d\u00e9tails, ce souvenir n&rsquo;est pas seulement fonctionnel, mais aussi un petit hommage \u00e0 la richesse culturelle de la ville. Sa forme de lettre J en fait un cadeau personnalisable et symbolique, id\u00e9al pour ceux qui souhaitent emporter avec eux un morceau de Barcelone. Ce porte-cl\u00e9s est une excellente option tant pour les touristes \u00e0 la recherche de souvenirs authentiques que pour les boutiques de cadeaux touristiques qui souhaitent proposer des produits ayant une profonde signification culturelle. Chez Ol\u00e9 Mosaic, en tant que grossistes de souvenirs, nous garantissons la qualit\u00e9 et l&rsquo;authenticit\u00e9 de chaque pi\u00e8ce, permettant \u00e0 nos clients de proposer des souvenirs qui repr\u00e9sentent r\u00e9ellement l&rsquo;h\u00e9ritage espagnol.<\/p>\n","protected":false},"excerpt":{"rendered":"<p>Porte-cl\u00e9s en bois en forme de lettre J, inspir\u00e9 du c\u00e9l\u00e8bre style trencad\u00eds de Gaud\u00ed. Ce design vibrant pr\u00e9sente une combinaison de couleurs bleu, rouge, jaune et vert, dispos\u00e9es dans une structure de c\u00e9ramique fragment\u00e9e qui \u00e9voque l&rsquo;esth\u00e9tique moderniste de Barcelone. Parfait comme souvenir, ce porte-cl\u00e9s ajoute une touche artistique et culturelle \u00e0 vos cl\u00e9s, \u00e9tant une repr\u00e9sentation id\u00e9ale du design unique de l&rsquo;architecture catalane.<\/p>\n","protected":false},"featured_media":10929,"template":"","meta":{"_acf_changed":false},"product_brand":[],"product_cat":[607],"product_tag":[614],"class_list":{"0":"post-31781","1":"product","2":"type-product","3":"status-publish","4":"has-post-thumbnail","6":"product_cat-porte-cles","7":"product_tag-lettres","8":"pa_motivo-lettre-j","10":"first","11":"instock","12":"shipping-taxable","13":"product-type-simple"},"acf":[],"_links":{"self":[{"href":"https:\/\/olemosaic.orbitalia.org\/fr\/wp-json\/wp\/v2\/product\/31781","targetHints":{"allow":["GET"]}}],"collection":[{"href":"https:\/\/olemosaic.orbitalia.org\/fr\/wp-json\/wp\/v2\/product"}],"about":[{"href":"https:\/\/olemosaic.orbitalia.org\/fr\/wp-json\/wp\/v2\/types\/product"}],"wp:featuredmedia":[{"embeddable":true,"href":"https:\/\/olemosaic.orbitalia.org\/fr\/wp-json\/wp\/v2\/media\/10929"}],"wp:attachment":[{"href":"https:\/\/olemosaic.orbitalia.org\/fr\/wp-json\/wp\/v2\/media?parent=31781"}],"wp:term":[{"taxonomy":"product_brand","embeddable":true,"href":"https:\/\/olemosaic.orbitalia.org\/fr\/wp-json\/wp\/v2\/product_brand?post=31781"},{"taxonomy":"product_cat","embeddable":true,"href":"https:\/\/olemosaic.orbitalia.org\/fr\/wp-json\/wp\/v2\/product_cat?post=31781"},{"taxonomy":"product_tag","embeddable":true,"href":"https:\/\/olemosaic.orbitalia.org\/fr\/wp-json\/wp\/v2\/product_tag?post=31781"}],"curies":[{"name":"wp","href":"https:\/\/api.w.org\/{rel}","templated":true}]}}