{"id":31780,"date":"2025-02-20T22:33:37","date_gmt":"2025-02-20T22:33:37","guid":{"rendered":"https:\/\/olemosaic.orbitalia.org\/producto\/llavero-de-madera-letra-j\/"},"modified":"2025-07-25T18:39:15","modified_gmt":"2025-07-25T16:39:15","slug":"porte-cles-en-bois-lettre-j","status":"publish","type":"product","link":"https:\/\/olemosaic.orbitalia.org\/fr\/produit\/porte-cles-en-bois-lettre-j\/","title":{"rendered":"Porte-cl\u00e9s en bois. Lettre J."},"content":{"rendered":"<p>Ce porte-cl\u00e9s en bois en forme de lettre J est un charmant souvenir qui encapsule l&rsquo;essence de la culture hispanique. D\u00e9cor\u00e9 d&rsquo;un design vibrant d&rsquo;azulejos, le porte-cl\u00e9s pr\u00e9sente une vari\u00e9t\u00e9 de motifs floraux et g\u00e9om\u00e9triques repr\u00e9sentatifs de la riche et color\u00e9e tradition artistique espagnole. Chaque d\u00e9tail refl\u00e8te le savoir-faire des artisans qui, en utilisant des techniques traditionnelles, ont cr\u00e9\u00e9 ces illustrations impressionnantes, transformant un simple objet en une \u0153uvre d&rsquo;art.<\/p>\n<p>La structure en bois, en plus de le rendre l\u00e9ger, le rend r\u00e9sistant, garantissant sa durabilit\u00e9 et sa fonctionnalit\u00e9 comme accessoire quotidien. Il est id\u00e9al pour garder les cl\u00e9s organis\u00e9es, ajoutant une touche personnelle et unique \u00e0 votre collection. Ce porte-cl\u00e9s avec la lettre J est bien plus qu&rsquo;un simple souvenir ; c&rsquo;est un rappel tangible de la culture hispanique que vous pourrez emporter partout avec vous.<\/p>\n<p>Chez Ol\u00e9 Mosaic, nous nous consacrons \u00e0 la distribution de souvenirs en gros, offrant des produits authentiques qui repr\u00e9sentent les traditions de l&rsquo;Espagne. Ce porte-cl\u00e9s est une excellente option pour les boutiques de cadeaux touristiques qui recherchent des articles authentiques et m\u00e9morables, s&rsquo;av\u00e9rant attrayant pour ceux qui souhaitent emporter un petit morceau d&rsquo;Espagne.<\/p>\n","protected":false},"excerpt":{"rendered":"<p>Porte-cl\u00e9s en bois en forme de lettre J, d\u00e9cor\u00e9 d&rsquo;un design attrayant d&rsquo;azulejos de style traditionnel et color\u00e9. Ce porte-cl\u00e9s pr\u00e9sente de multiples motifs floraux et g\u00e9om\u00e9triques inspir\u00e9s de la riche culture hispanique. Sa structure l\u00e9g\u00e8re et r\u00e9sistante en fait un accessoire pratique et d\u00e9coratif, id\u00e9al pour organiser vos cl\u00e9s. Parfait comme souvenir d&rsquo;Espagne, ce porte-cl\u00e9s ajoute une touche unique et personnelle \u00e0 votre collection.<\/p>\n","protected":false},"featured_media":9600,"template":"","meta":{"_acf_changed":false},"product_brand":[],"product_cat":[607],"product_tag":[614],"class_list":{"0":"post-31780","1":"product","2":"type-product","3":"status-publish","4":"has-post-thumbnail","6":"product_cat-porte-cles","7":"product_tag-lettres","8":"pa_motivo-lettre-j","10":"first","11":"instock","12":"shipping-taxable","13":"product-type-simple"},"acf":[],"_links":{"self":[{"href":"https:\/\/olemosaic.orbitalia.org\/fr\/wp-json\/wp\/v2\/product\/31780","targetHints":{"allow":["GET"]}}],"collection":[{"href":"https:\/\/olemosaic.orbitalia.org\/fr\/wp-json\/wp\/v2\/product"}],"about":[{"href":"https:\/\/olemosaic.orbitalia.org\/fr\/wp-json\/wp\/v2\/types\/product"}],"wp:featuredmedia":[{"embeddable":true,"href":"https:\/\/olemosaic.orbitalia.org\/fr\/wp-json\/wp\/v2\/media\/9600"}],"wp:attachment":[{"href":"https:\/\/olemosaic.orbitalia.org\/fr\/wp-json\/wp\/v2\/media?parent=31780"}],"wp:term":[{"taxonomy":"product_brand","embeddable":true,"href":"https:\/\/olemosaic.orbitalia.org\/fr\/wp-json\/wp\/v2\/product_brand?post=31780"},{"taxonomy":"product_cat","embeddable":true,"href":"https:\/\/olemosaic.orbitalia.org\/fr\/wp-json\/wp\/v2\/product_cat?post=31780"},{"taxonomy":"product_tag","embeddable":true,"href":"https:\/\/olemosaic.orbitalia.org\/fr\/wp-json\/wp\/v2\/product_tag?post=31780"}],"curies":[{"name":"wp","href":"https:\/\/api.w.org\/{rel}","templated":true}]}}