{"id":31773,"date":"2025-02-20T23:33:36","date_gmt":"2025-02-20T22:33:36","guid":{"rendered":"https:\/\/olemosaic.orbitalia.org\/producto\/llavero-de-madera-letra-j-madrid\/"},"modified":"2025-07-25T19:54:20","modified_gmt":"2025-07-25T17:54:20","slug":"porte-cles-en-bois-lettre-j-madrid","status":"publish","type":"product","link":"https:\/\/olemosaic.orbitalia.org\/fr\/produit\/porte-cles-en-bois-lettre-j-madrid\/","title":{"rendered":"Porte-cl\u00e9s en bois. Lettre J. Madrid."},"content":{"rendered":"<p>Ce porte-cl\u00e9s en bois en forme de lettre J est un charmant souvenir qui c\u00e9l\u00e8bre la culture vibrante de Madrid. \u00c9labor\u00e9 avec soin et pr\u00e9cision, chaque porte-cl\u00e9s est peint \u00e0 la main et pr\u00e9sente une illustration color\u00e9e incluant des \u00e9l\u00e9ments embl\u00e9matiques tels que la c\u00e9l\u00e8bre horloge de la Puerta del Sol, un symbole central de la vie madril\u00e8ne. Le design en mosa\u00efque souligne la richesse artistique de la ville, utilisant une palette de couleurs vibrantes qui capturent l&rsquo;essence dynamique de la capitale espagnole.<\/p>\n<p>La lettre J ne repr\u00e9sente pas seulement une initiale, mais aussi un lien personnel avec Madrid, faisant de ce porte-cl\u00e9s un souvenir unique et significatif. Chaque fois que vous utiliserez ce porte-cl\u00e9s, vous vous rappellerez des moments v\u00e9cus dans cette m\u00e9tropole pleine d&rsquo;histoire, d&rsquo;art et de traditions. De plus, sa taille compacte le rend id\u00e9al pour \u00eatre port\u00e9 sur n&rsquo;importe quel trousseau de cl\u00e9s ou sac \u00e0 dos, devenant un rappel quotidien de la beaut\u00e9 madril\u00e8ne.<\/p>\n<p>Chez Ol\u00e9 Mosaic, nous sommes fiers de proposer des souvenirs authentiques de Madrid, comme cet attrayant porte-cl\u00e9s en bois, parfait pour les touristes et les collectionneurs. Ce produit n&rsquo;est pas seulement un excellent cadeau, mais aussi un exemplaire repr\u00e9sentatif de la richesse culturelle de la ville, ce qui en fait une excellente option pour les boutiques de cadeaux touristiques cherchant \u00e0 favoriser des liens significatifs avec les visiteurs. En tant que grossistes de souvenirs, nous garantissons la qualit\u00e9 et la singularit\u00e9 de chaque pi\u00e8ce de notre collection.<\/p>\n","protected":false},"excerpt":{"rendered":"<p>Porte-cl\u00e9s en bois en forme de lettre J, repr\u00e9sentant des \u00e9l\u00e9ments embl\u00e9matiques de Madrid. Ce porte-cl\u00e9s attrayant pr\u00e9sente une illustration color\u00e9e incluant la c\u00e9l\u00e8bre horloge de la Puerta del Sol et un design en mosa\u00efque qui met en valeur la culture madril\u00e8ne. Peint dans un style artisanal avec diverses couleurs vibrantes, il est id\u00e9al pour se souvenir de l&rsquo;essence de la capitale espagnole \u00e0 chaque utilisation. Parfait comme souvenir ou cadeau.<\/p>\n","protected":false},"featured_media":10842,"template":"","meta":{"_acf_changed":false},"product_brand":[],"product_cat":[607],"product_tag":[614],"class_list":{"0":"post-31773","1":"product","2":"type-product","3":"status-publish","4":"has-post-thumbnail","6":"product_cat-porte-cles","7":"product_tag-lettres","8":"pa_ciudad-madrid","9":"pa_motivo-lettre-j","10":"pa_pais-espana","12":"first","13":"instock","14":"shipping-taxable","15":"product-type-simple"},"acf":[],"_links":{"self":[{"href":"https:\/\/olemosaic.orbitalia.org\/fr\/wp-json\/wp\/v2\/product\/31773","targetHints":{"allow":["GET"]}}],"collection":[{"href":"https:\/\/olemosaic.orbitalia.org\/fr\/wp-json\/wp\/v2\/product"}],"about":[{"href":"https:\/\/olemosaic.orbitalia.org\/fr\/wp-json\/wp\/v2\/types\/product"}],"wp:featuredmedia":[{"embeddable":true,"href":"https:\/\/olemosaic.orbitalia.org\/fr\/wp-json\/wp\/v2\/media\/10842"}],"wp:attachment":[{"href":"https:\/\/olemosaic.orbitalia.org\/fr\/wp-json\/wp\/v2\/media?parent=31773"}],"wp:term":[{"taxonomy":"product_brand","embeddable":true,"href":"https:\/\/olemosaic.orbitalia.org\/fr\/wp-json\/wp\/v2\/product_brand?post=31773"},{"taxonomy":"product_cat","embeddable":true,"href":"https:\/\/olemosaic.orbitalia.org\/fr\/wp-json\/wp\/v2\/product_cat?post=31773"},{"taxonomy":"product_tag","embeddable":true,"href":"https:\/\/olemosaic.orbitalia.org\/fr\/wp-json\/wp\/v2\/product_tag?post=31773"}],"curies":[{"name":"wp","href":"https:\/\/api.w.org\/{rel}","templated":true}]}}