{"id":31772,"date":"2025-02-20T23:33:36","date_gmt":"2025-02-20T22:33:36","guid":{"rendered":"https:\/\/olemosaic.orbitalia.org\/producto\/llavero-de-madera-letra-j-barcelona\/"},"modified":"2025-07-25T19:18:17","modified_gmt":"2025-07-25T17:18:17","slug":"porte-cles-en-bois-lettre-j-barcelone","status":"publish","type":"product","link":"https:\/\/olemosaic.orbitalia.org\/fr\/produit\/porte-cles-en-bois-lettre-j-barcelone\/","title":{"rendered":"Porte-cl\u00e9s en bois. Lettre J. Barcelone."},"content":{"rendered":"<p>Ce porte-cl\u00e9s en bois en forme de lettre J est un v\u00e9ritable hommage \u00e0 la ville vibrante de Barcelone. Avec un design color\u00e9 et attrayant, ce porte-cl\u00e9s est parfait pour emporter avec soi un morceau de la culture catalane. La lettre J est orn\u00e9e de motifs vibrants inspir\u00e9s de l&#8217;embl\u00e9matique Sagrada Familia, qui se dresse majestueusement sur l&rsquo;horizon de la ville. Les d\u00e9tails sont peints \u00e0 la main dans des tons vifs de rouge, bleu et jaune, capturant l&rsquo;essence de l&rsquo;art et de l&rsquo;architecture barcelonaise. En plus de la Sagrada Familia, d&rsquo;autres \u00e9l\u00e9ments repr\u00e9sentatifs de la ville sont visibles, ajoutant une touche sp\u00e9ciale \u00e0 ce souvenir.<\/p>\n<p>Ce porte-cl\u00e9s n&rsquo;est pas seulement fonctionnel, il agit \u00e9galement comme un souvenir culturel significatif. Son design m\u00e9ticuleux et cr\u00e9atif en fait un cadeau id\u00e9al pour ceux qui souhaitent emporter un morceau de Barcelone, que ce soit comme souvenir personnel ou pour offrir \u00e0 des amis et \u00e0 la famille. Chez Ol\u00e9 Mosaic, nous nous consacrons \u00e0 la distribution de souvenirs en gros, et ce porte-cl\u00e9s en bois est une excellente option pour les boutiques de cadeaux touristiques \u00e0 la recherche de produits authentiques et de qualit\u00e9. En tant que grossistes de souvenirs, nous garantissons que chaque pi\u00e8ce, comme ce charmant porte-cl\u00e9s, refl\u00e8te le riche patrimoine culturel de l&rsquo;Espagne. Parfait pour ceux qui recherchent un souvenir alliant art, fonctionnalit\u00e9 et authenticit\u00e9.<\/p>\n","protected":false},"excerpt":{"rendered":"<p>Porte-cl\u00e9s en bois en forme de lettre J, inspir\u00e9 par la beaut\u00e9 de Barcelone. Ce porte-cl\u00e9s attrayant pr\u00e9sente un design color\u00e9 avec des repr\u00e9sentations de l&#8217;embl\u00e9matique Sagrada Familia et d&rsquo;autres \u00e9l\u00e9ments culturels de la ville. Peint dans un style artisanal avec des d\u00e9tails vibrants en rouge, bleu et jaune, c&rsquo;est une fa\u00e7on unique d&#8217;emporter un morceau de Barcelone avec soi, ce qui en fait un excellent souvenir ou cadeau.<\/p>\n","protected":false},"featured_media":10521,"template":"","meta":{"_acf_changed":false},"product_brand":[],"product_cat":[607],"product_tag":[614],"class_list":{"0":"post-31772","1":"product","2":"type-product","3":"status-publish","4":"has-post-thumbnail","6":"product_cat-porte-cles","7":"product_tag-lettres","8":"pa_ciudad-barcelona","9":"pa_motivo-lettre-j","10":"pa_pais-espana","12":"first","13":"instock","14":"shipping-taxable","15":"product-type-simple"},"acf":[],"_links":{"self":[{"href":"https:\/\/olemosaic.orbitalia.org\/fr\/wp-json\/wp\/v2\/product\/31772","targetHints":{"allow":["GET"]}}],"collection":[{"href":"https:\/\/olemosaic.orbitalia.org\/fr\/wp-json\/wp\/v2\/product"}],"about":[{"href":"https:\/\/olemosaic.orbitalia.org\/fr\/wp-json\/wp\/v2\/types\/product"}],"wp:featuredmedia":[{"embeddable":true,"href":"https:\/\/olemosaic.orbitalia.org\/fr\/wp-json\/wp\/v2\/media\/10521"}],"wp:attachment":[{"href":"https:\/\/olemosaic.orbitalia.org\/fr\/wp-json\/wp\/v2\/media?parent=31772"}],"wp:term":[{"taxonomy":"product_brand","embeddable":true,"href":"https:\/\/olemosaic.orbitalia.org\/fr\/wp-json\/wp\/v2\/product_brand?post=31772"},{"taxonomy":"product_cat","embeddable":true,"href":"https:\/\/olemosaic.orbitalia.org\/fr\/wp-json\/wp\/v2\/product_cat?post=31772"},{"taxonomy":"product_tag","embeddable":true,"href":"https:\/\/olemosaic.orbitalia.org\/fr\/wp-json\/wp\/v2\/product_tag?post=31772"}],"curies":[{"name":"wp","href":"https:\/\/api.w.org\/{rel}","templated":true}]}}