{"id":31770,"date":"2025-02-20T23:33:36","date_gmt":"2025-02-20T22:33:36","guid":{"rendered":"https:\/\/olemosaic.orbitalia.org\/producto\/llavero-de-madera-letra-h-2\/"},"modified":"2025-07-25T19:38:14","modified_gmt":"2025-07-25T17:38:14","slug":"porte-cles-en-bois-lettre-h-2","status":"publish","type":"product","link":"https:\/\/olemosaic.orbitalia.org\/fr\/produit\/porte-cles-en-bois-lettre-h-2\/","title":{"rendered":"Porte-cl\u00e9s en bois. Lettre H. C\u00e9ramique espagnole."},"content":{"rendered":"<p>Ce porte-cl\u00e9s en bois avec la lettre H est un souvenir vibrant et authentique qui capture l&rsquo;essence de la riche culture espagnole. Avec un design \u00e9labor\u00e9 combinant des mosa\u00efques traditionnelles color\u00e9es, chaque d\u00e9tail est m\u00e9ticuleusement peint \u00e0 la main, mettant en avant des motifs floraux et g\u00e9om\u00e9triques qui \u00e9voquent la c\u00e9l\u00e8bre c\u00e9ramique de la r\u00e9gion. Sa structure l\u00e9g\u00e8re mais r\u00e9sistante garantit que ce porte-cl\u00e9s est non seulement esth\u00e9tiquement attrayant, mais aussi fonctionnel, s\u00e9curisant vos cl\u00e9s avec un anneau m\u00e9tallique pratique. Ce porte-cl\u00e9s est plus qu&rsquo;un simple accessoire ; c&rsquo;est un symbole de l&rsquo;h\u00e9ritage artistique espagnol, id\u00e9al pour ceux qui recherchent des souvenirs authentiques de leur passage en Espagne.<\/p>\n<p>La lettre H, con\u00e7ue avec des couleurs vives et des motifs uniques, refl\u00e8te la diversit\u00e9 du patrimoine culturel espagnol, faisant de ce porte-cl\u00e9s un excellent cadeau pour les touristes souhaitant ramener un morceau de cette histoire chez eux. Chez Ol\u00e9 Mosaic, nous nous consacrons \u00e0 la distribution de souvenirs en gros, et ce porte-cl\u00e9s est une option parfaite pour les boutiques de cadeaux touristiques cherchant \u00e0 offrir \u00e0 leurs clients un article significatif et d\u00e9coratif. En tant que grossistes de souvenirs, nous assurons la qualit\u00e9 et l&rsquo;authenticit\u00e9 de chaque produit, offrant des souvenirs inoubliables d&rsquo;Espagne.<\/p>\n","protected":false},"excerpt":{"rendered":"<p>Porte-cl\u00e9s en bois en forme de lettre H, orn\u00e9 de mosa\u00efques traditionnelles color\u00e9es. Ce porte-cl\u00e9s attrayant pr\u00e9sente un design vibrant avec des motifs floraux et g\u00e9om\u00e9triques \u00e9voquant le riche h\u00e9ritage culturel de la c\u00e9ramique espagnole. Sa structure l\u00e9g\u00e8re et r\u00e9sistante, ainsi qu&rsquo;un anneau m\u00e9tallique pour s\u00e9curiser vos cl\u00e9s, en font un souvenir fonctionnel et esth\u00e9tique, id\u00e9al pour se souvenir de l&rsquo;essence de l&rsquo;Espagne.<\/p>\n","protected":false},"featured_media":9598,"template":"","meta":{"_acf_changed":false},"product_brand":[],"product_cat":[607],"product_tag":[614],"class_list":{"0":"post-31770","1":"product","2":"type-product","3":"status-publish","4":"has-post-thumbnail","6":"product_cat-porte-cles","7":"product_tag-lettres","8":"pa_motivo-lettre-h","10":"first","11":"instock","12":"shipping-taxable","13":"product-type-simple"},"acf":[],"_links":{"self":[{"href":"https:\/\/olemosaic.orbitalia.org\/fr\/wp-json\/wp\/v2\/product\/31770","targetHints":{"allow":["GET"]}}],"collection":[{"href":"https:\/\/olemosaic.orbitalia.org\/fr\/wp-json\/wp\/v2\/product"}],"about":[{"href":"https:\/\/olemosaic.orbitalia.org\/fr\/wp-json\/wp\/v2\/types\/product"}],"wp:featuredmedia":[{"embeddable":true,"href":"https:\/\/olemosaic.orbitalia.org\/fr\/wp-json\/wp\/v2\/media\/9598"}],"wp:attachment":[{"href":"https:\/\/olemosaic.orbitalia.org\/fr\/wp-json\/wp\/v2\/media?parent=31770"}],"wp:term":[{"taxonomy":"product_brand","embeddable":true,"href":"https:\/\/olemosaic.orbitalia.org\/fr\/wp-json\/wp\/v2\/product_brand?post=31770"},{"taxonomy":"product_cat","embeddable":true,"href":"https:\/\/olemosaic.orbitalia.org\/fr\/wp-json\/wp\/v2\/product_cat?post=31770"},{"taxonomy":"product_tag","embeddable":true,"href":"https:\/\/olemosaic.orbitalia.org\/fr\/wp-json\/wp\/v2\/product_tag?post=31770"}],"curies":[{"name":"wp","href":"https:\/\/api.w.org\/{rel}","templated":true}]}}