{"id":31761,"date":"2025-02-20T23:33:35","date_gmt":"2025-02-20T22:33:35","guid":{"rendered":"https:\/\/olemosaic.orbitalia.org\/producto\/llavero-de-madera-letra-g-madrid\/"},"modified":"2025-07-25T19:46:02","modified_gmt":"2025-07-25T17:46:02","slug":"porte-cles-en-bois-lettre-g-madrid","status":"publish","type":"product","link":"https:\/\/olemosaic.orbitalia.org\/fr\/produit\/porte-cles-en-bois-lettre-g-madrid\/","title":{"rendered":"Porte-cl\u00e9s en bois. Lettre G. Madrid."},"content":{"rendered":"<p>Ce porte-cl\u00e9s en bois en forme de lettre G est un charmant souvenir inspir\u00e9 par la ville vibrante de Madrid, con\u00e7u pour capturer l&rsquo;essence culturelle de la capitale espagnole. Ce design original pr\u00e9sente une mosa\u00efque color\u00e9e qui inclut des \u00e9l\u00e9ments embl\u00e9matiques de la ville, comme le chien embl\u00e9matique du film \u00ab\u00a0Le Voleur de bicyclette\u00a0\u00bb et le c\u00e9l\u00e8bre b\u00e2timent de l&rsquo;horloge de la Puerta del Sol, un symbole historique qui marque le c\u0153ur de Madrid. Peint \u00e0 la main, le porte-cl\u00e9s combine des tons vifs comme le bleu et le jaune, cr\u00e9ant un contraste captivant qui attire le regard.<\/p>\n<p>L&rsquo;attention port\u00e9e aux d\u00e9tails dans les dessins et les couleurs souligne non seulement la cr\u00e9ativit\u00e9 des artisans, mais symbolise \u00e9galement la riche histoire et la diversit\u00e9 culturelle de Madrid, faisant de ce porte-cl\u00e9s un souvenir significatif pour quiconque a visit\u00e9 la ville. Ce porte-cl\u00e9s en forme de lettre est plus qu&rsquo;un simple accessoire ; c&rsquo;est un hommage \u00e0 la vie et \u00e0 l&rsquo;esprit madril\u00e8ne.<\/p>\n<p>Chez Ol\u00e9 Mosaic, nous sommes sp\u00e9cialis\u00e9s dans la distribution de souvenirs en gros, et ce porte-cl\u00e9s repr\u00e9sente une option id\u00e9ale pour les boutiques de cadeaux touristiques cherchant \u00e0 offrir des produits authentiques et repr\u00e9sentatifs. C&rsquo;est un souvenir parfait de Madrid, id\u00e9al pour les touristes souhaitant emporter un morceau de la ville sous forme d&rsquo;art et de culture, se souvenant toujours de leur visite dans cette magnifique capitale. En tant que grossistes de souvenirs, nous garantissons la qualit\u00e9 et l&rsquo;originalit\u00e9 de chaque pi\u00e8ce que nous proposons.<\/p>\n","protected":false},"excerpt":{"rendered":"<p>Porte-cl\u00e9s en bois en forme de lettre G, inspir\u00e9 par Madrid. Ce design original pr\u00e9sente une mosa\u00efque vibrante qui inclut des \u00e9l\u00e9ments embl\u00e9matiques comme le c\u00e9l\u00e8bre chien du film \u00ab\u00a0Le Voleur de bicyclette\u00a0\u00bb et des d\u00e9tails de l&#8217;embl\u00e9matique b\u00e2timent de l&rsquo;horloge de la Puerta del Sol. Peint dans un style artisanal, le porte-cl\u00e9s combine des couleurs vives comme le bleu et le jaune, capturant l&rsquo;essence culturelle de la capitale espagnole. Un souvenir parfait pour se souvenir de votre visite \u00e0 Madrid.<\/p>\n","protected":false},"featured_media":10839,"template":"","meta":{"_acf_changed":false},"product_brand":[],"product_cat":[607],"product_tag":[614],"class_list":{"0":"post-31761","1":"product","2":"type-product","3":"status-publish","4":"has-post-thumbnail","6":"product_cat-porte-cles","7":"product_tag-lettres","8":"pa_ciudad-madrid","9":"pa_motivo-lettre-g","10":"pa_pais-espana","12":"first","13":"instock","14":"shipping-taxable","15":"product-type-simple"},"acf":[],"_links":{"self":[{"href":"https:\/\/olemosaic.orbitalia.org\/fr\/wp-json\/wp\/v2\/product\/31761","targetHints":{"allow":["GET"]}}],"collection":[{"href":"https:\/\/olemosaic.orbitalia.org\/fr\/wp-json\/wp\/v2\/product"}],"about":[{"href":"https:\/\/olemosaic.orbitalia.org\/fr\/wp-json\/wp\/v2\/types\/product"}],"wp:featuredmedia":[{"embeddable":true,"href":"https:\/\/olemosaic.orbitalia.org\/fr\/wp-json\/wp\/v2\/media\/10839"}],"wp:attachment":[{"href":"https:\/\/olemosaic.orbitalia.org\/fr\/wp-json\/wp\/v2\/media?parent=31761"}],"wp:term":[{"taxonomy":"product_brand","embeddable":true,"href":"https:\/\/olemosaic.orbitalia.org\/fr\/wp-json\/wp\/v2\/product_brand?post=31761"},{"taxonomy":"product_cat","embeddable":true,"href":"https:\/\/olemosaic.orbitalia.org\/fr\/wp-json\/wp\/v2\/product_cat?post=31761"},{"taxonomy":"product_tag","embeddable":true,"href":"https:\/\/olemosaic.orbitalia.org\/fr\/wp-json\/wp\/v2\/product_tag?post=31761"}],"curies":[{"name":"wp","href":"https:\/\/api.w.org\/{rel}","templated":true}]}}