{"id":31759,"date":"2025-02-20T22:33:35","date_gmt":"2025-02-20T22:33:35","guid":{"rendered":"https:\/\/olemosaic.orbitalia.org\/producto\/llavero-de-madera-letra-g-mosaico\/"},"modified":"2025-07-25T20:22:19","modified_gmt":"2025-07-25T18:22:19","slug":"porte-cles-en-bois-lettre-g-mosaique","status":"publish","type":"product","link":"https:\/\/olemosaic.orbitalia.org\/fr\/produit\/porte-cles-en-bois-lettre-g-mosaique\/","title":{"rendered":"Porte-cl\u00e9s en bois. Lettre G. Mosa\u00efque."},"content":{"rendered":"<p>Ce porte-cl\u00e9s en bois en forme de lettre G est un souvenir distinctif et vibrant qui capture l&rsquo;essence de l&rsquo;art de la mosa\u00efque espagnole. D\u00e9cor\u00e9 d&rsquo;un design captivant, il pr\u00e9sente une palette anim\u00e9e de couleurs vives dispos\u00e9es selon un motif de formes g\u00e9om\u00e9triques irr\u00e9guli\u00e8res qui \u00e9voquent la riche tradition c\u00e9ramique de r\u00e9gions comme l&rsquo;Andalousie et l&rsquo;\u0153uvre de Gaud\u00ed \u00e0 Barcelone. La lettre G, symbole personnalisable, en fait une pi\u00e8ce unique et sp\u00e9ciale, parfaite pour ceux qui souhaitent emporter avec eux un souvenir significatif de leur voyage en Espagne.<\/p>\n<p>La finition polie du porte-cl\u00e9s souligne encore plus les couleurs intenses de la mosa\u00efque, tandis que le bois de qualit\u00e9 garantit un accessoire durable et r\u00e9sistant \u00e0 l&rsquo;usage quotidien. Ce porte-cl\u00e9s n&rsquo;est pas seulement pratique pour organiser les cl\u00e9s, il ajoute \u00e9galement une touche de personnalit\u00e9 aux sacs \u00e0 dos et aux sacs, devenant ainsi un excellent \u00e9l\u00e9ment d\u00e9coratif. Ce souvenir espagnol est un choix id\u00e9al pour les touristes \u00e0 la recherche d&rsquo;un souvenir authentique et souhaitant repr\u00e9senter la riche culture espagnole dans leur vie quotidienne.<\/p>\n<p>Chez Ol\u00e9 Mosaic, nous sommes sp\u00e9cialis\u00e9s dans la distribution de souvenirs en gros, offrant des produits qui refl\u00e8tent la tradition et l&rsquo;artisanat de l&rsquo;Espagne. Ce porte-cl\u00e9s est une option parfaite pour les boutiques de cadeaux touristiques cherchant \u00e0 offrir quelque chose d&rsquo;unique et de captivant \u00e0 leurs clients, devenant un excellent article pour toute collection de souvenirs.<\/p>\n","protected":false},"excerpt":{"rendered":"<p>Porte-cl\u00e9s en bois en forme de lettre G, d\u00e9cor\u00e9 d&rsquo;un design de mosa\u00efque vibrant. Ce porte-cl\u00e9s attrayant pr\u00e9sente une vari\u00e9t\u00e9 de couleurs vives dispos\u00e9es selon un motif de formes g\u00e9om\u00e9triques irr\u00e9guli\u00e8res, \u00e9voquant le style artistique typique de la c\u00e9ramique espagnole. Sa finition polie et l&rsquo;utilisation de mat\u00e9riaux de qualit\u00e9 en font un accessoire durable et frappant, id\u00e9al pour ajouter une touche de personnalit\u00e9 \u00e0 vos cl\u00e9s ou \u00e0 votre sac \u00e0 dos.<\/p>\n","protected":false},"featured_media":10757,"template":"","meta":{"_acf_changed":false},"product_brand":[],"product_cat":[607],"product_tag":[614],"class_list":{"0":"post-31759","1":"product","2":"type-product","3":"status-publish","4":"has-post-thumbnail","6":"product_cat-porte-cles","7":"product_tag-lettres","8":"pa_motivo-lettre-g","10":"first","11":"instock","12":"shipping-taxable","13":"product-type-simple"},"acf":[],"_links":{"self":[{"href":"https:\/\/olemosaic.orbitalia.org\/fr\/wp-json\/wp\/v2\/product\/31759","targetHints":{"allow":["GET"]}}],"collection":[{"href":"https:\/\/olemosaic.orbitalia.org\/fr\/wp-json\/wp\/v2\/product"}],"about":[{"href":"https:\/\/olemosaic.orbitalia.org\/fr\/wp-json\/wp\/v2\/types\/product"}],"wp:featuredmedia":[{"embeddable":true,"href":"https:\/\/olemosaic.orbitalia.org\/fr\/wp-json\/wp\/v2\/media\/10757"}],"wp:attachment":[{"href":"https:\/\/olemosaic.orbitalia.org\/fr\/wp-json\/wp\/v2\/media?parent=31759"}],"wp:term":[{"taxonomy":"product_brand","embeddable":true,"href":"https:\/\/olemosaic.orbitalia.org\/fr\/wp-json\/wp\/v2\/product_brand?post=31759"},{"taxonomy":"product_cat","embeddable":true,"href":"https:\/\/olemosaic.orbitalia.org\/fr\/wp-json\/wp\/v2\/product_cat?post=31759"},{"taxonomy":"product_tag","embeddable":true,"href":"https:\/\/olemosaic.orbitalia.org\/fr\/wp-json\/wp\/v2\/product_tag?post=31759"}],"curies":[{"name":"wp","href":"https:\/\/api.w.org\/{rel}","templated":true}]}}