{"id":31731,"date":"2025-02-20T23:33:34","date_gmt":"2025-02-20T22:33:34","guid":{"rendered":"https:\/\/olemosaic.orbitalia.org\/producto\/llavero-de-madera-letra-b-barcelona-2\/"},"modified":"2025-07-25T20:02:09","modified_gmt":"2025-07-25T18:02:09","slug":"porte-cles-en-bois-lettre-b-barcelone-2","status":"publish","type":"product","link":"https:\/\/olemosaic.orbitalia.org\/fr\/produit\/porte-cles-en-bois-lettre-b-barcelone-2\/","title":{"rendered":"Porte-cl\u00e9s en bois. Lettre B. Mosa\u00efque. Barcelone."},"content":{"rendered":"<p>Ce porte-cl\u00e9s en bois en forme de lettre B est un souvenir repr\u00e9sentatif et \u00e9l\u00e9gant de la ville embl\u00e9matique de Barcelone. Con\u00e7u avec soin, cet accessoire n&rsquo;est pas seulement pratique, il capture \u00e9galement l&rsquo;essence du modernisme catalan \u00e0 travers son illustration vibrante de la Sagrada Familia. Les tours, dans des tons de rouge, jaune et vert, s&rsquo;\u00e9l\u00e8vent majestueusement et sont accompagn\u00e9es d&rsquo;une mosa\u00efque color\u00e9e \u00e9voquant le style distinctif d&rsquo;Antoni Gaud\u00ed. Chaque d\u00e9tail a \u00e9t\u00e9 soigneusement peint \u00e0 la main, soulignant le d\u00e9vouement artisanal qui caract\u00e9rise ce produit.<\/p>\n<p>La lettre B sert d&rsquo;hommage \u00e0 Barcelone, une ville c\u00e9l\u00e8bre pour sa riche histoire culturelle et architecturale. Ce porte-cl\u00e9s, en plus d&rsquo;\u00eatre un article fonctionnel, devient un v\u00e9ritable morceau d&rsquo;art que les touristes peuvent emporter avec eux, se rappelant leur visite dans l&rsquo;une des destinations les plus embl\u00e9matiques d&rsquo;Europe. Chez Ol\u00e9 Mosaic, nous sommes fiers de proposer des articles qui refl\u00e8tent l&rsquo;authenticit\u00e9 et l&rsquo;esprit du lieu d&rsquo;origine. Ce porte-cl\u00e9s est un choix parfait pour les boutiques de souvenirs cherchant \u00e0 attirer les visiteurs avec des produits uniques et repr\u00e9sentatifs. En tant que grossistes de souvenirs, nous garantissons la qualit\u00e9 et le design de chaque pi\u00e8ce, faisant de ce porte-cl\u00e9s une excellente alternative pour ceux qui recherchent un souvenir inoubliable de Barcelone.<\/p>\n","protected":false},"excerpt":{"rendered":"<p>Porte-cl\u00e9s en bois en forme de lettre B, inspir\u00e9 par la ville embl\u00e9matique de Barcelone. Le design pr\u00e9sente une illustration vibrante de la Sagrada Familia, avec ses tours en rouge, jaune et vert, ainsi qu&rsquo;une mosa\u00efque color\u00e9e et des d\u00e9tails de style moderniste. La pi\u00e8ce b\u00e9n\u00e9ficie d&rsquo;un design artisanal soign\u00e9, peint \u00e0 la main, soulignant la richesse culturelle de la ville. Un souvenir parfait qui capture l&rsquo;essence de Barcelone dans un accessoire pratique.<\/p>\n","protected":false},"featured_media":10487,"template":"","meta":{"_acf_changed":false},"product_brand":[],"product_cat":[607],"product_tag":[614],"class_list":{"0":"post-31731","1":"product","2":"type-product","3":"status-publish","4":"has-post-thumbnail","6":"product_cat-porte-cles","7":"product_tag-lettres","8":"pa_ciudad-barcelona","9":"pa_motivo-lettre-b","10":"pa_pais-espana","12":"first","13":"instock","14":"shipping-taxable","15":"product-type-simple"},"acf":[],"_links":{"self":[{"href":"https:\/\/olemosaic.orbitalia.org\/fr\/wp-json\/wp\/v2\/product\/31731","targetHints":{"allow":["GET"]}}],"collection":[{"href":"https:\/\/olemosaic.orbitalia.org\/fr\/wp-json\/wp\/v2\/product"}],"about":[{"href":"https:\/\/olemosaic.orbitalia.org\/fr\/wp-json\/wp\/v2\/types\/product"}],"wp:featuredmedia":[{"embeddable":true,"href":"https:\/\/olemosaic.orbitalia.org\/fr\/wp-json\/wp\/v2\/media\/10487"}],"wp:attachment":[{"href":"https:\/\/olemosaic.orbitalia.org\/fr\/wp-json\/wp\/v2\/media?parent=31731"}],"wp:term":[{"taxonomy":"product_brand","embeddable":true,"href":"https:\/\/olemosaic.orbitalia.org\/fr\/wp-json\/wp\/v2\/product_brand?post=31731"},{"taxonomy":"product_cat","embeddable":true,"href":"https:\/\/olemosaic.orbitalia.org\/fr\/wp-json\/wp\/v2\/product_cat?post=31731"},{"taxonomy":"product_tag","embeddable":true,"href":"https:\/\/olemosaic.orbitalia.org\/fr\/wp-json\/wp\/v2\/product_tag?post=31731"}],"curies":[{"name":"wp","href":"https:\/\/api.w.org\/{rel}","templated":true}]}}