{"id":31730,"date":"2025-02-20T22:33:34","date_gmt":"2025-02-20T22:33:34","guid":{"rendered":"https:\/\/olemosaic.orbitalia.org\/producto\/llavero-de-madera-letra-z-mosaico\/"},"modified":"2025-07-25T18:43:27","modified_gmt":"2025-07-25T16:43:27","slug":"porte-cles-en-bois-lettre-z-mosaique","status":"publish","type":"product","link":"https:\/\/olemosaic.orbitalia.org\/fr\/produit\/porte-cles-en-bois-lettre-z-mosaique\/","title":{"rendered":"Porte-cl\u00e9s en bois. Lettre Z. Mosa\u00efque."},"content":{"rendered":"<p>Ce porte-cl\u00e9s en bois en forme de lettre \u00ab\u00a0Z\u00a0\u00bb est une repr\u00e9sentation exquise de l&rsquo;art de la mosa\u00efque espagnole, \u00e9voquant la riche tradition artistique qui caract\u00e9rise l&rsquo;Espagne. Avec un design vibrant combinant des couleurs telles que le rouge, le vert, le jaune et le bleu, il pr\u00e9sente un motif g\u00e9om\u00e9trique qui souligne son originalit\u00e9 et capture l&rsquo;essence color\u00e9e et joyeuse de la culture espagnole. La finition en bois garantit la durabilit\u00e9, et son \u00e9l\u00e9gant fermoir m\u00e9tallique permet de l&rsquo;utiliser de mani\u00e8re pratique et stylis\u00e9e sur n&rsquo;importe quel trousseau de cl\u00e9s, en faisant un accessoire fonctionnel et attrayant.<\/p>\n<p>Ce souvenir est id\u00e9al aussi bien comme souvenir personnel que comme cadeau pour vos proches, symbolisant une connexion culturelle authentique avec l&rsquo;Espagne la plus traditionnelle. Il s&rsquo;inspire du c\u00e9l\u00e8bre art de la mosa\u00efque que l&rsquo;on peut admirer dans de nombreuses \u0153uvres architecturales, des rues de Barcelone aux patios d&rsquo;Andalousie, faisant de chaque porte-cl\u00e9s une pi\u00e8ce unique de l&rsquo;identit\u00e9 espagnole.<\/p>\n<p>Chez Ol\u00e9 Mosaic, nous nous sp\u00e9cialisons dans la distribution de souvenirs en gros, et ce porte-cl\u00e9s en mosa\u00efque n&rsquo;est pas seulement parfait pour les touristes \u00e0 la recherche d&rsquo;un souvenir repr\u00e9sentatif de leur visite, mais constitue \u00e9galement une excellente option pour les boutiques de cadeaux touristiques souhaitant proposer des produits authentiques. En tant que grossistes de souvenirs, nous garantissons la qualit\u00e9 et l&rsquo;originalit\u00e9 de chacun de nos designs.<\/p>\n","protected":false},"excerpt":{"rendered":"<p>Porte-cl\u00e9s en bois en forme de lettre \u00ab\u00a0Z\u00a0\u00bb, orn\u00e9 d&rsquo;une mosa\u00efque color\u00e9e \u00e9voquant la riche tradition artistique espagnole. Ce porte-cl\u00e9s attrayant pr\u00e9sente une combinaison vibrante de couleurs comme le rouge, le vert, le jaune et le bleu, cr\u00e9ant un design g\u00e9om\u00e9trique qui souligne son originalit\u00e9. Id\u00e9al comme souvenir ou cadeau, sa finition en bois assure la durabilit\u00e9, tandis que son fermoir m\u00e9tallique permet une utilisation pratique et stylis\u00e9e sur n&rsquo;importe quel trousseau de cl\u00e9s.<\/p>\n","protected":false},"featured_media":10776,"template":"","meta":{"_acf_changed":false},"product_brand":[],"product_cat":[607],"product_tag":[614],"class_list":{"0":"post-31730","1":"product","2":"type-product","3":"status-publish","4":"has-post-thumbnail","6":"product_cat-porte-cles","7":"product_tag-lettres","8":"pa_motivo-lettre-z","10":"first","11":"instock","12":"shipping-taxable","13":"product-type-simple"},"acf":[],"_links":{"self":[{"href":"https:\/\/olemosaic.orbitalia.org\/fr\/wp-json\/wp\/v2\/product\/31730","targetHints":{"allow":["GET"]}}],"collection":[{"href":"https:\/\/olemosaic.orbitalia.org\/fr\/wp-json\/wp\/v2\/product"}],"about":[{"href":"https:\/\/olemosaic.orbitalia.org\/fr\/wp-json\/wp\/v2\/types\/product"}],"wp:featuredmedia":[{"embeddable":true,"href":"https:\/\/olemosaic.orbitalia.org\/fr\/wp-json\/wp\/v2\/media\/10776"}],"wp:attachment":[{"href":"https:\/\/olemosaic.orbitalia.org\/fr\/wp-json\/wp\/v2\/media?parent=31730"}],"wp:term":[{"taxonomy":"product_brand","embeddable":true,"href":"https:\/\/olemosaic.orbitalia.org\/fr\/wp-json\/wp\/v2\/product_brand?post=31730"},{"taxonomy":"product_cat","embeddable":true,"href":"https:\/\/olemosaic.orbitalia.org\/fr\/wp-json\/wp\/v2\/product_cat?post=31730"},{"taxonomy":"product_tag","embeddable":true,"href":"https:\/\/olemosaic.orbitalia.org\/fr\/wp-json\/wp\/v2\/product_tag?post=31730"}],"curies":[{"name":"wp","href":"https:\/\/api.w.org\/{rel}","templated":true}]}}