{"id":31728,"date":"2025-02-20T23:33:34","date_gmt":"2025-02-20T22:33:34","guid":{"rendered":"https:\/\/olemosaic.orbitalia.org\/producto\/llavero-de-madera-letra-y-2\/"},"modified":"2025-07-25T19:17:12","modified_gmt":"2025-07-25T17:17:12","slug":"porte-cles-en-bois-lettre-y-andalousie","status":"publish","type":"product","link":"https:\/\/olemosaic.orbitalia.org\/fr\/produit\/porte-cles-en-bois-lettre-y-andalousie\/","title":{"rendered":"Porte-cl\u00e9s en bois. Lettre Y. Andalousie."},"content":{"rendered":"<p>Ce porte-cl\u00e9s en bois en forme de lettre \u00ab\u00a0Y\u00a0\u00bb est un souvenir charmant qui capture la riche tradition artistique de la c\u00e9ramique espagnole. Avec un design vibrant qui se distingue par ses motifs floraux et g\u00e9om\u00e9triques color\u00e9s, ce porte-cl\u00e9s est une repr\u00e9sentation authentique du folklore andalou. Chaque pi\u00e8ce est soigneusement r\u00e9alis\u00e9e avec un effet peint \u00e0 la main, utilisant une palette de couleurs \u00e9clatantes, avec une pr\u00e9dominance de rouge, de bleu et de jaune, qui \u00e9voquent la joie et le dynamisme de la culture espagnole.<\/p>\n<p>Le porte-cl\u00e9s n&rsquo;est pas seulement fonctionnel, il sert \u00e9galement de souvenir attrayant refl\u00e9tant l&rsquo;h\u00e9ritage culturel de l&rsquo;Espagne. Les motifs complexes qui ornent la lettre \u00ab\u00a0Y\u00a0\u00bb symbolisent l&rsquo;habilet\u00e9 et la cr\u00e9ativit\u00e9 de l&rsquo;art c\u00e9ramique espagnol, en faisant un article attrayant pour ceux qui recherchent un souvenir authentique du pays. Ce porte-cl\u00e9s est plus qu&rsquo;un simple accessoire ; c&rsquo;est un morceau d&rsquo;histoire que vous pouvez emporter avec vous.<\/p>\n<p>Chez Ol\u00e9 Mosaic, nous nous sp\u00e9cialisons dans la distribution en gros de souvenirs qui c\u00e9l\u00e8brent la culture espagnole. En tant que grossistes de porte-cl\u00e9s, nous proposons des produits qui se distinguent par leur qualit\u00e9, leur authenticit\u00e9 et leur valeur culturelle, id\u00e9aux pour les boutiques de cadeaux touristiques souhaitant enrichir leur offre. Ce porte-cl\u00e9s en bois est un excellent choix pour ceux qui recherchent des souvenirs raffin\u00e9s et repr\u00e9sentatifs de l&rsquo;Espagne.<\/p>\n","protected":false},"excerpt":{"rendered":"<p>Porte-cl\u00e9s en bois en forme de lettre \u00ab\u00a0Y\u00a0\u00bb, inspir\u00e9 de la riche tradition de la c\u00e9ramique espagnole. Cet \u00e9l\u00e9gant porte-cl\u00e9s pr\u00e9sente un design vibrant avec des motifs floraux et g\u00e9om\u00e9triques color\u00e9s, soigneusement peints \u00e0 la main et symbolisant le folklore andalou. Sa finition en rouge, bleu et jaune, ainsi que les motifs complexes, en font un souvenir attrayant et fonctionnel, id\u00e9al pour ceux qui recherchent un souvenir authentique de l&rsquo;Espagne.<\/p>\n","protected":false},"featured_media":9615,"template":"","meta":{"_acf_changed":false},"product_brand":[],"product_cat":[607],"product_tag":[614],"class_list":{"0":"post-31728","1":"product","2":"type-product","3":"status-publish","4":"has-post-thumbnail","6":"product_cat-porte-cles","7":"product_tag-lettres","8":"pa_motivo-lettre-y","10":"first","11":"instock","12":"shipping-taxable","13":"product-type-simple"},"acf":[],"_links":{"self":[{"href":"https:\/\/olemosaic.orbitalia.org\/fr\/wp-json\/wp\/v2\/product\/31728","targetHints":{"allow":["GET"]}}],"collection":[{"href":"https:\/\/olemosaic.orbitalia.org\/fr\/wp-json\/wp\/v2\/product"}],"about":[{"href":"https:\/\/olemosaic.orbitalia.org\/fr\/wp-json\/wp\/v2\/types\/product"}],"wp:featuredmedia":[{"embeddable":true,"href":"https:\/\/olemosaic.orbitalia.org\/fr\/wp-json\/wp\/v2\/media\/9615"}],"wp:attachment":[{"href":"https:\/\/olemosaic.orbitalia.org\/fr\/wp-json\/wp\/v2\/media?parent=31728"}],"wp:term":[{"taxonomy":"product_brand","embeddable":true,"href":"https:\/\/olemosaic.orbitalia.org\/fr\/wp-json\/wp\/v2\/product_brand?post=31728"},{"taxonomy":"product_cat","embeddable":true,"href":"https:\/\/olemosaic.orbitalia.org\/fr\/wp-json\/wp\/v2\/product_cat?post=31728"},{"taxonomy":"product_tag","embeddable":true,"href":"https:\/\/olemosaic.orbitalia.org\/fr\/wp-json\/wp\/v2\/product_tag?post=31728"}],"curies":[{"name":"wp","href":"https:\/\/api.w.org\/{rel}","templated":true}]}}