{"id":31724,"date":"2025-02-20T23:33:33","date_gmt":"2025-02-20T22:33:33","guid":{"rendered":"https:\/\/olemosaic.orbitalia.org\/producto\/llavero-de-madera-letra-w-barcelona\/"},"modified":"2025-07-25T18:46:16","modified_gmt":"2025-07-25T16:46:16","slug":"porte-cles-en-bois-lettre-w-barcelone","status":"publish","type":"product","link":"https:\/\/olemosaic.orbitalia.org\/fr\/produit\/porte-cles-en-bois-lettre-w-barcelone\/","title":{"rendered":"Porte-cl\u00e9s en bois. Lettre W. Barcelone."},"content":{"rendered":"<p>Ce porte-cl\u00e9s en bois en forme de lettre \u00ab\u00a0W\u00a0\u00bb est un souvenir authentique de Barcelone, con\u00e7u pour capturer l&rsquo;essence vibrante de cette ville embl\u00e9matique. Son design color\u00e9 met en avant la Sagrada Familia, une ic\u00f4ne architecturale de la ville, ainsi que d&rsquo;autres b\u00e2timents embl\u00e9matiques qui refl\u00e8tent le patrimoine culturel et artistique de Barcelone. Les d\u00e9tails peints \u00e0 la main lui conf\u00e8rent une finition unique et artisanale, montrant les formes modernes et traditionnelles qui caract\u00e9risent l&rsquo;architecture barcelonaise.<\/p>\n<p>Le porte-cl\u00e9s combine une esth\u00e9tique contemporaine avec un hommage \u00e0 la riche histoire de la ville, devenant un accessoire pratique et attrayant pour tout amateur de Barcelone. Sur l&rsquo;une de ses faces, la Sagrada Familia se dresse majestueusement dans des tons chauds, tandis que d&rsquo;autres \u00e9l\u00e9ments iconiques tels que la Casa Batll\u00f3 et le color\u00e9 Parc G\u00fcell sont visibles, cr\u00e9ant une mosa\u00efque visuelle qui invite \u00e0 se rem\u00e9morer des moments inoubliables dans cette m\u00e9tropole.<\/p>\n<p>En tant que souvenir, ce porte-cl\u00e9s n&rsquo;est pas seulement un objet fonctionnel, mais une repr\u00e9sentation tangible de la culture et de l&rsquo;histoire de Barcelone, id\u00e9al pour les touristes qui souhaitent emporter un petit morceau de la ville. Chez Ol\u00e9 Mosaic, nous sommes sp\u00e9cialis\u00e9s dans la distribution de souvenirs en gros, et ce porte-cl\u00e9s en bois est une excellente option pour les boutiques de cadeaux touristiques souhaitant proposer des produits authentiques et significatifs. C&rsquo;est le cadeau parfait pour ceux qui veulent se souvenir de leur visite dans l&rsquo;une des destinations les plus fascinantes d&rsquo;Espagne.<\/p>\n","protected":false},"excerpt":{"rendered":"<p>Porte-cl\u00e9s en bois en forme de lettre \u00ab\u00a0W\u00a0\u00bb, repr\u00e9sentant Barcelone. Ce porte-cl\u00e9s attrayant pr\u00e9sente un design color\u00e9 qui met en valeur la Sagrada Familia et d&rsquo;autres b\u00e2timents embl\u00e9matiques de la ville. D\u00e9cor\u00e9 de d\u00e9tails peints \u00e0 la main, le porte-cl\u00e9s combine des formes modernes et traditionnelles, capturant l&rsquo;essence architecturale de Barcelone. Id\u00e9al comme souvenir, c&rsquo;est un accessoire pratique et attrayant pour tout amateur de cette ville vibrante.<\/p>\n","protected":false},"featured_media":10534,"template":"","meta":{"_acf_changed":false},"product_brand":[],"product_cat":[607],"product_tag":[614],"class_list":{"0":"post-31724","1":"product","2":"type-product","3":"status-publish","4":"has-post-thumbnail","6":"product_cat-porte-cles","7":"product_tag-lettres","8":"pa_ciudad-barcelona","9":"pa_motivo-lettre-w","10":"pa_pais-espana","12":"first","13":"instock","14":"shipping-taxable","15":"product-type-simple"},"acf":[],"_links":{"self":[{"href":"https:\/\/olemosaic.orbitalia.org\/fr\/wp-json\/wp\/v2\/product\/31724","targetHints":{"allow":["GET"]}}],"collection":[{"href":"https:\/\/olemosaic.orbitalia.org\/fr\/wp-json\/wp\/v2\/product"}],"about":[{"href":"https:\/\/olemosaic.orbitalia.org\/fr\/wp-json\/wp\/v2\/types\/product"}],"wp:featuredmedia":[{"embeddable":true,"href":"https:\/\/olemosaic.orbitalia.org\/fr\/wp-json\/wp\/v2\/media\/10534"}],"wp:attachment":[{"href":"https:\/\/olemosaic.orbitalia.org\/fr\/wp-json\/wp\/v2\/media?parent=31724"}],"wp:term":[{"taxonomy":"product_brand","embeddable":true,"href":"https:\/\/olemosaic.orbitalia.org\/fr\/wp-json\/wp\/v2\/product_brand?post=31724"},{"taxonomy":"product_cat","embeddable":true,"href":"https:\/\/olemosaic.orbitalia.org\/fr\/wp-json\/wp\/v2\/product_cat?post=31724"},{"taxonomy":"product_tag","embeddable":true,"href":"https:\/\/olemosaic.orbitalia.org\/fr\/wp-json\/wp\/v2\/product_tag?post=31724"}],"curies":[{"name":"wp","href":"https:\/\/api.w.org\/{rel}","templated":true}]}}