{"id":31718,"date":"2025-02-20T23:33:33","date_gmt":"2025-02-20T22:33:33","guid":{"rendered":"https:\/\/olemosaic.orbitalia.org\/producto\/llavero-de-madera-letra-w-sevilla\/"},"modified":"2025-07-25T18:46:15","modified_gmt":"2025-07-25T16:46:15","slug":"porte-cles-en-bois-lettre-w-seville","status":"publish","type":"product","link":"https:\/\/olemosaic.orbitalia.org\/fr\/produit\/porte-cles-en-bois-lettre-w-seville\/","title":{"rendered":"Porte-cl\u00e9s en bois. Lettre W. S\u00e9ville."},"content":{"rendered":"<p>Ce porte-cl\u00e9s en bois en forme de lettre \u00ab\u00a0W\u00a0\u00bb est un souvenir charmant qui rend hommage \u00e0 la ville vibrante de S\u00e9ville. Avec un design peint \u00e0 la main, il pr\u00e9sente une illustration color\u00e9e combinant des \u00e9l\u00e9ments embl\u00e9matiques de la ville, tels que la majestueuse Giralda et les cal\u00e8ches tir\u00e9es par des chevaux, capturant l&rsquo;essence de la culture s\u00e9villane en un seul objet. La palette de couleurs vibrantes, avec des bleus, des jaunes et des rouges, apporte un air festif et joyeux, \u00e9voquant les traditions et le folklore andalou.<\/p>\n<p>Le porte-cl\u00e9s est m\u00e9ticuleusement d\u00e9cor\u00e9 de d\u00e9tails en mosa\u00efque qui soulignent son authenticit\u00e9 et en font un souvenir unique. Chaque aspect du design a \u00e9t\u00e9 pens\u00e9 pour offrir un souvenir significatif de la ville, parfait pour ceux qui cherchent \u00e0 emporter un petit morceau de S\u00e9ville avec eux. Ce porte-cl\u00e9s n&rsquo;est pas seulement fonctionnel, mais aussi un excellent article d\u00e9coratif qui se distingue par son artisanat \u00e9labor\u00e9.<\/p>\n<p>Chez Ol\u00e9 Mosaic, en tant que distributeurs de souvenirs en gros, nous proposons ce porte-cl\u00e9s de S\u00e9ville, id\u00e9al pour les boutiques de cadeaux touristiques recherchant des produits repr\u00e9sentatifs de la riche culture espagnole. Ce porte-cl\u00e9s en bois, en tant que souvenir de S\u00e9ville, est une option fantastique pour les touristes et les visiteurs qui souhaitent se souvenir de leur exp\u00e9rience dans cette belle ville andalouse.<\/p>\n","protected":false},"excerpt":{"rendered":"<p>Porte-cl\u00e9s en bois avec la lettre \u00ab\u00a0W\u00a0\u00bb repr\u00e9sentant S\u00e9ville. Ce porte-cl\u00e9s pr\u00e9sente une illustration color\u00e9e combinant des \u00e9l\u00e9ments embl\u00e9matiques de la ville, comme la Giralda et les cal\u00e8ches, dans un design artisanal vibrant, peint \u00e0 la main. Avec des d\u00e9tails de mosa\u00efque et une palette de couleurs incluant des bleus, des jaunes et des rouges, c&rsquo;est un souvenir unique qui capture l&rsquo;essence culturelle de S\u00e9ville. Un compl\u00e9ment id\u00e9al pour toujours porter un petit morceau de la ville avec soi.<\/p>\n","protected":false},"featured_media":10907,"template":"","meta":{"_acf_changed":false},"product_brand":[],"product_cat":[607],"product_tag":[530,614],"class_list":{"0":"post-31718","1":"product","2":"type-product","3":"status-publish","4":"has-post-thumbnail","6":"product_cat-porte-cles","7":"product_tag-animaux","8":"product_tag-lettres","9":"pa_ciudad-sevilla","10":"pa_motivo-lettre-w","11":"pa_pais-espana","13":"first","14":"instock","15":"shipping-taxable","16":"product-type-simple"},"acf":[],"_links":{"self":[{"href":"https:\/\/olemosaic.orbitalia.org\/fr\/wp-json\/wp\/v2\/product\/31718","targetHints":{"allow":["GET"]}}],"collection":[{"href":"https:\/\/olemosaic.orbitalia.org\/fr\/wp-json\/wp\/v2\/product"}],"about":[{"href":"https:\/\/olemosaic.orbitalia.org\/fr\/wp-json\/wp\/v2\/types\/product"}],"wp:featuredmedia":[{"embeddable":true,"href":"https:\/\/olemosaic.orbitalia.org\/fr\/wp-json\/wp\/v2\/media\/10907"}],"wp:attachment":[{"href":"https:\/\/olemosaic.orbitalia.org\/fr\/wp-json\/wp\/v2\/media?parent=31718"}],"wp:term":[{"taxonomy":"product_brand","embeddable":true,"href":"https:\/\/olemosaic.orbitalia.org\/fr\/wp-json\/wp\/v2\/product_brand?post=31718"},{"taxonomy":"product_cat","embeddable":true,"href":"https:\/\/olemosaic.orbitalia.org\/fr\/wp-json\/wp\/v2\/product_cat?post=31718"},{"taxonomy":"product_tag","embeddable":true,"href":"https:\/\/olemosaic.orbitalia.org\/fr\/wp-json\/wp\/v2\/product_tag?post=31718"}],"curies":[{"name":"wp","href":"https:\/\/api.w.org\/{rel}","templated":true}]}}