{"id":31717,"date":"2025-02-20T23:33:33","date_gmt":"2025-02-20T22:33:33","guid":{"rendered":"https:\/\/olemosaic.orbitalia.org\/producto\/llavero-de-madera-letra-v\/"},"modified":"2025-07-25T18:45:42","modified_gmt":"2025-07-25T16:45:42","slug":"porte-cles-en-bois-lettre-v","status":"publish","type":"product","link":"https:\/\/olemosaic.orbitalia.org\/fr\/produit\/porte-cles-en-bois-lettre-v\/","title":{"rendered":"Porte-cl\u00e9s en bois. Lettre V."},"content":{"rendered":"<p>Ce porte-cl\u00e9s en bois en forme de lettre \u00ab\u00a0V\u00a0\u00bb est un souvenir vibrant et authentique de Barcelone, id\u00e9al pour ceux qui souhaitent emporter avec eux un petit morceau du riche patrimoine culturel catalan. Con\u00e7u avec une mosa\u00efque color\u00e9e \u00e9voquant le style embl\u00e9matique de l&rsquo;architecte Antoni Gaud\u00ed, le porte-cl\u00e9s pr\u00e9sente un fond noir qui rehausse les tons brillants de bleu, rouge, jaune et vert, caract\u00e9ristiques de l&rsquo;art moderniste qui orne la ville. Chaque d\u00e9tail du design capture l&rsquo;essence ludique et organique des \u0153uvres de Gaud\u00ed, transformant une simple lettre en une pi\u00e8ce d&rsquo;art portable. L&rsquo;impression de haute qualit\u00e9 garantit que les couleurs restent vibrantes, et la finition m\u00e9ticuleuse souligne la douceur et l&rsquo;\u00e9l\u00e9gance du bois, cr\u00e9ant un souvenir non seulement fonctionnel mais aussi visuellement attrayant. Ce porte-cl\u00e9s est une excellente option pour les touristes \u00e0 la recherche de souvenirs refl\u00e9tant la beaut\u00e9 et la cr\u00e9ativit\u00e9 de Barcelone. Chez Ol\u00e9 Mosaic, nous nous consacrons \u00e0 la distribution de souvenirs en gros, offrant des produits authentiques qui repr\u00e9sentent la culture espagnole dans toute sa splendeur. Ce porte-cl\u00e9s en mosa\u00efque est un choix id\u00e9al pour les boutiques de cadeaux touristiques cherchant \u00e0 proposer des articles uniques et de qualit\u00e9, en faisant un souvenir inoubliable de la fascinante ville de Barcelone.<\/p>\n","protected":false},"excerpt":{"rendered":"<p>Porte-cl\u00e9s en bois en forme de lettre \u00ab\u00a0V\u00a0\u00bb, d\u00e9cor\u00e9 d&rsquo;un design de mosa\u00efque color\u00e9 inspir\u00e9 du c\u00e9l\u00e8bre style de l&rsquo;architecte Antoni Gaud\u00ed. Ce porte-cl\u00e9s, avec une base noire qui fait ressortir les tons vibrants de bleu, rouge, jaune et vert, capture l&rsquo;essence de l&rsquo;art moderniste barcelonais. Sa finition d\u00e9taill\u00e9e et la technique d&rsquo;impression garantissent un produit attrayant et repr\u00e9sentatif du riche patrimoine culturel catalan, id\u00e9al pour toujours porter un souvenir de la ville avec soi.<\/p>\n","protected":false},"featured_media":10941,"template":"","meta":{"_acf_changed":false},"product_brand":[],"product_cat":[607],"product_tag":[614],"class_list":{"0":"post-31717","1":"product","2":"type-product","3":"status-publish","4":"has-post-thumbnail","6":"product_cat-porte-cles","7":"product_tag-lettres","8":"pa_motivo-lettre-v","10":"first","11":"instock","12":"shipping-taxable","13":"product-type-simple"},"acf":[],"_links":{"self":[{"href":"https:\/\/olemosaic.orbitalia.org\/fr\/wp-json\/wp\/v2\/product\/31717","targetHints":{"allow":["GET"]}}],"collection":[{"href":"https:\/\/olemosaic.orbitalia.org\/fr\/wp-json\/wp\/v2\/product"}],"about":[{"href":"https:\/\/olemosaic.orbitalia.org\/fr\/wp-json\/wp\/v2\/types\/product"}],"wp:featuredmedia":[{"embeddable":true,"href":"https:\/\/olemosaic.orbitalia.org\/fr\/wp-json\/wp\/v2\/media\/10941"}],"wp:attachment":[{"href":"https:\/\/olemosaic.orbitalia.org\/fr\/wp-json\/wp\/v2\/media?parent=31717"}],"wp:term":[{"taxonomy":"product_brand","embeddable":true,"href":"https:\/\/olemosaic.orbitalia.org\/fr\/wp-json\/wp\/v2\/product_brand?post=31717"},{"taxonomy":"product_cat","embeddable":true,"href":"https:\/\/olemosaic.orbitalia.org\/fr\/wp-json\/wp\/v2\/product_cat?post=31717"},{"taxonomy":"product_tag","embeddable":true,"href":"https:\/\/olemosaic.orbitalia.org\/fr\/wp-json\/wp\/v2\/product_tag?post=31717"}],"curies":[{"name":"wp","href":"https:\/\/api.w.org\/{rel}","templated":true}]}}