{"id":31714,"date":"2025-02-20T23:33:32","date_gmt":"2025-02-20T22:33:32","guid":{"rendered":"https:\/\/olemosaic.orbitalia.org\/producto\/llavero-de-madera-letra-v-madrid\/"},"modified":"2025-07-25T19:36:37","modified_gmt":"2025-07-25T17:36:37","slug":"porte-cles-en-bois-lettre-v-madrid","status":"publish","type":"product","link":"https:\/\/olemosaic.orbitalia.org\/fr\/produit\/porte-cles-en-bois-lettre-v-madrid\/","title":{"rendered":"Porte-cl\u00e9s en bois. Lettre V. Madrid."},"content":{"rendered":"<p>Ce porte-cl\u00e9s en bois en forme de lettre \u00ab\u00a0V\u00a0\u00bb est un v\u00e9ritable hommage \u00e0 la ville vibrante de Madrid. Avec un design color\u00e9 et plein de vie, il capture des \u00e9l\u00e9ments embl\u00e9matiques de la capitale espagnole, tels que la c\u00e9l\u00e8bre Puerta del Sol, l&rsquo;horloge embl\u00e9matique qui marque la c\u00e9l\u00e9bration du Nouvel An et un personnage v\u00eatu d&rsquo;un costume traditionnel espagnol. D\u00e9cor\u00e9 de mosa\u00efques complexes aux tons bleus et jaunes, ce porte-cl\u00e9s n&rsquo;est pas seulement fonctionnel, mais aussi une pi\u00e8ce d&rsquo;art qui refl\u00e8te l&rsquo;essence du patrimoine madril\u00e8ne.<\/p>\n<p>L&rsquo;utilisation de la lettre \u00ab\u00a0V\u00a0\u00bb permet de personnaliser ce souvenir, en en faisant un cadeau significatif ou un d\u00e9tail sp\u00e9cial qui repr\u00e9sente tant Madrid que ceux qui le portent. Ce porte-cl\u00e9s est parfait pour les touristes \u00e0 la recherche de souvenirs uniques de Madrid, ainsi que pour ceux qui souhaitent emporter avec eux un morceau du riche folklore espagnol.<\/p>\n<p>Chez Ol\u00e9 Mosaic, nous nous sp\u00e9cialisons dans la distribution de souvenirs en gros, offrant des produits authentiques et repr\u00e9sentatifs de la culture espagnole. Ce porte-cl\u00e9s en bois est une excellente option pour les boutiques de cadeaux touristiques qui cherchent \u00e0 incorporer des articles combinant fonctionnalit\u00e9 et un lien culturel fort. Avec notre vari\u00e9t\u00e9 de porte-cl\u00e9s, nous garantissons qualit\u00e9 et authenticit\u00e9, id\u00e9ales pour satisfaire les amoureux de la capitale.<\/p>\n","protected":false},"excerpt":{"rendered":"<p>Porte-cl\u00e9s en bois en forme de lettre \u00ab\u00a0V\u00a0\u00bb, inspir\u00e9 par la ville vibrante de Madrid. Ce porte-cl\u00e9s pr\u00e9sente un design color\u00e9 avec des \u00e9l\u00e9ments repr\u00e9sentatifs tels que la c\u00e9l\u00e8bre Puerta del Sol, une horloge embl\u00e9matique et un homme v\u00eatu d&rsquo;un costume traditionnel. D\u00e9cor\u00e9 de mosa\u00efques aux tons bleus et jaunes, c&rsquo;est un article fonctionnel et artistique qui capture l&rsquo;essence du patrimoine madril\u00e8ne. Id\u00e9al comme souvenir ou cadeau pour les amoureux de la capitale espagnole.<\/p>\n","protected":false},"featured_media":10854,"template":"","meta":{"_acf_changed":false},"product_brand":[],"product_cat":[607],"product_tag":[614],"class_list":{"0":"post-31714","1":"product","2":"type-product","3":"status-publish","4":"has-post-thumbnail","6":"product_cat-porte-cles","7":"product_tag-lettres","8":"pa_ciudad-madrid","9":"pa_motivo-lettre-v","10":"pa_pais-espana","12":"first","13":"instock","14":"shipping-taxable","15":"product-type-simple"},"acf":[],"_links":{"self":[{"href":"https:\/\/olemosaic.orbitalia.org\/fr\/wp-json\/wp\/v2\/product\/31714","targetHints":{"allow":["GET"]}}],"collection":[{"href":"https:\/\/olemosaic.orbitalia.org\/fr\/wp-json\/wp\/v2\/product"}],"about":[{"href":"https:\/\/olemosaic.orbitalia.org\/fr\/wp-json\/wp\/v2\/types\/product"}],"wp:featuredmedia":[{"embeddable":true,"href":"https:\/\/olemosaic.orbitalia.org\/fr\/wp-json\/wp\/v2\/media\/10854"}],"wp:attachment":[{"href":"https:\/\/olemosaic.orbitalia.org\/fr\/wp-json\/wp\/v2\/media?parent=31714"}],"wp:term":[{"taxonomy":"product_brand","embeddable":true,"href":"https:\/\/olemosaic.orbitalia.org\/fr\/wp-json\/wp\/v2\/product_brand?post=31714"},{"taxonomy":"product_cat","embeddable":true,"href":"https:\/\/olemosaic.orbitalia.org\/fr\/wp-json\/wp\/v2\/product_cat?post=31714"},{"taxonomy":"product_tag","embeddable":true,"href":"https:\/\/olemosaic.orbitalia.org\/fr\/wp-json\/wp\/v2\/product_tag?post=31714"}],"curies":[{"name":"wp","href":"https:\/\/api.w.org\/{rel}","templated":true}]}}