{"id":31712,"date":"2025-02-20T23:33:32","date_gmt":"2025-02-20T22:33:32","guid":{"rendered":"https:\/\/olemosaic.orbitalia.org\/producto\/llavero-de-madera-letra-u-barcelona-2\/"},"modified":"2025-07-25T19:19:38","modified_gmt":"2025-07-25T17:19:38","slug":"porte-cles-en-bois-lettre-u-barcelone-2","status":"publish","type":"product","link":"https:\/\/olemosaic.orbitalia.org\/fr\/produit\/porte-cles-en-bois-lettre-u-barcelone-2\/","title":{"rendered":"Porte-cl\u00e9s en bois. Lettre U. Sagrada Familia. Barcelone."},"content":{"rendered":"<p>Ce porte-cl\u00e9s en bois en forme de lettre \u00ab U \u00bb est un souvenir vibrant qui capture l&rsquo;essence de Barcelone, une ville connue pour sa riche architecture et le style moderniste influent d&rsquo;Antoni Gaud\u00ed. Le design du porte-cl\u00e9s pr\u00e9sente une repr\u00e9sentation artistique de l&#8217;embl\u00e9matique Sagrada Familia et du c\u00e9l\u00e8bre Parc G\u00fcell, deux jalons architecturaux qui symbolisent la cr\u00e9ativit\u00e9 et le talent de Gaud\u00ed. Les couleurs vibrantes en rouge, vert et bleu ne rehaussent pas seulement l&rsquo;attrait visuel du porte-cl\u00e9s, mais \u00e9voquent \u00e9galement l&rsquo;utilisation caract\u00e9ristique des mosa\u00efques dans les \u0153uvres de Gaud\u00ed.<\/p>\n<p>Avec sa forme distinctive de \u00ab U \u00bb, ce porte-cl\u00e9s ne sert pas seulement d&rsquo;accessoire fonctionnel pour garder vos cl\u00e9s organis\u00e9es, mais agit \u00e9galement comme une \u0153uvre d&rsquo;art qui c\u00e9l\u00e8bre le patrimoine culturel de Barcelone. L&rsquo;utilisation du bois comme mat\u00e9riau principal ajoute une touche naturelle et artisanale, refl\u00e9tant le lien de l&rsquo;objet avec la tradition locale. Ce porte-cl\u00e9s est une excellente option pour les touristes \u00e0 la recherche d&rsquo;un souvenir authentique et significatif de leur visite dans la ville.<\/p>\n<p>Chez Ol\u00e9 Mosaic, nous sommes sp\u00e9cialistes de la distribution de souvenirs en gros, et ce porte-cl\u00e9s de Barcelone repr\u00e9sente une option id\u00e9ale pour les boutiques de cadeaux touristiques qui souhaitent offrir des produits de haute qualit\u00e9 et de pertinence culturelle. Avec ce porte-cl\u00e9s, chaque client peut emporter avec lui un petit morceau de l&rsquo;architecture et de la culture extraordinaires de Barcelone.<\/p>\n","protected":false},"excerpt":{"rendered":"<p>Porte-cl\u00e9s en bois en forme de lettre \u00ab U \u00bb, inspir\u00e9 de l&rsquo;architecture barcelonaise. Ce porte-cl\u00e9s original pr\u00e9sente un design vibrant montrant l&#8217;embl\u00e9matique Sagrada Familia et le c\u00e9l\u00e8bre Parc G\u00fcell, avec des d\u00e9tails color\u00e9s en rouge, vert et bleu, \u00e9voquant le style moderniste d&rsquo;Antoni Gaud\u00ed. Un accessoire fonctionnel et artistique qui capture l&rsquo;essence de la ville, parfait pour emporter un souvenir unique de Barcelone.<\/p>\n","protected":false},"featured_media":10506,"template":"","meta":{"_acf_changed":false},"product_brand":[],"product_cat":[607],"product_tag":[614],"class_list":{"0":"post-31712","1":"product","2":"type-product","3":"status-publish","4":"has-post-thumbnail","6":"product_cat-porte-cles","7":"product_tag-lettres","8":"pa_ciudad-barcelona","9":"pa_motivo-lettre-u","10":"pa_pais-espana","12":"first","13":"instock","14":"shipping-taxable","15":"product-type-simple"},"acf":[],"_links":{"self":[{"href":"https:\/\/olemosaic.orbitalia.org\/fr\/wp-json\/wp\/v2\/product\/31712","targetHints":{"allow":["GET"]}}],"collection":[{"href":"https:\/\/olemosaic.orbitalia.org\/fr\/wp-json\/wp\/v2\/product"}],"about":[{"href":"https:\/\/olemosaic.orbitalia.org\/fr\/wp-json\/wp\/v2\/types\/product"}],"wp:featuredmedia":[{"embeddable":true,"href":"https:\/\/olemosaic.orbitalia.org\/fr\/wp-json\/wp\/v2\/media\/10506"}],"wp:attachment":[{"href":"https:\/\/olemosaic.orbitalia.org\/fr\/wp-json\/wp\/v2\/media?parent=31712"}],"wp:term":[{"taxonomy":"product_brand","embeddable":true,"href":"https:\/\/olemosaic.orbitalia.org\/fr\/wp-json\/wp\/v2\/product_brand?post=31712"},{"taxonomy":"product_cat","embeddable":true,"href":"https:\/\/olemosaic.orbitalia.org\/fr\/wp-json\/wp\/v2\/product_cat?post=31712"},{"taxonomy":"product_tag","embeddable":true,"href":"https:\/\/olemosaic.orbitalia.org\/fr\/wp-json\/wp\/v2\/product_tag?post=31712"}],"curies":[{"name":"wp","href":"https:\/\/api.w.org\/{rel}","templated":true}]}}