{"id":31711,"date":"2025-02-20T23:33:32","date_gmt":"2025-02-20T22:33:32","guid":{"rendered":"https:\/\/olemosaic.orbitalia.org\/producto\/llavero-de-madera-letra-u\/"},"modified":"2025-07-25T20:27:29","modified_gmt":"2025-07-25T18:27:29","slug":"porte-cles-en-bois-lettre-u","status":"publish","type":"product","link":"https:\/\/olemosaic.orbitalia.org\/fr\/produit\/porte-cles-en-bois-lettre-u\/","title":{"rendered":"Porte-cl\u00e9s en bois. Lettre U."},"content":{"rendered":"<p>Ce porte-cl\u00e9s en bois en forme de lettre \u00ab U \u00bb est un souvenir attrayant qui capture l&rsquo;essence de l&rsquo;art traditionnel espagnol. D\u00e9cor\u00e9 de motifs vibrants \u00e9voquant les c\u00e9l\u00e8bres azulejos d&rsquo;Espagne, chaque pi\u00e8ce est unique gr\u00e2ce \u00e0 son design peint \u00e0 la main, qui combine une palette de tons intenses comme le rouge, le bleu et le jaune. L&rsquo;image de la lettre \u00ab U \u00bb est rehauss\u00e9e de d\u00e9tails complexes repr\u00e9sentant le riche h\u00e9ritage culturel du pays, refl\u00e9tant la beaut\u00e9 et la diversit\u00e9 de l&rsquo;art ib\u00e9rique.<\/p>\n<p>Ce porte-cl\u00e9s n&rsquo;est pas seulement fonctionnel, il devient aussi un souvenir personnalisable, id\u00e9al pour les touristes qui cherchent \u00e0 emporter un morceau d&rsquo;Espagne. Son originalit\u00e9 en fait un cadeau parfait, que ce soit comme petite attention pour des amis ou comme souvenir significatif en soi. L&rsquo;artisanat impliqu\u00e9 dans sa cr\u00e9ation garantit un produit de haute qualit\u00e9 qui exalte la tradition espagnole.<\/p>\n<p>Chez Ol\u00e9 Mosaic, nous nous sp\u00e9cialisons dans la distribution de souvenirs en gros, offrant des articles authentiques qui c\u00e9l\u00e8brent la richesse culturelle de l&rsquo;Espagne. Ce porte-cl\u00e9s est une option id\u00e9ale pour les boutiques de cadeaux touristiques qui souhaitent proposer des produits uniques et pertinents. Devenez distributeur de nos charmants porte-cl\u00e9s et offrez \u00e0 vos clients une pi\u00e8ce qui encapsule l&rsquo;esprit de la culture espagnole.<\/p>\n","protected":false},"excerpt":{"rendered":"<p>Porte-cl\u00e9s en bois en forme de lettre \u00ab U \u00bb, d\u00e9cor\u00e9 de motifs color\u00e9s rappelant les azulejos traditionnels espagnols. Ce porte-cl\u00e9s attrayant pr\u00e9sente un design artisanal, peint \u00e0 la main, combinant des tons vibrants de rouge, bleu et jaune, refl\u00e9tant la riche culture du pays. Id\u00e9al pour porter ses propres initiales ou comme cadeau, ce porte-cl\u00e9s est une pi\u00e8ce unique qui se distingue par son originalit\u00e9 et son artisanat.<\/p>\n","protected":false},"featured_media":9611,"template":"","meta":{"_acf_changed":false},"product_brand":[],"product_cat":[607],"product_tag":[614],"class_list":{"0":"post-31711","1":"product","2":"type-product","3":"status-publish","4":"has-post-thumbnail","6":"product_cat-porte-cles","7":"product_tag-lettres","8":"pa_motivo-lettre-u","10":"first","11":"instock","12":"shipping-taxable","13":"product-type-simple"},"acf":[],"_links":{"self":[{"href":"https:\/\/olemosaic.orbitalia.org\/fr\/wp-json\/wp\/v2\/product\/31711","targetHints":{"allow":["GET"]}}],"collection":[{"href":"https:\/\/olemosaic.orbitalia.org\/fr\/wp-json\/wp\/v2\/product"}],"about":[{"href":"https:\/\/olemosaic.orbitalia.org\/fr\/wp-json\/wp\/v2\/types\/product"}],"wp:featuredmedia":[{"embeddable":true,"href":"https:\/\/olemosaic.orbitalia.org\/fr\/wp-json\/wp\/v2\/media\/9611"}],"wp:attachment":[{"href":"https:\/\/olemosaic.orbitalia.org\/fr\/wp-json\/wp\/v2\/media?parent=31711"}],"wp:term":[{"taxonomy":"product_brand","embeddable":true,"href":"https:\/\/olemosaic.orbitalia.org\/fr\/wp-json\/wp\/v2\/product_brand?post=31711"},{"taxonomy":"product_cat","embeddable":true,"href":"https:\/\/olemosaic.orbitalia.org\/fr\/wp-json\/wp\/v2\/product_cat?post=31711"},{"taxonomy":"product_tag","embeddable":true,"href":"https:\/\/olemosaic.orbitalia.org\/fr\/wp-json\/wp\/v2\/product_tag?post=31711"}],"curies":[{"name":"wp","href":"https:\/\/api.w.org\/{rel}","templated":true}]}}