{"id":31703,"date":"2025-02-20T23:33:31","date_gmt":"2025-02-20T22:33:31","guid":{"rendered":"https:\/\/olemosaic.orbitalia.org\/producto\/llavero-de-madera-letra-t-sevilla\/"},"modified":"2025-07-25T18:44:44","modified_gmt":"2025-07-25T16:44:44","slug":"porte-cles-en-bois-lettre-t-seville","status":"publish","type":"product","link":"https:\/\/olemosaic.orbitalia.org\/fr\/produit\/porte-cles-en-bois-lettre-t-seville\/","title":{"rendered":"Porte-cl\u00e9s en bois. Lettre T. S\u00e9ville."},"content":{"rendered":"<p>Ce porte-cl\u00e9s en bois en forme de lettre \u00ab\u00a0T\u00a0\u00bb est un charmant souvenir inspir\u00e9 par la ville vibrante de S\u00e9ville. Avec un design color\u00e9 et attrayant, cet accessoire repr\u00e9sente l&rsquo;essence culturelle de la ville andalouse, attirant l&rsquo;attention avec une illustration d\u00e9taill\u00e9e du monument embl\u00e9matique de la cath\u00e9drale de S\u00e9ville et de la c\u00e9l\u00e8bre Giralda. Son design pr\u00e9sente une combinaison de tons brillants en bleu et rouge, \u00e9mulant le style de la mosa\u00efque traditionnelle, et se compl\u00e8te par des \u00e9l\u00e9ments de la flore andalouse qui ajoutent une touche de fra\u00eecheur et d&rsquo;authenticit\u00e9. Ce porte-cl\u00e9s n&rsquo;est pas seulement un outil pratique pour organiser vos cl\u00e9s, mais aussi une pi\u00e8ce d&rsquo;art portable qui rend hommage au riche h\u00e9ritage culturel s\u00e9villan.<\/p>\n<p>L&rsquo;utilisation du bois comme mat\u00e9riau principal souligne l&rsquo;artisanat typique de la r\u00e9gion, tandis que le style mosa\u00efque \u00e9voque l&rsquo;architecture et la beaut\u00e9 visuelle de S\u00e9ville, id\u00e9al comme cadeau ou souvenir pour ceux qui souhaitent emporter un petit morceau de la ville avec eux. Chez Ol\u00e9 Mosaic, nous sommes sp\u00e9cialistes de la distribution de souvenirs en gros, et ce porte-cl\u00e9s de S\u00e9ville est un excellent choix pour les boutiques de cadeaux touristiques cherchant \u00e0 offrir des produits authentiques et significatifs. Un souvenir parfait qui connecte les visiteurs \u00e0 la riche tradition andalouse \u00e0 travers un design amusant et vibrant.<\/p>\n","protected":false},"excerpt":{"rendered":"<p>Porte-cl\u00e9s en bois en forme de lettre \u00ab\u00a0T\u00a0\u00bb, inspir\u00e9 par la ville vibrante de S\u00e9ville. Cet accessoire attrayant pr\u00e9sente un design color\u00e9 incluant une illustration d&rsquo;un monument embl\u00e9matique de la ville, avec des d\u00e9tails architecturaux et des \u00e9l\u00e9ments de la flore andalouse. Le porte-cl\u00e9s est d\u00e9cor\u00e9 dans un style mosa\u00efque, utilisant des tons brillants de bleu et de rouge, qui capturent l&rsquo;essence du folklore s\u00e9villan. Id\u00e9al \u00e0 offrir ou comme souvenir d&rsquo;une visite dans cette charmante r\u00e9gion.<\/p>\n","protected":false},"featured_media":10904,"template":"","meta":{"_acf_changed":false},"product_brand":[],"product_cat":[607],"product_tag":[614],"class_list":{"0":"post-31703","1":"product","2":"type-product","3":"status-publish","4":"has-post-thumbnail","6":"product_cat-porte-cles","7":"product_tag-lettres","8":"pa_ciudad-sevilla","9":"pa_motivo-lettre-t","10":"pa_pais-espana","12":"first","13":"instock","14":"shipping-taxable","15":"product-type-simple"},"acf":[],"_links":{"self":[{"href":"https:\/\/olemosaic.orbitalia.org\/fr\/wp-json\/wp\/v2\/product\/31703","targetHints":{"allow":["GET"]}}],"collection":[{"href":"https:\/\/olemosaic.orbitalia.org\/fr\/wp-json\/wp\/v2\/product"}],"about":[{"href":"https:\/\/olemosaic.orbitalia.org\/fr\/wp-json\/wp\/v2\/types\/product"}],"wp:featuredmedia":[{"embeddable":true,"href":"https:\/\/olemosaic.orbitalia.org\/fr\/wp-json\/wp\/v2\/media\/10904"}],"wp:attachment":[{"href":"https:\/\/olemosaic.orbitalia.org\/fr\/wp-json\/wp\/v2\/media?parent=31703"}],"wp:term":[{"taxonomy":"product_brand","embeddable":true,"href":"https:\/\/olemosaic.orbitalia.org\/fr\/wp-json\/wp\/v2\/product_brand?post=31703"},{"taxonomy":"product_cat","embeddable":true,"href":"https:\/\/olemosaic.orbitalia.org\/fr\/wp-json\/wp\/v2\/product_cat?post=31703"},{"taxonomy":"product_tag","embeddable":true,"href":"https:\/\/olemosaic.orbitalia.org\/fr\/wp-json\/wp\/v2\/product_tag?post=31703"}],"curies":[{"name":"wp","href":"https:\/\/api.w.org\/{rel}","templated":true}]}}