{"id":31702,"date":"2025-02-20T23:33:31","date_gmt":"2025-02-20T22:33:31","guid":{"rendered":"https:\/\/olemosaic.orbitalia.org\/producto\/llavero-de-madera-letra-t-valencia\/"},"modified":"2025-07-25T18:46:22","modified_gmt":"2025-07-25T16:46:22","slug":"porte-cles-en-bois-lettre-t-valence","status":"publish","type":"product","link":"https:\/\/olemosaic.orbitalia.org\/fr\/produit\/porte-cles-en-bois-lettre-t-valence\/","title":{"rendered":"Porte-cl\u00e9s en bois. Lettre T. Valence."},"content":{"rendered":"<p>Ce porte-cl\u00e9s en bois en forme de lettre \u00ab\u00a0T\u00a0\u00bb est un v\u00e9ritable hommage \u00e0 la ville embl\u00e9matique de Valence, con\u00e7u pour ceux qui recherchent un souvenir significatif et pratique. Son design attrayant \u00e9voque le c\u00e9l\u00e8bre trencad\u00eds, une technique de mosa\u00efque qui caract\u00e9rise l&rsquo;architecture valencienne, particuli\u00e8rement visible dans l&#8217;embl\u00e9matique Cit\u00e9 des Arts et des Sciences. Avec une finition vibrante combinant les couleurs bleu, rouge et jaune, ce porte-cl\u00e9s ne se distingue pas seulement par son esth\u00e9tique visuelle, mais arbore \u00e9galement de petits d\u00e9tails grav\u00e9s repr\u00e9sentant les \u00e9l\u00e9ments architecturaux les plus reconnaissables de la ville, tels que les b\u00e2timents futuristes de Calatrava.<\/p>\n<p>Fabriqu\u00e9 en bois de haute qualit\u00e9, ce souvenir est l\u00e9ger et durable, id\u00e9al pour porter ses cl\u00e9s avec style. Son lien culturel est ind\u00e9niable : le trencad\u00eds repr\u00e9sente la cr\u00e9ativit\u00e9 et l&rsquo;art qui ont fleuri \u00e0 Valence, en faisant un embl\u00e8me de modernit\u00e9 et de tradition. Ce porte-cl\u00e9s avec la lettre \u00ab\u00a0T\u00a0\u00bb est plus qu&rsquo;un simple accessoire ; c&rsquo;est un morceau de l&rsquo;\u00e2me de Valence que vous pouvez emporter partout avec vous. Chez Ol\u00e9 Mosaic, nous distribuons des souvenirs authentiques en gros, parfaits pour les boutiques de cadeaux touristiques souhaitant offrir \u00e0 leurs clients des souvenirs repr\u00e9sentatifs et de haute qualit\u00e9. Un cadeau id\u00e9al pour ceux qui veulent emporter un morceau de l&rsquo;essence valencienne dans leur quotidien, ce porte-cl\u00e9s devient une excellente option pour tous les touristes.<\/p>\n","protected":false},"excerpt":{"rendered":"<p>Porte-cl\u00e9s en bois en forme de lettre \u00ab\u00a0T\u00a0\u00bb, inspir\u00e9 par la ville de Valence. Ce porte-cl\u00e9s pr\u00e9sente un design attrayant avec une finition imitant le trencad\u00eds, caract\u00e9ristique de l&rsquo;architecture valencienne, montrant des \u00e9l\u00e9ments embl\u00e9matiques comme la Cit\u00e9 des Arts et des Sciences. D\u00e9cor\u00e9 de couleurs vibrantes bleu, rouge et jaune, cet article est le souvenir parfait pour se rappeler l&rsquo;essence et l&rsquo;art de Valence, tout en ajoutant une touche moderne \u00e0 vos cl\u00e9s.<\/p>\n","protected":false},"featured_media":10878,"template":"","meta":{"_acf_changed":false},"product_brand":[],"product_cat":[607],"product_tag":[614],"class_list":{"0":"post-31702","1":"product","2":"type-product","3":"status-publish","4":"has-post-thumbnail","6":"product_cat-porte-cles","7":"product_tag-lettres","8":"pa_ciudad-valencia","9":"pa_motivo-lettre-t","10":"pa_pais-espana","12":"first","13":"instock","14":"shipping-taxable","15":"product-type-simple"},"acf":[],"_links":{"self":[{"href":"https:\/\/olemosaic.orbitalia.org\/fr\/wp-json\/wp\/v2\/product\/31702","targetHints":{"allow":["GET"]}}],"collection":[{"href":"https:\/\/olemosaic.orbitalia.org\/fr\/wp-json\/wp\/v2\/product"}],"about":[{"href":"https:\/\/olemosaic.orbitalia.org\/fr\/wp-json\/wp\/v2\/types\/product"}],"wp:featuredmedia":[{"embeddable":true,"href":"https:\/\/olemosaic.orbitalia.org\/fr\/wp-json\/wp\/v2\/media\/10878"}],"wp:attachment":[{"href":"https:\/\/olemosaic.orbitalia.org\/fr\/wp-json\/wp\/v2\/media?parent=31702"}],"wp:term":[{"taxonomy":"product_brand","embeddable":true,"href":"https:\/\/olemosaic.orbitalia.org\/fr\/wp-json\/wp\/v2\/product_brand?post=31702"},{"taxonomy":"product_cat","embeddable":true,"href":"https:\/\/olemosaic.orbitalia.org\/fr\/wp-json\/wp\/v2\/product_cat?post=31702"},{"taxonomy":"product_tag","embeddable":true,"href":"https:\/\/olemosaic.orbitalia.org\/fr\/wp-json\/wp\/v2\/product_tag?post=31702"}],"curies":[{"name":"wp","href":"https:\/\/api.w.org\/{rel}","templated":true}]}}