{"id":31700,"date":"2025-02-20T23:33:31","date_gmt":"2025-02-20T22:33:31","guid":{"rendered":"https:\/\/olemosaic.orbitalia.org\/producto\/llavero-de-madera-letra-s-madrid\/"},"modified":"2025-07-25T18:44:06","modified_gmt":"2025-07-25T16:44:06","slug":"porte-cles-en-bois-lettre-s-madrid","status":"publish","type":"product","link":"https:\/\/olemosaic.orbitalia.org\/fr\/produit\/porte-cles-en-bois-lettre-s-madrid\/","title":{"rendered":"Porte-cl\u00e9s en bois. Lettre S. Madrid."},"content":{"rendered":"<p>Ce porte-cl\u00e9s en bois en forme de \u00ab\u00a0S\u00a0\u00bb est un souvenir charmant qui rend hommage \u00e0 la ville vibrante de Madrid. Fabriqu\u00e9 avec soin, il pr\u00e9sente un design attrayant avec des illustrations \u00e0 effet peint \u00e0 la main mettant en valeur l&rsquo;horloge embl\u00e9matique de la Puerta del Sol, un symbole iconique de la capitale espagnole. De plus, il int\u00e8gre des \u00e9l\u00e9ments distinctifs tels que le c\u00e9l\u00e8bre panneau du m\u00e9tro de Madrid, en faisant un article qui encapsule la vie quotidienne et culturelle de la ville.<\/p>\n<p>Le porte-cl\u00e9s a la taille parfaite pour \u00eatre fonctionnel, pero son design color\u00e9 et vibrant en fait un accessoire id\u00e9al pour toute occasion. Les couleurs vives et les d\u00e9tails artistiques qui ornent la lettre \u00ab\u00a0S\u00a0\u00bb garantissent que ce porte-cl\u00e9s sera un sujet de conversation, parfait tant pour les touristes \u00e0 la recherche de souvenirs authentiques que pour ceux qui souhaitent emporter un petit bout de Madrid avec eux. Plus qu&rsquo;un simple accessoire, c&rsquo;est une repr\u00e9sentation tangible de la riche histoire et culture de Madrid.<\/p>\n<p>Chez Ol\u00e9 Mosaic, nous sommes sp\u00e9cialis\u00e9s dans la distribution de souvenirs en gros, et ce porte-cl\u00e9s en bois est une excellente option pour les boutiques de cadeaux touristiques, car il offre un produit authentique et repr\u00e9sentatif qui attire aussi bien les visiteurs que les locaux. Si vous recherchez des souvenirs de Madrid uniques et pleins de caract\u00e8re, ce porte-cl\u00e9s est un choix brillant.<\/p>\n","protected":false},"excerpt":{"rendered":"<p>Porte-cl\u00e9s en bois en forme de lettre \u00ab\u00a0S\u00a0\u00bb, inspir\u00e9 par la ville vibrante de Madrid. Cet accessoire attrayant pr\u00e9sente des illustrations \u00e0 effet peint \u00e0 la main mettant en valeur la c\u00e9l\u00e8bre horloge de la Puerta del Sol, ainsi que des \u00e9l\u00e9ments symboliques comme le panneau du m\u00e9tro de Madrid. Avec des couleurs vives et des d\u00e9tails artistiques, le design capture l&rsquo;essence culturelle de la ville. Id\u00e9al comme souvenir ou cadeau, il allie fonctionnalit\u00e9 et touche artistique.<\/p>\n","protected":false},"featured_media":10851,"template":"","meta":{"_acf_changed":false},"product_brand":[],"product_cat":[607],"product_tag":[614],"class_list":{"0":"post-31700","1":"product","2":"type-product","3":"status-publish","4":"has-post-thumbnail","6":"product_cat-porte-cles","7":"product_tag-lettres","8":"pa_ciudad-madrid","9":"pa_motivo-lettre-s","10":"pa_pais-espana","12":"first","13":"instock","14":"shipping-taxable","15":"product-type-simple"},"acf":[],"_links":{"self":[{"href":"https:\/\/olemosaic.orbitalia.org\/fr\/wp-json\/wp\/v2\/product\/31700","targetHints":{"allow":["GET"]}}],"collection":[{"href":"https:\/\/olemosaic.orbitalia.org\/fr\/wp-json\/wp\/v2\/product"}],"about":[{"href":"https:\/\/olemosaic.orbitalia.org\/fr\/wp-json\/wp\/v2\/types\/product"}],"wp:featuredmedia":[{"embeddable":true,"href":"https:\/\/olemosaic.orbitalia.org\/fr\/wp-json\/wp\/v2\/media\/10851"}],"wp:attachment":[{"href":"https:\/\/olemosaic.orbitalia.org\/fr\/wp-json\/wp\/v2\/media?parent=31700"}],"wp:term":[{"taxonomy":"product_brand","embeddable":true,"href":"https:\/\/olemosaic.orbitalia.org\/fr\/wp-json\/wp\/v2\/product_brand?post=31700"},{"taxonomy":"product_cat","embeddable":true,"href":"https:\/\/olemosaic.orbitalia.org\/fr\/wp-json\/wp\/v2\/product_cat?post=31700"},{"taxonomy":"product_tag","embeddable":true,"href":"https:\/\/olemosaic.orbitalia.org\/fr\/wp-json\/wp\/v2\/product_tag?post=31700"}],"curies":[{"name":"wp","href":"https:\/\/api.w.org\/{rel}","templated":true}]}}