{"id":31672,"date":"2025-02-20T22:33:31","date_gmt":"2025-02-20T22:33:31","guid":{"rendered":"https:\/\/olemosaic.orbitalia.org\/producto\/llavero-de-madera-letra-r-mosaico\/"},"modified":"2025-07-25T20:18:18","modified_gmt":"2025-07-25T18:18:18","slug":"porte-cles-en-bois-lettre-r-mosaique","status":"publish","type":"product","link":"https:\/\/olemosaic.orbitalia.org\/fr\/produit\/porte-cles-en-bois-lettre-r-mosaique\/","title":{"rendered":"Porte-cl\u00e9s en bois. Lettre R. Mosa\u00efque."},"content":{"rendered":"<p>Ce porte-cl\u00e9s en bois en forme de lettre \u00ab\u00a0R\u00a0\u00bb est une pi\u00e8ce unique qui se distingue par son design vibrant en mosa\u00efque, apportant une touche artistique et moderne \u00e0 vos cl\u00e9s. L&rsquo;exquise combinaison de couleurs vives, telles que le rouge, le vert, le bleu et le jaune, \u00e9voque la riche tradition de la mosa\u00efque espagnole, pr\u00e9sente dans l&rsquo;architecture de r\u00e9gions comme la Catalogne, o\u00f9 l&rsquo;art de la mosa\u00efque a \u00e9t\u00e9 perfectionn\u00e9 par des artistes de renom. Ce porte-cl\u00e9s n&rsquo;est pas seulement un accessoire pratique, mais aussi une repr\u00e9sentation de la cr\u00e9ativit\u00e9 et du patrimoine culturel de l&rsquo;Espagne. Fabriqu\u00e9 en bois r\u00e9sistant, il garantit une finition attrayante et durable, id\u00e9ale pour un usage quotidien. Son design singulier et color\u00e9 en fait le souvenir parfait pour ceux qui recherchent un souvenir authentique et repr\u00e9sentatif de leur voyage. Chez Ol\u00e9 Mosaic, en tant que distributeurs de souvenirs en gros, nous proposons des produits qui encapsulent l&rsquo;essence culturelle et artistique de l&rsquo;Espagne. Ce porte-cl\u00e9s en mosa\u00efque est une excellente option pour les boutiques de cadeaux touristiques souhaitant offrir \u00e0 leurs clients un article alliant fonctionnalit\u00e9 et art. Assurez-vous de l&rsquo;inclure dans votre s\u00e9lection de souvenirs.<\/p>\n","protected":false},"excerpt":{"rendered":"<p>Porte-cl\u00e9s en bois en forme de lettre \u00ab\u00a0R\u00a0\u00bb, d\u00e9cor\u00e9 d&rsquo;un design vibrant en mosa\u00efque. Ce porte-cl\u00e9s original pr\u00e9sente une combinaison de couleurs vives, comme le rouge, le vert, le bleu et le jaune, apportant une touche artistique et moderne. Id\u00e9al pour personnaliser vos cl\u00e9s, ce produit refl\u00e8te la riche tradition de la mosa\u00efque espagnole, \u00e9voquant le caract\u00e8re cr\u00e9atif de r\u00e9gions comme la Catalogne. Son mat\u00e9riau en bois offre durabilit\u00e9 et une finition attrayante.<\/p>\n","protected":false},"featured_media":10768,"template":"","meta":{"_acf_changed":false},"product_brand":[],"product_cat":[607],"product_tag":[614],"class_list":{"0":"post-31672","1":"product","2":"type-product","3":"status-publish","4":"has-post-thumbnail","6":"product_cat-porte-cles","7":"product_tag-lettres","8":"pa_motivo-lettre-r","10":"first","11":"instock","12":"shipping-taxable","13":"product-type-simple"},"acf":[],"_links":{"self":[{"href":"https:\/\/olemosaic.orbitalia.org\/fr\/wp-json\/wp\/v2\/product\/31672","targetHints":{"allow":["GET"]}}],"collection":[{"href":"https:\/\/olemosaic.orbitalia.org\/fr\/wp-json\/wp\/v2\/product"}],"about":[{"href":"https:\/\/olemosaic.orbitalia.org\/fr\/wp-json\/wp\/v2\/types\/product"}],"wp:featuredmedia":[{"embeddable":true,"href":"https:\/\/olemosaic.orbitalia.org\/fr\/wp-json\/wp\/v2\/media\/10768"}],"wp:attachment":[{"href":"https:\/\/olemosaic.orbitalia.org\/fr\/wp-json\/wp\/v2\/media?parent=31672"}],"wp:term":[{"taxonomy":"product_brand","embeddable":true,"href":"https:\/\/olemosaic.orbitalia.org\/fr\/wp-json\/wp\/v2\/product_brand?post=31672"},{"taxonomy":"product_cat","embeddable":true,"href":"https:\/\/olemosaic.orbitalia.org\/fr\/wp-json\/wp\/v2\/product_cat?post=31672"},{"taxonomy":"product_tag","embeddable":true,"href":"https:\/\/olemosaic.orbitalia.org\/fr\/wp-json\/wp\/v2\/product_tag?post=31672"}],"curies":[{"name":"wp","href":"https:\/\/api.w.org\/{rel}","templated":true}]}}