{"id":31671,"date":"2025-02-20T23:33:31","date_gmt":"2025-02-20T22:33:31","guid":{"rendered":"https:\/\/olemosaic.orbitalia.org\/producto\/llavero-de-madera-letra-r-barcelona-2\/"},"modified":"2025-07-25T19:14:47","modified_gmt":"2025-07-25T17:14:47","slug":"porte-cles-en-bois-lettre-r-barcelone-2","status":"publish","type":"product","link":"https:\/\/olemosaic.orbitalia.org\/fr\/produit\/porte-cles-en-bois-lettre-r-barcelone-2\/","title":{"rendered":"Porte-cl\u00e9s en bois. Lettre R. Sagrada Familia. Barcelone."},"content":{"rendered":"<p>Ce porte-cl\u00e9s en bois en forme de lettre \u00ab\u00a0R\u00a0\u00bb est un souvenir vibrant de la ville embl\u00e9matique de Barcelone, parfait pour ceux qui souhaitent emporter un petit morceau de cette m\u00e9tropole artistique. Le design met en avant l&rsquo;imposante Sagrada Familia, l&rsquo;un des monuments les plus embl\u00e9matiques de la ville, avec ses tours vertigineuses et ses d\u00e9tails distinctifs en mosa\u00efque. La palette de couleurs vives \u2014 avec des rouges, bleus et verts intenses \u2014 a \u00e9t\u00e9 soigneusement s\u00e9lectionn\u00e9e pour refl\u00e9ter l&rsquo;\u00e9nergie et la cr\u00e9ativit\u00e9 qui caract\u00e9risent Barcelone. Gr\u00e2ce \u00e0 sa technique d&rsquo;impression de haute qualit\u00e9, ce porte-cl\u00e9s pr\u00e9sente une finition attrayante qui attire l&rsquo;attention et souligne sa singularit\u00e9.<\/p>\n<p>Avec sa forme distinctive, le porte-cl\u00e9s n&rsquo;est pas seulement un accessoire pratique pour garder vos cl\u00e9s organis\u00e9es, mais aussi un authentique souvenir qui repr\u00e9sente la culture et l&rsquo;art catalan. C&rsquo;est un cadeau id\u00e9al pour les touristes qui souhaitent immortaliser leur visite \u00e0 Barcelone, ainsi qu&rsquo;un excellent produit pour les boutiques de cadeaux touristiques \u00e0 la recherche de souvenirs authentiques de la r\u00e9gion. Chez Ol\u00e9 Mosaic, nous sommes fiers d&rsquo;\u00eatre des distributeurs d&rsquo;articles de qualit\u00e9, et ce porte-cl\u00e9s n&rsquo;est qu&rsquo;un exemple de notre offre de souvenirs qui c\u00e9l\u00e8brent le riche patrimoine culturel de l&rsquo;Espagne. Rapporter ce porte-cl\u00e9s de Barcelone chez soi permet de conserver la magie de la ville, tout en la partageant avec ses amis et sa famille.<\/p>\n","protected":false},"excerpt":{"rendered":"<p>Porte-cl\u00e9s en bois en forme de lettre \u00ab\u00a0R\u00a0\u00bb, inspir\u00e9 de la ville vibrante de Barcelone. Ce porte-cl\u00e9s pr\u00e9sente un design color\u00e9 qui met en avant l&#8217;embl\u00e9matique Sagrada Familia, avec ses hautes tours et ses d\u00e9tails en mosa\u00efque. La palette de couleurs vives, avec des rouges, bleus et verts, refl\u00e8te l&rsquo;essence artistique de la ville. La technique d&rsquo;impression permet d&rsquo;obtenir une finition attrayante, id\u00e9ale pour emporter un petit morceau de Barcelone toujours avec soi.<\/p>\n","protected":false},"featured_media":10529,"template":"","meta":{"_acf_changed":false},"product_brand":[],"product_cat":[607],"product_tag":[614],"class_list":{"0":"post-31671","1":"product","2":"type-product","3":"status-publish","4":"has-post-thumbnail","6":"product_cat-porte-cles","7":"product_tag-lettres","8":"pa_ciudad-barcelona","9":"pa_motivo-lettre-r","10":"pa_pais-espana","12":"first","13":"instock","14":"shipping-taxable","15":"product-type-simple"},"acf":[],"_links":{"self":[{"href":"https:\/\/olemosaic.orbitalia.org\/fr\/wp-json\/wp\/v2\/product\/31671","targetHints":{"allow":["GET"]}}],"collection":[{"href":"https:\/\/olemosaic.orbitalia.org\/fr\/wp-json\/wp\/v2\/product"}],"about":[{"href":"https:\/\/olemosaic.orbitalia.org\/fr\/wp-json\/wp\/v2\/types\/product"}],"wp:featuredmedia":[{"embeddable":true,"href":"https:\/\/olemosaic.orbitalia.org\/fr\/wp-json\/wp\/v2\/media\/10529"}],"wp:attachment":[{"href":"https:\/\/olemosaic.orbitalia.org\/fr\/wp-json\/wp\/v2\/media?parent=31671"}],"wp:term":[{"taxonomy":"product_brand","embeddable":true,"href":"https:\/\/olemosaic.orbitalia.org\/fr\/wp-json\/wp\/v2\/product_brand?post=31671"},{"taxonomy":"product_cat","embeddable":true,"href":"https:\/\/olemosaic.orbitalia.org\/fr\/wp-json\/wp\/v2\/product_cat?post=31671"},{"taxonomy":"product_tag","embeddable":true,"href":"https:\/\/olemosaic.orbitalia.org\/fr\/wp-json\/wp\/v2\/product_tag?post=31671"}],"curies":[{"name":"wp","href":"https:\/\/api.w.org\/{rel}","templated":true}]}}