{"id":31670,"date":"2025-02-20T22:33:30","date_gmt":"2025-02-20T22:33:30","guid":{"rendered":"https:\/\/olemosaic.orbitalia.org\/producto\/llavero-de-madera-letra-r-barcelona\/"},"modified":"2025-07-25T18:43:37","modified_gmt":"2025-07-25T16:43:37","slug":"porte-cles-en-bois-lettre-r-barcelone","status":"publish","type":"product","link":"https:\/\/olemosaic.orbitalia.org\/fr\/produit\/porte-cles-en-bois-lettre-r-barcelone\/","title":{"rendered":"Porte-cl\u00e9s en bois. Lettre R. Barcelone."},"content":{"rendered":"<p>Ce porte-cl\u00e9s en bois en forme de lettre \u00ab\u00a0R\u00a0\u00bb est un hommage exclusif \u00e0 l&rsquo;architecture moderniste de Barcelone, mettant en avant des \u00e9l\u00e9ments embl\u00e9matiques tels que la Sagrada Familia. Avec son design color\u00e9, le porte-cl\u00e9s capture l&rsquo;essence vibrante de la cit\u00e9 comtale, orn\u00e9 de teintes vives qui \u00e9voquent les \u0153uvres d&rsquo;Antoni Gaud\u00ed. La repr\u00e9sentation de la c\u00e9l\u00e8bre basilique au centre de la lettre souligne ses tours et d\u00e9tails extraordinaires, faisant de ce porte-cl\u00e9s un souvenir m\u00e9morable et distinctif.<\/p>\n<p>Fabriqu\u00e9 en bois de haute qualit\u00e9, le porte-cl\u00e9s n&rsquo;est pas seulement un accessoire utile pour organiser vos cl\u00e9s, mais il refl\u00e8te \u00e9galement la riche tradition artistique de Barcelone. Avec une finition brillante qui rehausse les couleurs de la mosa\u00efque, chaque d\u00e9tail est soigneusement con\u00e7u pour offrir une vue spectaculaire, id\u00e9ale pour ceux qui recherchent des souvenirs repr\u00e9sentatifs de la culture catalane.<\/p>\n<p>Le porte-cl\u00e9s \u00ab\u00a0R\u00a0\u00bb est une excellente option tant pour les touristes qui souhaitent emporter un morceau de Barcelone avec eux que pour les boutiques de cadeaux touristiques qui cherchent \u00e0 proposer des produits authentiques et culturels. Chez Ol\u00e9 Mosaic, nous sommes fiers d&rsquo;\u00eatre des distributeurs de souvenirs de qualit\u00e9, garantissant que chaque porte-cl\u00e9s soit un symbole du riche h\u00e9ritage de la ville et un choix parfait pour ceux qui appr\u00e9cient l&rsquo;authenticit\u00e9 de leurs souvenirs.<\/p>\n","protected":false},"excerpt":{"rendered":"<p>Porte-cl\u00e9s en bois en forme de lettre \u00ab\u00a0R\u00a0\u00bb, inspir\u00e9 de l&rsquo;architecture moderniste de Barcelone. Ce porte-cl\u00e9s distinctif pr\u00e9sente un design color\u00e9 avec des \u00e9l\u00e9ments embl\u00e9matiques comme la Sagrada Familia, orn\u00e9 de teintes vibrantes et de d\u00e9tails en mosa\u00efque qui \u00e9voquent l&rsquo;\u0153uvre de Gaud\u00ed. Sa finition en bois et son anneau m\u00e9tallique garantissent durabilit\u00e9 et attrait, en faisant un souvenir unique de la cit\u00e9 comtale.<\/p>\n","protected":false},"featured_media":10503,"template":"","meta":{"_acf_changed":false},"product_brand":[],"product_cat":[607],"product_tag":[614],"class_list":{"0":"post-31670","1":"product","2":"type-product","3":"status-publish","4":"has-post-thumbnail","6":"product_cat-porte-cles","7":"product_tag-lettres","8":"pa_ciudad-barcelona","9":"pa_motivo-lettre-r","10":"pa_pais-espana","12":"first","13":"instock","14":"shipping-taxable","15":"product-type-simple"},"acf":[],"_links":{"self":[{"href":"https:\/\/olemosaic.orbitalia.org\/fr\/wp-json\/wp\/v2\/product\/31670","targetHints":{"allow":["GET"]}}],"collection":[{"href":"https:\/\/olemosaic.orbitalia.org\/fr\/wp-json\/wp\/v2\/product"}],"about":[{"href":"https:\/\/olemosaic.orbitalia.org\/fr\/wp-json\/wp\/v2\/types\/product"}],"wp:featuredmedia":[{"embeddable":true,"href":"https:\/\/olemosaic.orbitalia.org\/fr\/wp-json\/wp\/v2\/media\/10503"}],"wp:attachment":[{"href":"https:\/\/olemosaic.orbitalia.org\/fr\/wp-json\/wp\/v2\/media?parent=31670"}],"wp:term":[{"taxonomy":"product_brand","embeddable":true,"href":"https:\/\/olemosaic.orbitalia.org\/fr\/wp-json\/wp\/v2\/product_brand?post=31670"},{"taxonomy":"product_cat","embeddable":true,"href":"https:\/\/olemosaic.orbitalia.org\/fr\/wp-json\/wp\/v2\/product_cat?post=31670"},{"taxonomy":"product_tag","embeddable":true,"href":"https:\/\/olemosaic.orbitalia.org\/fr\/wp-json\/wp\/v2\/product_tag?post=31670"}],"curies":[{"name":"wp","href":"https:\/\/api.w.org\/{rel}","templated":true}]}}