{"id":31668,"date":"2025-02-20T23:33:30","date_gmt":"2025-02-20T22:33:30","guid":{"rendered":"https:\/\/olemosaic.orbitalia.org\/producto\/llavero-de-madera-letra-q-barcelona\/"},"modified":"2025-07-25T18:42:48","modified_gmt":"2025-07-25T16:42:48","slug":"porte-cles-en-bois-lettre-q-barcelone","status":"publish","type":"product","link":"https:\/\/olemosaic.orbitalia.org\/fr\/produit\/porte-cles-en-bois-lettre-q-barcelone\/","title":{"rendered":"Porte-cl\u00e9s en bois. Lettre Q. Barcelone."},"content":{"rendered":"<p>Ce porte-cl\u00e9s en bois en forme de lettre \u00ab\u00a0Q\u00a0\u00bb est une repr\u00e9sentation vibrante de la magie architecturale de Barcelone. Il met en avant des ic\u00f4nes du modernisme catalan, telles que les tours embl\u00e9matiques de la Sagrada Familia et les mosa\u00efques color\u00e9es, devenant ainsi un souvenir unique de la ville. Son design, peint \u00e0 la main, se distingue par des tons intenses tels que le rouge, le bleu et le vert, cr\u00e9ant un attrait visuel qui ne passe pas inaper\u00e7u. Chaque d\u00e9tail, m\u00e9ticuleusement \u00e9labor\u00e9, raconte une histoire qui c\u00e9l\u00e8bre la cr\u00e9ativit\u00e9 et l&rsquo;art caract\u00e9risant Barcelone, ce qui fait de ce porte-cl\u00e9s un excellent souvenir pour les touristes \u00e0 la recherche de quelque chose d&rsquo;authentique et de repr\u00e9sentatif de leur visite.<\/p>\n<p>Ce porte-cl\u00e9s n&rsquo;ajoute pas seulement une touche artistique \u00e0 vos cl\u00e9s, mais \u00e9voque \u00e9galement l&rsquo;essence d&rsquo;une ville riche en culture et en tradition. La lettre \u00ab\u00a0Q\u00a0\u00bb peut \u00eatre interpr\u00e9t\u00e9e comme une initiale personnelle, un clin d&rsquo;\u0153il \u00e0 l&rsquo;originalit\u00e9 de chaque voyageur qui emporte avec lui un morceau de Barcelone. Chez Ol\u00e9 Mosaic, nous nous sp\u00e9cialisons dans la distribution de souvenirs en gros, ce qui nous permet de proposer des produits de qualit\u00e9 comme ce porte-cl\u00e9s en bois, parfait pour les boutiques de cadeaux touristiques qui souhaitent mettre en avant l&rsquo;essence de la ville \u00e0 travers des articles authentiques et m\u00e9morables. En tant que distributeurs de souvenirs de Barcelone, nous vous proposons ce porte-cl\u00e9s comme une excellente option pour vous d\u00e9marquer dans votre boutique.<\/p>\n","protected":false},"excerpt":{"rendered":"<p>Porte-cl\u00e9s en bois en forme de lettre \u00ab\u00a0Q\u00a0\u00bb, d\u00e9cor\u00e9 de structures embl\u00e9matiques de Barcelone. Ce porte-cl\u00e9s attrayant pr\u00e9sente un design artisanal vibrant, peint \u00e0 la main, avec des \u00e9l\u00e9ments repr\u00e9sentatifs de l&rsquo;architecture moderniste de la ville, tels que des tours et des mosa\u00efques color\u00e9es. Avec une finition qui souligne les couleurs rouge, bleu et vert, c&rsquo;est le souvenir parfait pour se rappeler la beaut\u00e9 de Barcelone, tout en ajoutant une touche artistique \u00e0 vos cl\u00e9s.<\/p>\n","protected":false},"featured_media":10502,"template":"","meta":{"_acf_changed":false},"product_brand":[],"product_cat":[607],"product_tag":[614],"class_list":{"0":"post-31668","1":"product","2":"type-product","3":"status-publish","4":"has-post-thumbnail","6":"product_cat-porte-cles","7":"product_tag-lettres","8":"pa_ciudad-barcelona","9":"pa_motivo-lettre-q","10":"pa_pais-espana","12":"first","13":"instock","14":"shipping-taxable","15":"product-type-simple"},"acf":[],"_links":{"self":[{"href":"https:\/\/olemosaic.orbitalia.org\/fr\/wp-json\/wp\/v2\/product\/31668","targetHints":{"allow":["GET"]}}],"collection":[{"href":"https:\/\/olemosaic.orbitalia.org\/fr\/wp-json\/wp\/v2\/product"}],"about":[{"href":"https:\/\/olemosaic.orbitalia.org\/fr\/wp-json\/wp\/v2\/types\/product"}],"wp:featuredmedia":[{"embeddable":true,"href":"https:\/\/olemosaic.orbitalia.org\/fr\/wp-json\/wp\/v2\/media\/10502"}],"wp:attachment":[{"href":"https:\/\/olemosaic.orbitalia.org\/fr\/wp-json\/wp\/v2\/media?parent=31668"}],"wp:term":[{"taxonomy":"product_brand","embeddable":true,"href":"https:\/\/olemosaic.orbitalia.org\/fr\/wp-json\/wp\/v2\/product_brand?post=31668"},{"taxonomy":"product_cat","embeddable":true,"href":"https:\/\/olemosaic.orbitalia.org\/fr\/wp-json\/wp\/v2\/product_cat?post=31668"},{"taxonomy":"product_tag","embeddable":true,"href":"https:\/\/olemosaic.orbitalia.org\/fr\/wp-json\/wp\/v2\/product_tag?post=31668"}],"curies":[{"name":"wp","href":"https:\/\/api.w.org\/{rel}","templated":true}]}}