{"id":31653,"date":"2025-02-20T22:33:29","date_gmt":"2025-02-20T22:33:29","guid":{"rendered":"https:\/\/olemosaic.orbitalia.org\/producto\/llavero-de-madera-letra-p-barcelona\/"},"modified":"2025-07-25T19:54:45","modified_gmt":"2025-07-25T17:54:45","slug":"porte-cles-en-bois-lettre-p-barcelone","status":"publish","type":"product","link":"https:\/\/olemosaic.orbitalia.org\/fr\/produit\/porte-cles-en-bois-lettre-p-barcelone\/","title":{"rendered":"Porte-cl\u00e9s en bois. Lettre P. Barcelone."},"content":{"rendered":"<p>Ce porte-cl\u00e9s en bois en forme de lettre \u00ab\u00a0P\u00a0\u00bb est un charmant souvenir de Barcelone qui refl\u00e8te l&rsquo;essence vibrante de la ville. Con\u00e7u avec une finition polie, le porte-cl\u00e9s attire l&rsquo;attention par son style color\u00e9 et moderne, inspir\u00e9 de l&rsquo;architecture iconique de la capitale catalane. Dans sa partie centrale, on remarque les majestueuses tours de la Sagrada Familia, dont la silhouette s&rsquo;\u00e9l\u00e8ve dans une explosion de couleurs vives, ainsi que les mosa\u00efques du c\u00e9l\u00e8bre Park G\u00fcell, qui ajoutent une touche joyeuse et artistique. Chaque d\u00e9tail du design est soigneusement \u00e9labor\u00e9, incorporant des motifs et des textures qui \u00e9voquent la richesse culturelle et la tradition artistique de Barcelone.<\/p>\n<p>Ce porte-cl\u00e9s n&rsquo;est pas seulement un accessoire pratique pour organiser vos cl\u00e9s, il agit \u00e9galement comme un souvenir repr\u00e9sentatif d&rsquo;un voyage inoubliable. Son authenticit\u00e9 et sa connexion avec l&rsquo;architecture moderniste de la ville en font un cadeau sp\u00e9cial, tant pour les touristes que pour les locaux souhaitant emporter un morceau de Barcelone avec eux. Chez Ol\u00e9 Mosaic, sp\u00e9cialistes de la distribution de souvenirs en gros, nous proposons ce porte-cl\u00e9s en bois comme une excellente option pour les boutiques de cadeaux touristiques recherchant des articles de qualit\u00e9 qui encapsulent la beaut\u00e9 et l&rsquo;esprit de Barcelone. Un porte-cl\u00e9s parfait, qui se distingue non seulement par son design, mais aussi par sa pertinence culturelle en tant que souvenir embl\u00e9matique de la ville.<\/p>\n","protected":false},"excerpt":{"rendered":"<p>Porte-cl\u00e9s en bois en forme de lettre \u00ab\u00a0P\u00a0\u00bb, inspir\u00e9 par l&rsquo;architecture vibrante de Barcelone. Ce porte-cl\u00e9s attrayant pr\u00e9sente un design color\u00e9 qui capture les \u00e9l\u00e9ments distinctifs de la ville, tels que les tours iconiques de la Sagrada Familia et les mosa\u00efques du Park G\u00fcell. Avec des d\u00e9tails multicolores et une finition polie, c&rsquo;est un accessoire pratique et un souvenir parfait qui refl\u00e8te l&rsquo;esprit artistique de Barcelone.<\/p>\n","protected":false},"featured_media":10501,"template":"","meta":{"_acf_changed":false},"product_brand":[],"product_cat":[607],"product_tag":[614],"class_list":{"0":"post-31653","1":"product","2":"type-product","3":"status-publish","4":"has-post-thumbnail","6":"product_cat-porte-cles","7":"product_tag-lettres","8":"pa_ciudad-barcelona","9":"pa_motivo-lettre-p","10":"pa_pais-espana","12":"first","13":"instock","14":"shipping-taxable","15":"product-type-simple"},"acf":[],"_links":{"self":[{"href":"https:\/\/olemosaic.orbitalia.org\/fr\/wp-json\/wp\/v2\/product\/31653","targetHints":{"allow":["GET"]}}],"collection":[{"href":"https:\/\/olemosaic.orbitalia.org\/fr\/wp-json\/wp\/v2\/product"}],"about":[{"href":"https:\/\/olemosaic.orbitalia.org\/fr\/wp-json\/wp\/v2\/types\/product"}],"wp:featuredmedia":[{"embeddable":true,"href":"https:\/\/olemosaic.orbitalia.org\/fr\/wp-json\/wp\/v2\/media\/10501"}],"wp:attachment":[{"href":"https:\/\/olemosaic.orbitalia.org\/fr\/wp-json\/wp\/v2\/media?parent=31653"}],"wp:term":[{"taxonomy":"product_brand","embeddable":true,"href":"https:\/\/olemosaic.orbitalia.org\/fr\/wp-json\/wp\/v2\/product_brand?post=31653"},{"taxonomy":"product_cat","embeddable":true,"href":"https:\/\/olemosaic.orbitalia.org\/fr\/wp-json\/wp\/v2\/product_cat?post=31653"},{"taxonomy":"product_tag","embeddable":true,"href":"https:\/\/olemosaic.orbitalia.org\/fr\/wp-json\/wp\/v2\/product_tag?post=31653"}],"curies":[{"name":"wp","href":"https:\/\/api.w.org\/{rel}","templated":true}]}}