{"id":31652,"date":"2025-02-20T22:33:29","date_gmt":"2025-02-20T22:33:29","guid":{"rendered":"https:\/\/olemosaic.orbitalia.org\/producto\/llavero-de-madera-letra-o-mosaico\/"},"modified":"2025-07-25T18:46:24","modified_gmt":"2025-07-25T16:46:24","slug":"porte-cles-en-bois-lettre-o-mosaique","status":"publish","type":"product","link":"https:\/\/olemosaic.orbitalia.org\/fr\/produit\/porte-cles-en-bois-lettre-o-mosaique\/","title":{"rendered":"Porte-cl\u00e9s en bois. Lettre O. Mosa\u00efque."},"content":{"rendered":"<p>Ce porte-cl\u00e9s en bois en forme de lettre \u00ab\u00a0O\u00a0\u00bb est une pi\u00e8ce vibrante qui capture l&rsquo;essence de la culture m\u00e9diterran\u00e9enne. Avec un design de mosa\u00efque spectaculaire, cet accessoire se distingue par sa combinaison de couleurs \u00e9clatantes comme le rouge, le bleu, le vert et le rose, qui \u00e9voquent les traditions artistiques de villes comme Barcelone et Valence, o\u00f9 l&rsquo;art de la mosa\u00efque est une forme d&rsquo;expression tr\u00e8s c\u00e9l\u00e9br\u00e9e. La texture du bois ajoute une touche naturelle et authentique, en faisant un souvenir id\u00e9al pour ceux qui souhaitent emporter un morceau d&rsquo;Espagne chez eux.<\/p>\n<p>Sa forme stylis\u00e9e et joyeuse permet non seulement de personnaliser vos cl\u00e9s de mani\u00e8re amusante, mais refl\u00e8te \u00e9galement le riche h\u00e9ritage culturel de la mosa\u00efque, une technique qui symbolise l&rsquo;union et la diversit\u00e9. Ce porte-cl\u00e9s est plus qu&rsquo;un simple objet ; c&rsquo;est un fragment d&rsquo;histoire et d&rsquo;art qui donne une signification particuli\u00e8re aux cl\u00e9s qu&rsquo;il gardera.<\/p>\n<p>Chez Ol\u00e9 Mosaic, nous sommes fiers de proposer des souvenirs authentiques, parfaits pour les touristes qui cherchent un moyen de se souvenir de leur visite dans les villes espagnoles. Ce porte-cl\u00e9s en mosa\u00efque, disponible en gros, est une excellente option pour les boutiques de cadeaux touristiques souhaitant offrir des produits uniques c\u00e9l\u00e9brant la culture locale. Avec son design charmant et ses couleurs vives, il devient un cadeau id\u00e9al ou un souvenir personnel pr\u00e9cieux.<\/p>\n","protected":false},"excerpt":{"rendered":"<p>Porte-cl\u00e9s en bois en forme de lettre \u00ab\u00a0O\u00a0\u00bb, d\u00e9cor\u00e9 d&rsquo;un design vibrant de mosa\u00efque. Cet accessoire original pr\u00e9sente un m\u00e9lange de couleurs \u00e9clatantes comme le rouge, le bleu, le vert et le rose, \u00e9voquant l&rsquo;art de la mosa\u00efque typique des villes m\u00e9diterran\u00e9ennes. Parfait pour personnaliser vos cl\u00e9s, ce porte-cl\u00e9s est une repr\u00e9sentation joyeuse et color\u00e9e du patrimoine culturel. Sa forme stylis\u00e9e et sa technique de conception en font un souvenir id\u00e9al pour emporter un morceau d&rsquo;Espagne avec vous.<\/p>\n","protected":false},"featured_media":10765,"template":"","meta":{"_acf_changed":false},"product_brand":[],"product_cat":[607],"product_tag":[614],"class_list":{"0":"post-31652","1":"product","2":"type-product","3":"status-publish","4":"has-post-thumbnail","6":"product_cat-porte-cles","7":"product_tag-lettres","8":"pa_motivo-lettre-o","10":"first","11":"instock","12":"shipping-taxable","13":"product-type-simple"},"acf":[],"_links":{"self":[{"href":"https:\/\/olemosaic.orbitalia.org\/fr\/wp-json\/wp\/v2\/product\/31652","targetHints":{"allow":["GET"]}}],"collection":[{"href":"https:\/\/olemosaic.orbitalia.org\/fr\/wp-json\/wp\/v2\/product"}],"about":[{"href":"https:\/\/olemosaic.orbitalia.org\/fr\/wp-json\/wp\/v2\/types\/product"}],"wp:featuredmedia":[{"embeddable":true,"href":"https:\/\/olemosaic.orbitalia.org\/fr\/wp-json\/wp\/v2\/media\/10765"}],"wp:attachment":[{"href":"https:\/\/olemosaic.orbitalia.org\/fr\/wp-json\/wp\/v2\/media?parent=31652"}],"wp:term":[{"taxonomy":"product_brand","embeddable":true,"href":"https:\/\/olemosaic.orbitalia.org\/fr\/wp-json\/wp\/v2\/product_brand?post=31652"},{"taxonomy":"product_cat","embeddable":true,"href":"https:\/\/olemosaic.orbitalia.org\/fr\/wp-json\/wp\/v2\/product_cat?post=31652"},{"taxonomy":"product_tag","embeddable":true,"href":"https:\/\/olemosaic.orbitalia.org\/fr\/wp-json\/wp\/v2\/product_tag?post=31652"}],"curies":[{"name":"wp","href":"https:\/\/api.w.org\/{rel}","templated":true}]}}