{"id":31651,"date":"2025-02-20T23:33:29","date_gmt":"2025-02-20T22:33:29","guid":{"rendered":"https:\/\/olemosaic.orbitalia.org\/producto\/llavero-de-madera-letra-o-sevilla\/"},"modified":"2025-07-25T18:46:22","modified_gmt":"2025-07-25T16:46:22","slug":"porte-cles-en-bois-lettre-o-seville","status":"publish","type":"product","link":"https:\/\/olemosaic.orbitalia.org\/fr\/produit\/porte-cles-en-bois-lettre-o-seville\/","title":{"rendered":"Porte-cl\u00e9s en bois. Lettre O. S\u00e9ville."},"content":{"rendered":"<p>Ce porte-cl\u00e9s en bois en forme de lettre \u00ab\u00a0O\u00a0\u00bb est un cadeau id\u00e9al qui capture l&rsquo;essence de S\u00e9ville, une ville c\u00e9l\u00e8bre pour sa riche histoire et ses monuments embl\u00e9matiques. Con\u00e7u avec un style color\u00e9 et vibrant, ce porte-cl\u00e9s pr\u00e9sente des illustrations de la c\u00e9l\u00e8bre Torre del Oro et de la majestueuse Cath\u00e9drale de S\u00e9ville, des repr\u00e9sentations iconiques de la ville. Les images sont entour\u00e9es de d\u00e9tails artistiques qui \u00e9voquent les magnifiques azulejos s\u00e9villans, un \u00e9l\u00e9ment fondamental du patrimoine culturel andalou.<\/p>\n<p>Avec une finition brillante qui fait ressortir les tonalit\u00e9s vives du design, le porte-cl\u00e9s est non seulement attrayant \u00e0 l&rsquo;\u0153il, mais aussi pratique gr\u00e2ce \u00e0 son anneau en m\u00e9tal robuste, parfait pour garder les cl\u00e9s organis\u00e9es. Ce souvenir de S\u00e9ville devient un rappel quotidien des charmes de cette ville historique andalouse et de son patrimoine architectural.<\/p>\n<p>Acqu\u00e9rir ce porte-cl\u00e9s ne signifie pas seulement emporter un accessoire fonctionnel, mais aussi une pi\u00e8ce culturelle qui rend hommage aux traditions locales. Chez Ol\u00e9 Mosaic, en tant que sp\u00e9cialistes de la distribution de souvenirs en gros, nous proposons ce porte-cl\u00e9s en bois comme une option authentique et significative pour les boutiques de cadeaux touristiques. C&rsquo;est un excellent choix pour ceux qui recherchent des souvenirs de qualit\u00e9 capturant l&rsquo;esprit de S\u00e9ville.<\/p>\n","protected":false},"excerpt":{"rendered":"<p>Porte-cl\u00e9s en bois en forme de lettre \u00ab\u00a0O\u00a0\u00bb, repr\u00e9sentant S\u00e9ville avec un design color\u00e9 qui met en avant les \u00e9l\u00e9ments embl\u00e9matiques de la ville. Ce porte-cl\u00e9s pr\u00e9sente des illustrations vibrantes de la Torre del Oro et de la Cath\u00e9drale, entour\u00e9es de d\u00e9tails artistiques \u00e9voquant le c\u00e9l\u00e8bre azulejo s\u00e9villan. Avec une finition brillante et un anneau m\u00e9tallique pratique, c&rsquo;est un souvenir id\u00e9al qui allie artisanat traditionnel et design moderne et attrayant.<\/p>\n","protected":false},"featured_media":10899,"template":"","meta":{"_acf_changed":false},"product_brand":[],"product_cat":[607],"product_tag":[614],"class_list":{"0":"post-31651","1":"product","2":"type-product","3":"status-publish","4":"has-post-thumbnail","6":"product_cat-porte-cles","7":"product_tag-lettres","8":"pa_ciudad-sevilla","9":"pa_motivo-lettre-o","10":"pa_pais-espana","12":"first","13":"instock","14":"shipping-taxable","15":"product-type-simple"},"acf":[],"_links":{"self":[{"href":"https:\/\/olemosaic.orbitalia.org\/fr\/wp-json\/wp\/v2\/product\/31651","targetHints":{"allow":["GET"]}}],"collection":[{"href":"https:\/\/olemosaic.orbitalia.org\/fr\/wp-json\/wp\/v2\/product"}],"about":[{"href":"https:\/\/olemosaic.orbitalia.org\/fr\/wp-json\/wp\/v2\/types\/product"}],"wp:featuredmedia":[{"embeddable":true,"href":"https:\/\/olemosaic.orbitalia.org\/fr\/wp-json\/wp\/v2\/media\/10899"}],"wp:attachment":[{"href":"https:\/\/olemosaic.orbitalia.org\/fr\/wp-json\/wp\/v2\/media?parent=31651"}],"wp:term":[{"taxonomy":"product_brand","embeddable":true,"href":"https:\/\/olemosaic.orbitalia.org\/fr\/wp-json\/wp\/v2\/product_brand?post=31651"},{"taxonomy":"product_cat","embeddable":true,"href":"https:\/\/olemosaic.orbitalia.org\/fr\/wp-json\/wp\/v2\/product_cat?post=31651"},{"taxonomy":"product_tag","embeddable":true,"href":"https:\/\/olemosaic.orbitalia.org\/fr\/wp-json\/wp\/v2\/product_tag?post=31651"}],"curies":[{"name":"wp","href":"https:\/\/api.w.org\/{rel}","templated":true}]}}