{"id":31648,"date":"2025-02-20T23:33:28","date_gmt":"2025-02-20T22:33:28","guid":{"rendered":"https:\/\/olemosaic.orbitalia.org\/producto\/llavero-de-madera-letra-n-barcelona-2\/"},"modified":"2025-07-25T19:41:48","modified_gmt":"2025-07-25T17:41:48","slug":"porte-cles-en-bois-lettre-n-barcelone-2","status":"publish","type":"product","link":"https:\/\/olemosaic.orbitalia.org\/fr\/produit\/porte-cles-en-bois-lettre-n-barcelone-2\/","title":{"rendered":"Porte-cl\u00e9s en bois. Lettre N. Sagrada Familia. Barcelone."},"content":{"rendered":"<p>Ce porte-cl\u00e9s en bois en forme de lettre \u00ab\u00a0N\u00a0\u00bb est une charmante repr\u00e9sentation de la ville vibrante de Barcelone, id\u00e9al pour ceux qui souhaitent emporter un petit morceau de sa culture partout. Cet accessoire original pr\u00e9sente un design peint \u00e0 la main qui met en avant, avec un accent particulier, la c\u00e9l\u00e8bre Sagrada Familia, un symbole iconique de la ville, parmi d&rsquo;autres \u00e9l\u00e9ments embl\u00e9matiques qui refl\u00e8tent l&rsquo;essence catalane. Les couleurs \u00e9clatantes de l&rsquo;illustration, incluant des rouges intenses, des bleus profonds et des jaunes radieux, capturent la joie et la vitalit\u00e9 de Barcelone, faisant de ce porte-cl\u00e9s une pi\u00e8ce unique.<\/p>\n<p>Avec sa structure l\u00e9g\u00e8re, ce porte-cl\u00e9s est facile \u00e0 transporter, devenant un accessoire parfait pour personnaliser vos cl\u00e9s ou ajouter une touche sp\u00e9ciale \u00e0 votre sac. Le lien culturel et artistique de ce souvenir avec Barcelone est ind\u00e9niable, car il \u00e9voque l&rsquo;h\u00e9ritage d&rsquo;Antoni Gaud\u00ed et l&rsquo;architecture moderniste qui d\u00e9finit la ville. Ce porte-cl\u00e9s n&rsquo;est pas seulement un objet quotidien pratique ; c&rsquo;est aussi un souvenir repr\u00e9sentatif de Barcelone, parfait pour les touristes \u00e0 la recherche d&rsquo;un souvenir authentique et \u00e9vocateur.<\/p>\n<p>Chez Ol\u00e9 Mosaic, nous nous sp\u00e9cialisons dans la distribution de souvenirs en gros, et ce porte-cl\u00e9s en bois se pr\u00e9sente comme une excellente option pour les boutiques de cadeaux touristiques cherchant \u00e0 offrir des produits authentiques et de qualit\u00e9. Avec nos pi\u00e8ces, nous garantissons que chaque client emporte un morceau de Barcelone, faisant de ce porte-cl\u00e9s un choix id\u00e9al et pertinent.<\/p>\n","protected":false},"excerpt":{"rendered":"<p>Porte-cl\u00e9s en bois avec la forme de la lettre \u00ab\u00a0N\u00a0\u00bb, inspir\u00e9 par la ville vibrante de Barcelone. Cet accessoire original pr\u00e9sente un design artisanal, peint \u00e0 la main, qui met en valeur la c\u00e9l\u00e8bre Sagrada Familia et des \u00e9l\u00e9ments embl\u00e9matiques de la ville dans des couleurs \u00e9clatantes, comme le rouge, le bleu et le jaune. Avec sa structure l\u00e9g\u00e8re et son anneau m\u00e9tallique, c&rsquo;est un souvenir parfait pour emporter un morceau de la culture barcelonaise partout. Id\u00e9al pour personnaliser vos cl\u00e9s ou comme cadeau.<\/p>\n","protected":false},"featured_media":10525,"template":"","meta":{"_acf_changed":false},"product_brand":[],"product_cat":[607],"product_tag":[614],"class_list":{"0":"post-31648","1":"product","2":"type-product","3":"status-publish","4":"has-post-thumbnail","6":"product_cat-porte-cles","7":"product_tag-lettres","8":"pa_ciudad-barcelona","9":"pa_motivo-lettre-n","10":"pa_pais-espana","12":"first","13":"instock","14":"shipping-taxable","15":"product-type-simple"},"acf":[],"_links":{"self":[{"href":"https:\/\/olemosaic.orbitalia.org\/fr\/wp-json\/wp\/v2\/product\/31648","targetHints":{"allow":["GET"]}}],"collection":[{"href":"https:\/\/olemosaic.orbitalia.org\/fr\/wp-json\/wp\/v2\/product"}],"about":[{"href":"https:\/\/olemosaic.orbitalia.org\/fr\/wp-json\/wp\/v2\/types\/product"}],"wp:featuredmedia":[{"embeddable":true,"href":"https:\/\/olemosaic.orbitalia.org\/fr\/wp-json\/wp\/v2\/media\/10525"}],"wp:attachment":[{"href":"https:\/\/olemosaic.orbitalia.org\/fr\/wp-json\/wp\/v2\/media?parent=31648"}],"wp:term":[{"taxonomy":"product_brand","embeddable":true,"href":"https:\/\/olemosaic.orbitalia.org\/fr\/wp-json\/wp\/v2\/product_brand?post=31648"},{"taxonomy":"product_cat","embeddable":true,"href":"https:\/\/olemosaic.orbitalia.org\/fr\/wp-json\/wp\/v2\/product_cat?post=31648"},{"taxonomy":"product_tag","embeddable":true,"href":"https:\/\/olemosaic.orbitalia.org\/fr\/wp-json\/wp\/v2\/product_tag?post=31648"}],"curies":[{"name":"wp","href":"https:\/\/api.w.org\/{rel}","templated":true}]}}