{"id":31645,"date":"2025-02-20T22:33:28","date_gmt":"2025-02-20T22:33:28","guid":{"rendered":"https:\/\/olemosaic.orbitalia.org\/producto\/llavero-de-madera-letra-n\/"},"modified":"2025-07-25T19:26:28","modified_gmt":"2025-07-25T17:26:28","slug":"porte-cles-en-bois-lettre-n","status":"publish","type":"product","link":"https:\/\/olemosaic.orbitalia.org\/fr\/produit\/porte-cles-en-bois-lettre-n\/","title":{"rendered":"Porte-cl\u00e9s en bois. Lettre N."},"content":{"rendered":"<p>Ce porte-cl\u00e9s en bois avec la lettre \u00ab\u00a0N\u00a0\u00bb est un tr\u00e9sor qui capture l&rsquo;essence de l&rsquo;art et de la culture espagnole. Son design vibrant est magnifiquement d\u00e9cor\u00e9 d&rsquo;un motif d&rsquo;azulejos traditionnels, rendant hommage au riche h\u00e9ritage artistique de l&rsquo;Espagne. Avec des couleurs \u00e9clatantes comme le rouge, le jaune et le bleu, ce porte-cl\u00e9s est, en plus d&rsquo;\u00eatre fonctionnel, un accessoire amusant qui ajoute une touche joyeuse \u00e0 n&rsquo;importe quel ensemble. Chaque d\u00e9tail du motif \u00e9voque l&rsquo;histoire de l&rsquo;azulejo, un \u00e9l\u00e9ment cl\u00e9 de l&rsquo;architecture et de la d\u00e9coration espagnoles, symbolisant la cr\u00e9ativit\u00e9 et le talent artisanal de ses cr\u00e9ateurs.<\/p>\n<p>La lettre \u00ab\u00a0N\u00a0\u00bb personnalis\u00e9e lui donne une signification particuli\u00e8re, en faisant un cadeau id\u00e9al pour les touristes et les locaux \u00e0 la recherche de souvenirs uniques repr\u00e9sentant leur identit\u00e9. Ce porte-cl\u00e9s, en plus d&rsquo;\u00eatre un organisateur de cl\u00e9s pratique, sert de rappel constant de la beaut\u00e9 et de la diversit\u00e9 du folklore espagnol.<\/p>\n<p>Chez Ol\u00e9 Mosaic, nous distribuons des souvenirs authentiques en gros, offrant des produits qui c\u00e9l\u00e8brent la culture locale. Ce porte-cl\u00e9s en azulejos est une excellente option pour les boutiques de cadeaux touristiques souhaitant offrir \u00e0 leurs clients des souvenirs authentiques avec une valeur culturelle significative. En tant que grossistes de porte-cl\u00e9s, nous garantissons la qualit\u00e9 et le design de chacun de nos produits.<\/p>\n","protected":false},"excerpt":{"rendered":"<p>Porte-cl\u00e9s en bois en forme de lettre \u00ab\u00a0N\u00a0\u00bb, d\u00e9cor\u00e9 d&rsquo;un design vibrant d&rsquo;azulejos \u00e9voquant la tradition culturelle espagnole. Ce porte-cl\u00e9s se distingue par ses couleurs \u00e9clatantes, comme le rouge, le jaune et le bleu, qui lui donnent une touche joyeuse et distinctive. Chaque d\u00e9tail du motif refl\u00e8te le riche h\u00e9ritage artistique espagnol, en faisant un souvenir id\u00e9al pour les amateurs de folklore et d&rsquo;artisanat local. Son design l\u00e9ger et durable le rend parfait pour porter ses cl\u00e9s avec style.<\/p>\n","protected":false},"featured_media":9604,"template":"","meta":{"_acf_changed":false},"product_brand":[],"product_cat":[607],"product_tag":[614],"class_list":{"0":"post-31645","1":"product","2":"type-product","3":"status-publish","4":"has-post-thumbnail","6":"product_cat-porte-cles","7":"product_tag-lettres","8":"pa_motivo-lettre-n","10":"first","11":"instock","12":"shipping-taxable","13":"product-type-simple"},"acf":[],"_links":{"self":[{"href":"https:\/\/olemosaic.orbitalia.org\/fr\/wp-json\/wp\/v2\/product\/31645","targetHints":{"allow":["GET"]}}],"collection":[{"href":"https:\/\/olemosaic.orbitalia.org\/fr\/wp-json\/wp\/v2\/product"}],"about":[{"href":"https:\/\/olemosaic.orbitalia.org\/fr\/wp-json\/wp\/v2\/types\/product"}],"wp:featuredmedia":[{"embeddable":true,"href":"https:\/\/olemosaic.orbitalia.org\/fr\/wp-json\/wp\/v2\/media\/9604"}],"wp:attachment":[{"href":"https:\/\/olemosaic.orbitalia.org\/fr\/wp-json\/wp\/v2\/media?parent=31645"}],"wp:term":[{"taxonomy":"product_brand","embeddable":true,"href":"https:\/\/olemosaic.orbitalia.org\/fr\/wp-json\/wp\/v2\/product_brand?post=31645"},{"taxonomy":"product_cat","embeddable":true,"href":"https:\/\/olemosaic.orbitalia.org\/fr\/wp-json\/wp\/v2\/product_cat?post=31645"},{"taxonomy":"product_tag","embeddable":true,"href":"https:\/\/olemosaic.orbitalia.org\/fr\/wp-json\/wp\/v2\/product_tag?post=31645"}],"curies":[{"name":"wp","href":"https:\/\/api.w.org\/{rel}","templated":true}]}}