{"id":31644,"date":"2025-02-20T23:33:28","date_gmt":"2025-02-20T22:33:28","guid":{"rendered":"https:\/\/olemosaic.orbitalia.org\/producto\/llavero-de-madera-letra-m-2\/"},"modified":"2025-07-25T18:54:37","modified_gmt":"2025-07-25T16:54:37","slug":"porte-cles-en-bois-lettre-m-2","status":"publish","type":"product","link":"https:\/\/olemosaic.orbitalia.org\/fr\/produit\/porte-cles-en-bois-lettre-m-2\/","title":{"rendered":"Porte-cl\u00e9s en bois. Lettre M. Mosa\u00efque."},"content":{"rendered":"<p>Ce porte-cl\u00e9s en bois en forme de lettre \u00ab\u00a0M\u00a0\u00bb est une expression vibrante de l&rsquo;art et de la culture espagnole, inspir\u00e9 par les mosa\u00efques caract\u00e9ristiques de Gaud\u00ed, l&rsquo;un des plus grands repr\u00e9sentants du modernisme catalan. Avec un design dynamique, ce porte-cl\u00e9s pr\u00e9sente une riche palette de couleurs comprenant le rouge, le jaune, le bleu et le vert, sur un fond blanc qui rehausse sa luminosit\u00e9. Les traits noirs apportent une touche \u00e9l\u00e9gante et contemporaine, faisant de ce porte-cl\u00e9s un accessoire visuellement attrayant et fonctionnel.<\/p>\n<p>La forme de la lettre \u00ab\u00a0M\u00a0\u00bb permet de personnaliser facilement les cl\u00e9s de n&rsquo;importe qui, ajoutant une touche de singularit\u00e9 et de style \u00e0 son usage quotidien. Ce porte-cl\u00e9s n&rsquo;est pas seulement pratique, il sert \u00e9galement de charmant souvenir de l&rsquo;art et de la cr\u00e9ativit\u00e9 qui caract\u00e9risent des villes comme Barcelone, o\u00f9 l&rsquo;\u0153uvre de Gaud\u00ed est un symbole international de la culture et de l&rsquo;architecture espagnoles.<\/p>\n<p>Chez Ol\u00e9 Mosaic, nous sommes grossistes en souvenirs authentiques, et ce porte-cl\u00e9s est une excellente option pour les boutiques de cadeaux touristiques \u00e0 la recherche de produits ayant un sens culturel et artistique. Avec son design exclusif et son lien avec l&rsquo;h\u00e9ritage de Gaud\u00ed, c&rsquo;est un souvenir parfait pour ceux qui souhaitent ramener un morceau d&rsquo;Espagne chez eux.<\/p>\n","protected":false},"excerpt":{"rendered":"<p>Porte-cl\u00e9s en bois avec la lettre \u00ab\u00a0M\u00a0\u00bb, d\u00e9cor\u00e9 de motifs de mosa\u00efque vifs rappelant le style de Gaud\u00ed. Ce porte-cl\u00e9s combine des couleurs vibrantes comme le rouge, le jaune, le bleu et le vert sur un fond blanc avec des traits noirs qui d\u00e9finissent un design dynamique. Un accessoire id\u00e9al pour emporter un morceau d&rsquo;art espagnol partout, parfait pour personnaliser vos cl\u00e9s avec une touche unique et artistique.<\/p>\n","protected":false},"featured_media":10932,"template":"","meta":{"_acf_changed":false},"product_brand":[],"product_cat":[607],"product_tag":[614],"class_list":{"0":"post-31644","1":"product","2":"type-product","3":"status-publish","4":"has-post-thumbnail","6":"product_cat-porte-cles","7":"product_tag-lettres","8":"pa_motivo-lettre-m","10":"first","11":"instock","12":"shipping-taxable","13":"product-type-simple"},"acf":[],"_links":{"self":[{"href":"https:\/\/olemosaic.orbitalia.org\/fr\/wp-json\/wp\/v2\/product\/31644","targetHints":{"allow":["GET"]}}],"collection":[{"href":"https:\/\/olemosaic.orbitalia.org\/fr\/wp-json\/wp\/v2\/product"}],"about":[{"href":"https:\/\/olemosaic.orbitalia.org\/fr\/wp-json\/wp\/v2\/types\/product"}],"wp:featuredmedia":[{"embeddable":true,"href":"https:\/\/olemosaic.orbitalia.org\/fr\/wp-json\/wp\/v2\/media\/10932"}],"wp:attachment":[{"href":"https:\/\/olemosaic.orbitalia.org\/fr\/wp-json\/wp\/v2\/media?parent=31644"}],"wp:term":[{"taxonomy":"product_brand","embeddable":true,"href":"https:\/\/olemosaic.orbitalia.org\/fr\/wp-json\/wp\/v2\/product_brand?post=31644"},{"taxonomy":"product_cat","embeddable":true,"href":"https:\/\/olemosaic.orbitalia.org\/fr\/wp-json\/wp\/v2\/product_cat?post=31644"},{"taxonomy":"product_tag","embeddable":true,"href":"https:\/\/olemosaic.orbitalia.org\/fr\/wp-json\/wp\/v2\/product_tag?post=31644"}],"curies":[{"name":"wp","href":"https:\/\/api.w.org\/{rel}","templated":true}]}}