{"id":31633,"date":"2025-02-20T23:33:27","date_gmt":"2025-02-20T22:33:27","guid":{"rendered":"https:\/\/olemosaic.orbitalia.org\/producto\/llavero-de-madera-letra-m-barcelona-2\/"},"modified":"2025-07-25T18:45:26","modified_gmt":"2025-07-25T16:45:26","slug":"porte-cles-en-bois-lettre-m-barcelone-2","status":"publish","type":"product","link":"https:\/\/olemosaic.orbitalia.org\/fr\/produit\/porte-cles-en-bois-lettre-m-barcelone-2\/","title":{"rendered":"Porte-cl\u00e9s en bois. Lettre M. Sagrada Familia. Barcelone."},"content":{"rendered":"<p>Ce porte-cl\u00e9s en bois en forme de lettre \u00ab\u00a0M\u00a0\u00bb est un souvenir vibrant de Barcelone qui capture l&rsquo;essence artistique et architecturale de la ville. Avec une illustration \u00e0 effet peint \u00e0 la main, ce porte-cl\u00e9s se distingue par ses motifs color\u00e9s, incluant la majestueuse Sagrada Familia et l&#8217;embl\u00e9matique b\u00e2timent de La Pedrera, deux des \u0153uvres les plus repr\u00e9sentatives d&rsquo;Antoni Gaud\u00ed. Les tons brillants et le design ludique qui ornent ce porte-cl\u00e9s en font un accessoire attrayant et fonctionnel, id\u00e9al pour garder vos cl\u00e9s organis\u00e9es tout en vous rappelant la beaut\u00e9 de cette ville embl\u00e9matique.<\/p>\n<p>La lettre \u00ab\u00a0M\u00a0\u00bb devient un symbole personnel qui peut repr\u00e9senter votre pr\u00e9nom ou, simplement, un lien avec Barcelone. Ce souvenir de Barcelone n&rsquo;est pas seulement une pi\u00e8ce d\u00e9corative, mais aussi un hommage \u00e0 la richesse culturelle et architecturale de la capitale catalane, c\u00e9l\u00e8bre pour son modernisme et sa vie urbaine vibrante. Chez Ol\u00e9 Mosaic, en tant que grossistes de souvenirs, nous proposons ce porte-cl\u00e9s en bois comme une option parfaite pour les boutiques de cadeaux touristiques cherchant \u00e0 offrir un morceau de Barcelone \u00e0 leurs clients. Ne manquez pas l&rsquo;occasion d&rsquo;offrir \u00e0 vos clients un souvenir authentique et significatif qui c\u00e9l\u00e8bre la singularit\u00e9 de cette ville fascinante.<\/p>\n","protected":false},"excerpt":{"rendered":"<p>Porte-cl\u00e9s en bois en forme de lettre \u00ab\u00a0M\u00a0\u00bb, capturant l&rsquo;essence de Barcelone. Ce porte-cl\u00e9s attrayant pr\u00e9sente des motifs illustratifs color\u00e9s de la ville, tels que l&rsquo;impressionnante Sagrada Familia et l&#8217;embl\u00e9matique b\u00e2timent de La Pedrera. Peint dans un style artisanal avec des d\u00e9tails vibrants, ses tons brillants et son design ludique en font le souvenir parfait pour se rappeler la beaut\u00e9 de Barcelone et ajouter une touche artistique \u00e0 vos cl\u00e9s.<\/p>\n","protected":false},"featured_media":10524,"template":"","meta":{"_acf_changed":false},"product_brand":[],"product_cat":[607],"product_tag":[614],"class_list":{"0":"post-31633","1":"product","2":"type-product","3":"status-publish","4":"has-post-thumbnail","6":"product_cat-porte-cles","7":"product_tag-lettres","8":"pa_ciudad-barcelona","9":"pa_motivo-lettre-m","10":"pa_pais-espana","12":"first","13":"instock","14":"shipping-taxable","15":"product-type-simple"},"acf":[],"_links":{"self":[{"href":"https:\/\/olemosaic.orbitalia.org\/fr\/wp-json\/wp\/v2\/product\/31633","targetHints":{"allow":["GET"]}}],"collection":[{"href":"https:\/\/olemosaic.orbitalia.org\/fr\/wp-json\/wp\/v2\/product"}],"about":[{"href":"https:\/\/olemosaic.orbitalia.org\/fr\/wp-json\/wp\/v2\/types\/product"}],"wp:featuredmedia":[{"embeddable":true,"href":"https:\/\/olemosaic.orbitalia.org\/fr\/wp-json\/wp\/v2\/media\/10524"}],"wp:attachment":[{"href":"https:\/\/olemosaic.orbitalia.org\/fr\/wp-json\/wp\/v2\/media?parent=31633"}],"wp:term":[{"taxonomy":"product_brand","embeddable":true,"href":"https:\/\/olemosaic.orbitalia.org\/fr\/wp-json\/wp\/v2\/product_brand?post=31633"},{"taxonomy":"product_cat","embeddable":true,"href":"https:\/\/olemosaic.orbitalia.org\/fr\/wp-json\/wp\/v2\/product_cat?post=31633"},{"taxonomy":"product_tag","embeddable":true,"href":"https:\/\/olemosaic.orbitalia.org\/fr\/wp-json\/wp\/v2\/product_tag?post=31633"}],"curies":[{"name":"wp","href":"https:\/\/api.w.org\/{rel}","templated":true}]}}