{"id":31632,"date":"2025-02-20T22:33:27","date_gmt":"2025-02-20T22:33:27","guid":{"rendered":"https:\/\/olemosaic.orbitalia.org\/producto\/llavero-de-madera-letra-m\/"},"modified":"2025-07-25T18:45:27","modified_gmt":"2025-07-25T16:45:27","slug":"porte-cles-en-bois-lettre-m","status":"publish","type":"product","link":"https:\/\/olemosaic.orbitalia.org\/fr\/produit\/porte-cles-en-bois-lettre-m\/","title":{"rendered":"Porte-cl\u00e9s en bois. Lettre M."},"content":{"rendered":"<p>Ce porte-cl\u00e9s en bois en forme de lettre \u00ab\u00a0M\u00a0\u00bb est un souvenir singulier qui capture l&rsquo;essence de l&rsquo;art et de la culture espagnole. Son design vibrant, d\u00e9cor\u00e9 d&rsquo;une riche mosa\u00efque de couleurs vives comme le rouge, le bleu et le jaune, \u00e9voque la tradition artistique que l&rsquo;on retrouve dans les azulejos de nombreuses villes espagnoles. La finition lisse du bois apporte chaleur et authenticit\u00e9, tandis que le cadre noir entourant le \u00ab\u00a0M\u00a0\u00bb souligne sa forme de mani\u00e8re \u00e9l\u00e9gante, faisant de ce porte-cl\u00e9s un accessoire attrayant et fonctionnel.<\/p>\n<p>La mosa\u00efque pr\u00e9sente une vari\u00e9t\u00e9 de motifs g\u00e9om\u00e9triques et floraux qui ne sont pas seulement esth\u00e9tiques, mais racontent aussi une histoire du riche h\u00e9ritage culturel de l&rsquo;Espagne, connue pour sa diversit\u00e9 artistique. Ce porte-cl\u00e9s n&rsquo;est pas seulement un objet utile, il sert de rappel tangible des voyages et des exp\u00e9riences v\u00e9cues dans le pays, \u00e9tant une pi\u00e8ce id\u00e9ale pour les touristes \u00e0 la recherche d&rsquo;un souvenir authentique et repr\u00e9sentatif de leur visite.<\/p>\n<p>Chez Ol\u00e9 Mosaic, nous nous sp\u00e9cialisons dans la distribution de produits de qualit\u00e9 en gros, offrant des souvenirs uniques comme ce porte-cl\u00e9s en bois, qui incarne la tradition et les couleurs du patrimoine espagnol. C&rsquo;est une excellente option pour les boutiques de cadeaux touristiques cherchant \u00e0 inclure des articles qui mettent en valeur la culture espagnole et sont appr\u00e9ci\u00e9s par les visiteurs.<\/p>\n","protected":false},"excerpt":{"rendered":"<p>Porte-cl\u00e9s en bois en forme de lettre \u00ab\u00a0M\u00a0\u00bb, d\u00e9cor\u00e9 d&rsquo;un design de mosa\u00efque vibrant qui \u00e9voque le riche patrimoine artistique espagnol. Ce porte-cl\u00e9s pr\u00e9sente une finition lisse et des d\u00e9tails aux couleurs vives comme le rouge, le bleu et le jaune, qui lui donnent un air festif et original. La lettre \u00ab\u00a0M\u00a0\u00bb est encadr\u00e9e de noir, ce qui souligne sa forme et fait de cet accessoire un souvenir id\u00e9al pour ceux qui recherchent une touche de culture et de style.<\/p>\n","protected":false},"featured_media":9603,"template":"","meta":{"_acf_changed":false},"product_brand":[],"product_cat":[607],"product_tag":[614],"class_list":{"0":"post-31632","1":"product","2":"type-product","3":"status-publish","4":"has-post-thumbnail","6":"product_cat-porte-cles","7":"product_tag-lettres","8":"pa_motivo-lettre-m","10":"first","11":"instock","12":"shipping-taxable","13":"product-type-simple"},"acf":[],"_links":{"self":[{"href":"https:\/\/olemosaic.orbitalia.org\/fr\/wp-json\/wp\/v2\/product\/31632","targetHints":{"allow":["GET"]}}],"collection":[{"href":"https:\/\/olemosaic.orbitalia.org\/fr\/wp-json\/wp\/v2\/product"}],"about":[{"href":"https:\/\/olemosaic.orbitalia.org\/fr\/wp-json\/wp\/v2\/types\/product"}],"wp:featuredmedia":[{"embeddable":true,"href":"https:\/\/olemosaic.orbitalia.org\/fr\/wp-json\/wp\/v2\/media\/9603"}],"wp:attachment":[{"href":"https:\/\/olemosaic.orbitalia.org\/fr\/wp-json\/wp\/v2\/media?parent=31632"}],"wp:term":[{"taxonomy":"product_brand","embeddable":true,"href":"https:\/\/olemosaic.orbitalia.org\/fr\/wp-json\/wp\/v2\/product_brand?post=31632"},{"taxonomy":"product_cat","embeddable":true,"href":"https:\/\/olemosaic.orbitalia.org\/fr\/wp-json\/wp\/v2\/product_cat?post=31632"},{"taxonomy":"product_tag","embeddable":true,"href":"https:\/\/olemosaic.orbitalia.org\/fr\/wp-json\/wp\/v2\/product_tag?post=31632"}],"curies":[{"name":"wp","href":"https:\/\/api.w.org\/{rel}","templated":true}]}}