{"id":31631,"date":"2025-02-20T23:33:27","date_gmt":"2025-02-20T22:33:27","guid":{"rendered":"https:\/\/olemosaic.orbitalia.org\/producto\/llavero-de-madera-letra-m-valencia\/"},"modified":"2025-07-25T19:11:46","modified_gmt":"2025-07-25T17:11:46","slug":"porte-cles-en-bois-lettre-m-valence","status":"publish","type":"product","link":"https:\/\/olemosaic.orbitalia.org\/fr\/produit\/porte-cles-en-bois-lettre-m-valence\/","title":{"rendered":"Porte-cl\u00e9s en bois. Lettre M. Valence."},"content":{"rendered":"<p>Ce porte-cl\u00e9s en bois avec la lettre \u00ab\u00a0M\u00a0\u00bb est un souvenir exclusif de Valence qui c\u00e9l\u00e8bre la riche culture et le patrimoine artistique de la ville. Le design, vibrant et original, combine ing\u00e9nieusement des \u00e9l\u00e9ments architecturaux embl\u00e9matiques, tels que la majestueuse Seu et l&rsquo;innovante Cit\u00e9 des Arts et des Sciences, repr\u00e9sent\u00e9s dans une palette de couleurs intenses qui capturent l&rsquo;essence de cette belle r\u00e9gion. L&rsquo;ex\u00e9cution soign\u00e9e des techniques de mosa\u00efque et de peinture lui conf\u00e8re un attrait visuel in\u00e9gal\u00e9, \u00e9voquant le style caract\u00e9ristique de Valence.<\/p>\n<p>Fabriqu\u00e9 en bois de haute qualit\u00e9, ce porte-cl\u00e9s n&rsquo;est pas seulement fonctionnel, mais aussi un v\u00e9ritable \u00e9chantillon de l&rsquo;art local, ce qui en fait un cadeau parfait pour ceux qui recherchent des souvenirs repr\u00e9sentatifs de leur visite. La lettre \u00ab\u00a0M\u00a0\u00bb ne fait pas seulement r\u00e9f\u00e9rence \u00e0 Valence, mais peut \u00e9galement symboliser des pr\u00e9noms ou des surnoms, ajoutant une touche personnelle \u00e0 cet article. Par cons\u00e9quent, ce porte-cl\u00e9s n&rsquo;est pas un simple objet quotidien, mais un lien tangible avec la culture valencienne.<\/p>\n<p>Chez Ol\u00e9 Mosaic, nous nous sp\u00e9cialisons dans la distribution de souvenirs en gros, offrant des options uniques qui soulignent l&rsquo;authenticit\u00e9 et la tradition de chaque zone. Ce porte-cl\u00e9s en bois est un excellent choix pour les boutiques de cadeaux touristiques souhaitant proposer des produits de qualit\u00e9 et de pertinence culturelle. Un souvenir m\u00e9morable qui sera appr\u00e9ci\u00e9 tant par les touristes que par les locaux, exaltant le riche h\u00e9ritage artistique de Valence.<\/p>\n","protected":false},"excerpt":{"rendered":"<p>Porte-cl\u00e9s en bois en forme de lettre \u00ab\u00a0M\u00a0\u00bb, inspir\u00e9 de Valence. Ce porte-cl\u00e9s pr\u00e9sente un design vibrant avec des motifs architecturaux embl\u00e9matiques de la ville, tels que l&rsquo;impressionnante Seu et la Cit\u00e9 des Arts et des Sciences, repr\u00e9sent\u00e9s dans des couleurs vives. La finition combine des techniques de mosa\u00efque et de peinture, offrant un attrait visuel remarquable. Id\u00e9al comme souvenir ou cadeau, ce porte-cl\u00e9s en bois capture l&rsquo;essence culturelle de Valence.<\/p>\n","protected":false},"featured_media":10871,"template":"","meta":{"_acf_changed":false},"product_brand":[],"product_cat":[607],"product_tag":[614],"class_list":{"0":"post-31631","1":"product","2":"type-product","3":"status-publish","4":"has-post-thumbnail","6":"product_cat-porte-cles","7":"product_tag-lettres","8":"pa_ciudad-valencia","9":"pa_motivo-lettre-m","10":"pa_pais-espana","12":"first","13":"instock","14":"shipping-taxable","15":"product-type-simple"},"acf":[],"_links":{"self":[{"href":"https:\/\/olemosaic.orbitalia.org\/fr\/wp-json\/wp\/v2\/product\/31631","targetHints":{"allow":["GET"]}}],"collection":[{"href":"https:\/\/olemosaic.orbitalia.org\/fr\/wp-json\/wp\/v2\/product"}],"about":[{"href":"https:\/\/olemosaic.orbitalia.org\/fr\/wp-json\/wp\/v2\/types\/product"}],"wp:featuredmedia":[{"embeddable":true,"href":"https:\/\/olemosaic.orbitalia.org\/fr\/wp-json\/wp\/v2\/media\/10871"}],"wp:attachment":[{"href":"https:\/\/olemosaic.orbitalia.org\/fr\/wp-json\/wp\/v2\/media?parent=31631"}],"wp:term":[{"taxonomy":"product_brand","embeddable":true,"href":"https:\/\/olemosaic.orbitalia.org\/fr\/wp-json\/wp\/v2\/product_brand?post=31631"},{"taxonomy":"product_cat","embeddable":true,"href":"https:\/\/olemosaic.orbitalia.org\/fr\/wp-json\/wp\/v2\/product_cat?post=31631"},{"taxonomy":"product_tag","embeddable":true,"href":"https:\/\/olemosaic.orbitalia.org\/fr\/wp-json\/wp\/v2\/product_tag?post=31631"}],"curies":[{"name":"wp","href":"https:\/\/api.w.org\/{rel}","templated":true}]}}