{"id":31630,"date":"2025-02-20T23:33:27","date_gmt":"2025-02-20T22:33:27","guid":{"rendered":"https:\/\/olemosaic.orbitalia.org\/producto\/llavero-de-madera-letra-m-madrid\/"},"modified":"2025-07-25T18:37:56","modified_gmt":"2025-07-25T16:37:56","slug":"porte-cles-en-bois-lettre-m-madrid","status":"publish","type":"product","link":"https:\/\/olemosaic.orbitalia.org\/fr\/produit\/porte-cles-en-bois-lettre-m-madrid\/","title":{"rendered":"Porte-cl\u00e9s en bois. Lettre M. Madrid."},"content":{"rendered":"<p>Ce porte-cl\u00e9s en bois en forme de \u00ab\u00a0M\u00a0\u00bb est un souvenir distinctif qui c\u00e9l\u00e8bre la ville embl\u00e9matique de Madrid. Con\u00e7u et peint \u00e0 la main avec soin, ce porte-cl\u00e9s se distingue tant par sa forme unique que par sa d\u00e9coration vibrante, qui inclut des \u00e9l\u00e9ments embl\u00e9matiques tels que la Puerta del Sol et le c\u00e9l\u00e8bre Ours et l&rsquo;Arbousier. L&rsquo;utilisation de mosa\u00efques color\u00e9es sur sa surface \u00e9voque le riche h\u00e9ritage culturel de la capitale espagnole, faisant de ce porte-cl\u00e9s une repr\u00e9sentation parfaite de l&rsquo;esprit madril\u00e8ne.<\/p>\n<p>Le d\u00e9tail de l&rsquo;Ours et l&rsquo;Arbousier, symbole de la ville, est accompagn\u00e9 d&rsquo;une illustration minutieuse de la Puerta del Sol, ajoutant une touche d&rsquo;histoire et d&rsquo;authenticit\u00e9. La lettre \u00ab\u00a0M\u00a0\u00bb ne sert pas seulement de rappel de Madrid, mais constitue \u00e9galement une pi\u00e8ce d\u00e9corative que les amateurs de culture espagnole appr\u00e9cieront. Ce porte-cl\u00e9s est id\u00e9al pour les touristes cherchant \u00e0 ramener un morceau de Madrid chez eux, ainsi que pour ceux qui souhaitent un cadeau m\u00e9morable et significatif. Chez Ol\u00e9 Mosaic, en tant que grossistes de souvenirs de haute qualit\u00e9, nous proposons des produits authentiques qui capturent l&rsquo;essence de chaque r\u00e9gion. Ce porte-cl\u00e9s de Madrid est une excellente option pour les boutiques de cadeaux touristiques \u00e0 la recherche d&rsquo;articles uniques et attrayants.<\/p>\n","protected":false},"excerpt":{"rendered":"<p>Porte-cl\u00e9s en bois en forme de lettre \u00ab\u00a0M\u00a0\u00bb, repr\u00e9sentant la ville embl\u00e9matique de Madrid. Ce porte-cl\u00e9s distinctif, d\u00e9cor\u00e9 de mosa\u00efques color\u00e9es et de d\u00e9tails peints \u00e0 la main, inclut des \u00e9l\u00e9ments embl\u00e9matiques tels que la Puerta del Sol et la c\u00e9l\u00e8bre figure de l&rsquo;Ours et l&rsquo;Arbousier. Avec un design vibrant qui capture l&rsquo;essence de la ville, c&rsquo;est le souvenir parfait pour ceux qui souhaitent porter un morceau de Madrid sur leurs cl\u00e9s. Id\u00e9al pour les amateurs d&rsquo;art et de culture espagnole.<\/p>\n","protected":false},"featured_media":10845,"template":"","meta":{"_acf_changed":false},"product_brand":[],"product_cat":[607],"product_tag":[614],"class_list":{"0":"post-31630","1":"product","2":"type-product","3":"status-publish","4":"has-post-thumbnail","6":"product_cat-porte-cles","7":"product_tag-lettres","8":"pa_ciudad-madrid","9":"pa_motivo-lettre-m","10":"pa_pais-espana","12":"first","13":"instock","14":"shipping-taxable","15":"product-type-simple"},"acf":[],"_links":{"self":[{"href":"https:\/\/olemosaic.orbitalia.org\/fr\/wp-json\/wp\/v2\/product\/31630","targetHints":{"allow":["GET"]}}],"collection":[{"href":"https:\/\/olemosaic.orbitalia.org\/fr\/wp-json\/wp\/v2\/product"}],"about":[{"href":"https:\/\/olemosaic.orbitalia.org\/fr\/wp-json\/wp\/v2\/types\/product"}],"wp:featuredmedia":[{"embeddable":true,"href":"https:\/\/olemosaic.orbitalia.org\/fr\/wp-json\/wp\/v2\/media\/10845"}],"wp:attachment":[{"href":"https:\/\/olemosaic.orbitalia.org\/fr\/wp-json\/wp\/v2\/media?parent=31630"}],"wp:term":[{"taxonomy":"product_brand","embeddable":true,"href":"https:\/\/olemosaic.orbitalia.org\/fr\/wp-json\/wp\/v2\/product_brand?post=31630"},{"taxonomy":"product_cat","embeddable":true,"href":"https:\/\/olemosaic.orbitalia.org\/fr\/wp-json\/wp\/v2\/product_cat?post=31630"},{"taxonomy":"product_tag","embeddable":true,"href":"https:\/\/olemosaic.orbitalia.org\/fr\/wp-json\/wp\/v2\/product_tag?post=31630"}],"curies":[{"name":"wp","href":"https:\/\/api.w.org\/{rel}","templated":true}]}}