{"id":31629,"date":"2025-02-20T22:33:27","date_gmt":"2025-02-20T22:33:27","guid":{"rendered":"https:\/\/olemosaic.orbitalia.org\/producto\/llavero-de-madera-letra-m-barcelona\/"},"modified":"2025-07-25T18:52:22","modified_gmt":"2025-07-25T16:52:22","slug":"porte-cles-en-bois-lettre-m-barcelone","status":"publish","type":"product","link":"https:\/\/olemosaic.orbitalia.org\/fr\/produit\/porte-cles-en-bois-lettre-m-barcelone\/","title":{"rendered":"Porte-cl\u00e9s en bois. Lettre M. Barcelone."},"content":{"rendered":"<p>Ce porte-cl\u00e9s en bois en forme de lettre \u00ab\u00a0M\u00a0\u00bb capture l&rsquo;essence vibrante de Barcelone, devenant le souvenir id\u00e9al pour ceux qui souhaitent emporter un petit morceau de cette ville merveilleuse partout avec eux. Son design color\u00e9 illustre des \u00e9l\u00e9ments embl\u00e9matiques de Barcelone, mettant en avant la majestueuse Sagrada Familia et le c\u00e9l\u00e8bre Park G\u00fcell, le tout repr\u00e9sent\u00e9 dans un style \u00e9voquant le trencad\u00eds caract\u00e9ristique de Gaud\u00ed. Le bois, d\u00e9licatement travaill\u00e9, apporte une touche chaleureuse et naturelle, tandis que la finition raffin\u00e9e garantit une pr\u00e9sentation attrayante et durable.<\/p>\n<p>Le porte-cl\u00e9s, compl\u00e9t\u00e9 par un anneau m\u00e9tallique r\u00e9sistant, n&rsquo;est pas seulement fonctionnel, il sert \u00e9galement de rappel visuel de la riche culture et du patrimoine artistique de la ville. Barcelone, connue pour son architecture moderniste et son ambiance vibrante, trouve dans ce porte-cl\u00e9s une repr\u00e9sentation qui capture son essence \u00e0 la fois contemporaine et traditionnelle.<\/p>\n<p>Chez Ol\u00e9 Mosaic, en tant que distributeurs de souvenirs en gros, nous proposons des pi\u00e8ces authentiques qui se distinguent dans n&rsquo;importe quelle boutique de cadeaux touristiques, faisant de ce porte-cl\u00e9s une excellente option pour ceux qui recherchent des articles uniques et repr\u00e9sentatifs de Barcelone. Ce porte-cl\u00e9s en bois est le cadeau parfait pour les touristes qui souhaitent se souvenir de leur visite dans la ville avec un souvenir alliant art, histoire et fonctionnalit\u00e9.<\/p>\n","protected":false},"excerpt":{"rendered":"<p>Porte-cl\u00e9s en bois en forme de lettre \u00ab\u00a0M\u00a0\u00bb, \u00e9voquant l&rsquo;essence vibrante de Barcelone. Ce porte-cl\u00e9s se distingue par son design color\u00e9, avec des \u00e9l\u00e9ments embl\u00e9matiques de la ville comme la Sagrada Familia et le Park G\u00fcell, le tout dans un style rappelant le trencad\u00eds de Gaud\u00ed. Avec une finition soign\u00e9e et un anneau m\u00e9tallique r\u00e9sistant, ce souvenir est le moyen id\u00e9al d&#8217;emporter un morceau de Barcelone partout o\u00f9 vous allez.<\/p>\n","protected":false},"featured_media":10498,"template":"","meta":{"_acf_changed":false},"product_brand":[],"product_cat":[607],"product_tag":[614],"class_list":{"0":"post-31629","1":"product","2":"type-product","3":"status-publish","4":"has-post-thumbnail","6":"product_cat-porte-cles","7":"product_tag-lettres","8":"pa_ciudad-barcelona","9":"pa_motivo-lettre-m","10":"pa_pais-espana","12":"first","13":"instock","14":"shipping-taxable","15":"product-type-simple"},"acf":[],"_links":{"self":[{"href":"https:\/\/olemosaic.orbitalia.org\/fr\/wp-json\/wp\/v2\/product\/31629","targetHints":{"allow":["GET"]}}],"collection":[{"href":"https:\/\/olemosaic.orbitalia.org\/fr\/wp-json\/wp\/v2\/product"}],"about":[{"href":"https:\/\/olemosaic.orbitalia.org\/fr\/wp-json\/wp\/v2\/types\/product"}],"wp:featuredmedia":[{"embeddable":true,"href":"https:\/\/olemosaic.orbitalia.org\/fr\/wp-json\/wp\/v2\/media\/10498"}],"wp:attachment":[{"href":"https:\/\/olemosaic.orbitalia.org\/fr\/wp-json\/wp\/v2\/media?parent=31629"}],"wp:term":[{"taxonomy":"product_brand","embeddable":true,"href":"https:\/\/olemosaic.orbitalia.org\/fr\/wp-json\/wp\/v2\/product_brand?post=31629"},{"taxonomy":"product_cat","embeddable":true,"href":"https:\/\/olemosaic.orbitalia.org\/fr\/wp-json\/wp\/v2\/product_cat?post=31629"},{"taxonomy":"product_tag","embeddable":true,"href":"https:\/\/olemosaic.orbitalia.org\/fr\/wp-json\/wp\/v2\/product_tag?post=31629"}],"curies":[{"name":"wp","href":"https:\/\/api.w.org\/{rel}","templated":true}]}}