{"id":31607,"date":"2025-02-20T23:33:27","date_gmt":"2025-02-20T22:33:27","guid":{"rendered":"https:\/\/olemosaic.orbitalia.org\/producto\/llavero-de-madera-letra-l-2\/"},"modified":"2025-07-25T18:44:58","modified_gmt":"2025-07-25T16:44:58","slug":"porte-cles-en-bois-lettre-l-2","status":"publish","type":"product","link":"https:\/\/olemosaic.orbitalia.org\/fr\/produit\/porte-cles-en-bois-lettre-l-2\/","title":{"rendered":"Porte-cl\u00e9s en bois. Lettre L. Mosa\u00efque."},"content":{"rendered":"<p>Ce porte-cl\u00e9s en bois en forme de lettre \u00ab\u00a0L\u00a0\u00bb est une pi\u00e8ce unique qui fusionne fonctionnalit\u00e9 et art traditionnel espagnol, parfait comme souvenir capturant l&rsquo;essence de la culture espagnole. Son design se distingue par une mosa\u00efque color\u00e9e inspir\u00e9e de la c\u00e9ramique traditionnelle, avec une base blanche orn\u00e9e de motifs vibrants en rouge, vert, bleu et noir. Ces couleurs \u00e9voquent la technique du trencad\u00eds, une forme artistique utilisant des fragments de c\u00e9ramique pour cr\u00e9er des mosa\u00efques impressionnantes, comme celles que l&rsquo;on trouve dans de nombreux chefs-d&rsquo;\u0153uvre architecturaux d&rsquo;Espagne, dont le Parc G\u00fcell de Barcelone.<\/p>\n<p>La forme distinctive de la lettre \u00ab\u00a0L\u00a0\u00bb apporte non seulement une touche personnelle et moderne, mais offre \u00e9galement une polyvalence en tant qu&rsquo;accessoire, tant pour les cl\u00e9s que pour les sacs \u00e0 dos ou les sacs \u00e0 main. Ce porte-cl\u00e9s est une excellente option pour les touristes \u00e0 la recherche de souvenirs authentiques et repr\u00e9sentatifs de l&rsquo;art et du folklore espagnol. Sa riche connexion culturelle en fait un rappel tangible de leur visite en Espagne, soulignant la cr\u00e9ativit\u00e9 et l&rsquo;ing\u00e9niosit\u00e9 artisanale du pays.<\/p>\n<p>Chez Ol\u00e9 Mosaic, nous sommes des distributeurs de souvenirs de qualit\u00e9, et ce porte-cl\u00e9s en bois est une option id\u00e9ale pour les boutiques de cadeaux touristiques souhaitant proposer des produits uniques et authentiques. En tant que grossistes de souvenirs, nous garantissons que chaque pi\u00e8ce refl\u00e8te la riche tradition culturelle que l&rsquo;Espagne a \u00e0 offrir.<\/p>\n","protected":false},"excerpt":{"rendered":"<p>Porte-cl\u00e9s en bois en forme de lettre L, d\u00e9cor\u00e9 d&rsquo;une mosa\u00efque color\u00e9e \u00e9voquant le style de la c\u00e9ramique traditionnelle espagnole. Ce porte-cl\u00e9s original pr\u00e9sente une base blanche avec des motifs en rouge, vert, bleu et noir, caract\u00e9ristiques de l&rsquo;art du trencad\u00eds. Son design vibrant et distinctif en fait un souvenir id\u00e9al refl\u00e9tant la riche culture et l&rsquo;art de l&rsquo;Espagne, tout en \u00e9tant un accessoire pratique pour les cl\u00e9s ou le sac \u00e0 dos.<\/p>\n","protected":false},"featured_media":10931,"template":"","meta":{"_acf_changed":false},"product_brand":[],"product_cat":[607],"product_tag":[614],"class_list":{"0":"post-31607","1":"product","2":"type-product","3":"status-publish","4":"has-post-thumbnail","6":"product_cat-porte-cles","7":"product_tag-lettres","8":"pa_motivo-lettre-l","10":"first","11":"instock","12":"shipping-taxable","13":"product-type-simple"},"acf":[],"_links":{"self":[{"href":"https:\/\/olemosaic.orbitalia.org\/fr\/wp-json\/wp\/v2\/product\/31607","targetHints":{"allow":["GET"]}}],"collection":[{"href":"https:\/\/olemosaic.orbitalia.org\/fr\/wp-json\/wp\/v2\/product"}],"about":[{"href":"https:\/\/olemosaic.orbitalia.org\/fr\/wp-json\/wp\/v2\/types\/product"}],"wp:featuredmedia":[{"embeddable":true,"href":"https:\/\/olemosaic.orbitalia.org\/fr\/wp-json\/wp\/v2\/media\/10931"}],"wp:attachment":[{"href":"https:\/\/olemosaic.orbitalia.org\/fr\/wp-json\/wp\/v2\/media?parent=31607"}],"wp:term":[{"taxonomy":"product_brand","embeddable":true,"href":"https:\/\/olemosaic.orbitalia.org\/fr\/wp-json\/wp\/v2\/product_brand?post=31607"},{"taxonomy":"product_cat","embeddable":true,"href":"https:\/\/olemosaic.orbitalia.org\/fr\/wp-json\/wp\/v2\/product_cat?post=31607"},{"taxonomy":"product_tag","embeddable":true,"href":"https:\/\/olemosaic.orbitalia.org\/fr\/wp-json\/wp\/v2\/product_tag?post=31607"}],"curies":[{"name":"wp","href":"https:\/\/api.w.org\/{rel}","templated":true}]}}