{"id":31604,"date":"2025-02-20T22:33:26","date_gmt":"2025-02-20T22:33:26","guid":{"rendered":"https:\/\/olemosaic.orbitalia.org\/producto\/llavero-de-madera-letra-l\/"},"modified":"2025-07-25T19:33:54","modified_gmt":"2025-07-25T17:33:54","slug":"porte-cles-en-bois-lettre-l","status":"publish","type":"product","link":"https:\/\/olemosaic.orbitalia.org\/fr\/produit\/porte-cles-en-bois-lettre-l\/","title":{"rendered":"Porte-cl\u00e9s en bois. Lettre L."},"content":{"rendered":"<p>Ce porte-cl\u00e9s en bois en forme de lettre \u00ab\u00a0L\u00a0\u00bb est un accessoire unique qui allie fonctionnalit\u00e9 et design artistique repr\u00e9sentatif de la culture espagnole. Fabriqu\u00e9 en bois de haute qualit\u00e9, sa surface pr\u00e9sente une d\u00e9coration vibrante \u00e9voquant les carreaux de fa\u00efence traditionnels espagnols (azulejos), avec des motifs floraux et g\u00e9om\u00e9triques dans une palette de couleurs \u00e9clatantes comprenant des bleus, des rouges et des jaunes. Ce design souligne non seulement la tradition artisanale, mais apporte \u00e9galement une touche rustique et \u00e9l\u00e9gante, en faisant un excellent souvenir, parfait pour ceux qui recherchent des souvenirs authentiques d&rsquo;Espagne.<\/p>\n<p>Le porte-cl\u00e9s est \u00e9quip\u00e9 d&rsquo;un anneau m\u00e9tallique robuste qui garantit s\u00e9curit\u00e9 et fonctionnalit\u00e9, id\u00e9al pour un usage quotidien. Chaque fois que vous l&rsquo;utiliserez, vous vous rappellerez le riche h\u00e9ritage culturel espagnol qu&rsquo;il repr\u00e9sente, \u00e9voquant la beaut\u00e9 des rues et des places orn\u00e9es de carreaux typiques. En tant que distributeur en gros de souvenirs, Ol\u00e9 Mosaic propose ce porte-cl\u00e9s en bois comme une option exceptionnelle pour les boutiques de cadeaux touristiques \u00e0 la recherche de produits refl\u00e9tant authentiquement l&rsquo;essence de l&rsquo;Espagne. Avec son design attrayant et son lien culturel profond, ce porte-cl\u00e9s n&rsquo;est pas seulement un cadeau personnel id\u00e9al, mais aussi un symbole repr\u00e9sentatif de la tradition et de l&rsquo;art du pays.<\/p>\n","protected":false},"excerpt":{"rendered":"<p>Porte-cl\u00e9s en bois en forme de lettre \u00ab\u00a0L\u00a0\u00bb, con\u00e7u pour mettre en valeur le style artistique espagnol. Ce charmant porte-cl\u00e9s pr\u00e9sente une d\u00e9coration color\u00e9e avec des motifs floraux et g\u00e9om\u00e9triques dans des tons bleus, rouges et jaunes, \u00e9voquant l&rsquo;azulejo traditionnel espagnol. Sa finition en bois lui donne une touche rustique et \u00e9l\u00e9gante, tandis que son anneau m\u00e9tallique r\u00e9sistant assure sa fonctionnalit\u00e9. Id\u00e9al comme souvenir ou cadeau personnel, il capture l&rsquo;essence culturelle de l&rsquo;Espagne.<\/p>\n","protected":false},"featured_media":9602,"template":"","meta":{"_acf_changed":false},"product_brand":[],"product_cat":[607],"product_tag":[614],"class_list":{"0":"post-31604","1":"product","2":"type-product","3":"status-publish","4":"has-post-thumbnail","6":"product_cat-porte-cles","7":"product_tag-lettres","8":"pa_motivo-lettre-l","10":"first","11":"instock","12":"shipping-taxable","13":"product-type-simple"},"acf":[],"_links":{"self":[{"href":"https:\/\/olemosaic.orbitalia.org\/fr\/wp-json\/wp\/v2\/product\/31604","targetHints":{"allow":["GET"]}}],"collection":[{"href":"https:\/\/olemosaic.orbitalia.org\/fr\/wp-json\/wp\/v2\/product"}],"about":[{"href":"https:\/\/olemosaic.orbitalia.org\/fr\/wp-json\/wp\/v2\/types\/product"}],"wp:featuredmedia":[{"embeddable":true,"href":"https:\/\/olemosaic.orbitalia.org\/fr\/wp-json\/wp\/v2\/media\/9602"}],"wp:attachment":[{"href":"https:\/\/olemosaic.orbitalia.org\/fr\/wp-json\/wp\/v2\/media?parent=31604"}],"wp:term":[{"taxonomy":"product_brand","embeddable":true,"href":"https:\/\/olemosaic.orbitalia.org\/fr\/wp-json\/wp\/v2\/product_brand?post=31604"},{"taxonomy":"product_cat","embeddable":true,"href":"https:\/\/olemosaic.orbitalia.org\/fr\/wp-json\/wp\/v2\/product_cat?post=31604"},{"taxonomy":"product_tag","embeddable":true,"href":"https:\/\/olemosaic.orbitalia.org\/fr\/wp-json\/wp\/v2\/product_tag?post=31604"}],"curies":[{"name":"wp","href":"https:\/\/api.w.org\/{rel}","templated":true}]}}