{"id":31602,"date":"2025-02-20T23:33:26","date_gmt":"2025-02-20T22:33:26","guid":{"rendered":"https:\/\/olemosaic.orbitalia.org\/producto\/llavero-de-madera-letra-k-valencia\/"},"modified":"2025-07-25T19:24:26","modified_gmt":"2025-07-25T17:24:26","slug":"porte-cles-en-bois-lettre-k-valence","status":"publish","type":"product","link":"https:\/\/olemosaic.orbitalia.org\/fr\/produit\/porte-cles-en-bois-lettre-k-valence\/","title":{"rendered":"Porte-cl\u00e9s en bois. Lettre K. Valence."},"content":{"rendered":"<p>Ce porte-cl\u00e9s en bois en forme de lettre \u00ab\u00a0K\u00a0\u00bb est un souvenir \u00e9l\u00e9gant inspir\u00e9 par l&rsquo;architecture vibrante de Valence, ville c\u00e9l\u00e8bre pour sa riche culture et son design innovant. Sur un fond color\u00e9, le porte-cl\u00e9s pr\u00e9sente des \u00e9l\u00e9ments iconiques de la ville, tels que le c\u00e9l\u00e8bre March\u00e9 Central et la majestueuse Cit\u00e9 des Arts et des Sciences, repr\u00e9sent\u00e9s dans un style mosa\u00efque qui refl\u00e8te la tradition artistique r\u00e9gionale. La lettre \u00ab\u00a0K\u00a0\u00bb n&rsquo;est pas seulement un symbole personnel, mais elle \u00e9voque \u00e9galement une connexion avec l&rsquo;histoire et le patrimoine architectural de Valence, ce qui en fait un cadeau significatif.<\/p>\n<p>Le porte-cl\u00e9s est l\u00e9ger et durable, id\u00e9al pour \u00eatre transport\u00e9 confortablement, tout en se distinguant comme un rappel du charme valencien. Chaque d\u00e9tail de l&rsquo;illustration, des couleurs vibrantes aux motifs complexes, est con\u00e7u pour attirer aussi bien les touristes que les locaux souhaitant emporter avec eux un petit morceau de cette magnifique ville. Sans aucun doute, ce porte-cl\u00e9s est une excellente id\u00e9e pour ceux qui recherchent des souvenirs uniques de Valence, \u00e9tant un article phare dans toute boutique de cadeaux touristiques.<\/p>\n<p>Chez Ol\u00e9 Mosaic, nous nous sp\u00e9cialisons dans la distribution de souvenirs en gros, offrant des produits authentiques qui capturent l&rsquo;essence de leur origine. Ce porte-cl\u00e9s en bois est une option parfaite pour les grossistes \u00e0 la recherche d&rsquo;articles ayant une pertinence culturelle et un attrait visuel.<\/p>\n","protected":false},"excerpt":{"rendered":"<p>Porte-cl\u00e9s en bois en forme de lettre \u00ab\u00a0K\u00a0\u00bb, inspir\u00e9 par l&rsquo;architecture de Valence. Ce design vibrant pr\u00e9sente un fond color\u00e9 avec des \u00e9l\u00e9ments embl\u00e9matiques de la ville, tels que le c\u00e9l\u00e8bre March\u00e9 Central et la Cit\u00e9 des Arts et des Sciences, repr\u00e9sent\u00e9s dans un style mosa\u00efque. Le porte-cl\u00e9s est l\u00e9ger et r\u00e9sistant, id\u00e9al pour toujours porter vos cl\u00e9s avec vous, arborant un petit morceau du charme valencien.<\/p>\n","protected":false},"featured_media":10869,"template":"","meta":{"_acf_changed":false},"product_brand":[],"product_cat":[607],"product_tag":[614],"class_list":{"0":"post-31602","1":"product","2":"type-product","3":"status-publish","4":"has-post-thumbnail","6":"product_cat-porte-cles","7":"product_tag-lettres","8":"pa_ciudad-valencia","9":"pa_motivo-lettre-k","10":"pa_pais-espana","12":"first","13":"instock","14":"shipping-taxable","15":"product-type-simple"},"acf":[],"_links":{"self":[{"href":"https:\/\/olemosaic.orbitalia.org\/fr\/wp-json\/wp\/v2\/product\/31602","targetHints":{"allow":["GET"]}}],"collection":[{"href":"https:\/\/olemosaic.orbitalia.org\/fr\/wp-json\/wp\/v2\/product"}],"about":[{"href":"https:\/\/olemosaic.orbitalia.org\/fr\/wp-json\/wp\/v2\/types\/product"}],"wp:featuredmedia":[{"embeddable":true,"href":"https:\/\/olemosaic.orbitalia.org\/fr\/wp-json\/wp\/v2\/media\/10869"}],"wp:attachment":[{"href":"https:\/\/olemosaic.orbitalia.org\/fr\/wp-json\/wp\/v2\/media?parent=31602"}],"wp:term":[{"taxonomy":"product_brand","embeddable":true,"href":"https:\/\/olemosaic.orbitalia.org\/fr\/wp-json\/wp\/v2\/product_brand?post=31602"},{"taxonomy":"product_cat","embeddable":true,"href":"https:\/\/olemosaic.orbitalia.org\/fr\/wp-json\/wp\/v2\/product_cat?post=31602"},{"taxonomy":"product_tag","embeddable":true,"href":"https:\/\/olemosaic.orbitalia.org\/fr\/wp-json\/wp\/v2\/product_tag?post=31602"}],"curies":[{"name":"wp","href":"https:\/\/api.w.org\/{rel}","templated":true}]}}