{"id":31601,"date":"2025-02-20T22:33:26","date_gmt":"2025-02-20T22:33:26","guid":{"rendered":"https:\/\/olemosaic.orbitalia.org\/producto\/llavero-de-madera-letra-j-mosaico\/"},"modified":"2025-07-25T20:07:49","modified_gmt":"2025-07-25T18:07:49","slug":"porte-cles-en-bois-lettre-j-mosaique","status":"publish","type":"product","link":"https:\/\/olemosaic.orbitalia.org\/fr\/produit\/porte-cles-en-bois-lettre-j-mosaique\/","title":{"rendered":"Porte-cl\u00e9s en bois. Lettre J. Mosa\u00efque."},"content":{"rendered":"<p>Ce porte-cl\u00e9s en bois en forme de lettre \u00ab\u00a0J\u00a0\u00bb est un v\u00e9ritable bijou de l&rsquo;art de la mosa\u00efque, id\u00e9al pour ceux qui recherchent un souvenir alliant fonctionnalit\u00e9 et esth\u00e9tique. \u00c9labor\u00e9 avec un design vibrant pr\u00e9sentant une riche palette de couleurs, ce porte-cl\u00e9s se distingue par ses tons bleus, rouges, jaunes et roses, organis\u00e9s selon un motif g\u00e9om\u00e9trique qui \u00e9voque la tradition de la mosa\u00efque espagnole. Chaque facette de ce design capte l&rsquo;essence de l&rsquo;art qui a orn\u00e9 des monuments embl\u00e9matiques dans des villes comme Barcelone, o\u00f9 la mosa\u00efque est un symbole de cr\u00e9ativit\u00e9 et de culture.<\/p>\n<p>La forme de la lettre \u00ab\u00a0J\u00a0\u00bb ajoute une touche personnelle et distinctive, faisant de ce porte-cl\u00e9s un cadeau parfait pour les proches ou un souvenir singulier d&rsquo;un voyage. De plus, l&rsquo;artisanat derri\u00e8re chaque porte-cl\u00e9s souligne son authenticit\u00e9, faisant de ce produit non seulement un accessoire utile, mais aussi une repr\u00e9sentation significative du riche h\u00e9ritage artistique de la r\u00e9gion.<\/p>\n<p>Chez Ol\u00e9 Mosaic, nous nous sp\u00e9cialisons dans la distribution de souvenirs en gros, offrant des articles comme ce porte-cl\u00e9s en bois qui encapsulent la culture espagnole. Ce porte-cl\u00e9s en mosa\u00efque est une excellente option pour les boutiques de cadeaux touristiques cherchant \u00e0 offrir des produits uniques qui mettent en valeur la beaut\u00e9 de la tradition artisanale. En tant que grossistes de porte-cl\u00e9s, nous garantissons que chaque pi\u00e8ce refl\u00e8te l&rsquo;excellence et l&rsquo;authenticit\u00e9 que les visiteurs esp\u00e8rent emporter de leur exp\u00e9rience en Espagne.<\/p>\n","protected":false},"excerpt":{"rendered":"<p>Porte-cl\u00e9s en bois en forme de lettre \u00ab\u00a0J\u00a0\u00bb, d\u00e9cor\u00e9 d&rsquo;un design de mosa\u00efque vibrant. Cet article artisanal pr\u00e9sente une palette de couleurs vari\u00e9e incluant des bleus, des rouges, des jaunes et des roses, dans un motif g\u00e9om\u00e9trique \u00e9voquant la tradition de l&rsquo;art de la mosa\u00efque. Parfait comme souvenir, ce porte-cl\u00e9s combine fonctionnalit\u00e9 et touche artistique, en faisant un accessoire id\u00e9al pour tout amateur de la culture espagnole.<\/p>\n","protected":false},"featured_media":10760,"template":"","meta":{"_acf_changed":false},"product_brand":[],"product_cat":[607],"product_tag":[614],"class_list":{"0":"post-31601","1":"product","2":"type-product","3":"status-publish","4":"has-post-thumbnail","6":"product_cat-porte-cles","7":"product_tag-lettres","8":"pa_motivo-lettre-j","10":"first","11":"instock","12":"shipping-taxable","13":"product-type-simple"},"acf":[],"_links":{"self":[{"href":"https:\/\/olemosaic.orbitalia.org\/fr\/wp-json\/wp\/v2\/product\/31601","targetHints":{"allow":["GET"]}}],"collection":[{"href":"https:\/\/olemosaic.orbitalia.org\/fr\/wp-json\/wp\/v2\/product"}],"about":[{"href":"https:\/\/olemosaic.orbitalia.org\/fr\/wp-json\/wp\/v2\/types\/product"}],"wp:featuredmedia":[{"embeddable":true,"href":"https:\/\/olemosaic.orbitalia.org\/fr\/wp-json\/wp\/v2\/media\/10760"}],"wp:attachment":[{"href":"https:\/\/olemosaic.orbitalia.org\/fr\/wp-json\/wp\/v2\/media?parent=31601"}],"wp:term":[{"taxonomy":"product_brand","embeddable":true,"href":"https:\/\/olemosaic.orbitalia.org\/fr\/wp-json\/wp\/v2\/product_brand?post=31601"},{"taxonomy":"product_cat","embeddable":true,"href":"https:\/\/olemosaic.orbitalia.org\/fr\/wp-json\/wp\/v2\/product_cat?post=31601"},{"taxonomy":"product_tag","embeddable":true,"href":"https:\/\/olemosaic.orbitalia.org\/fr\/wp-json\/wp\/v2\/product_tag?post=31601"}],"curies":[{"name":"wp","href":"https:\/\/api.w.org\/{rel}","templated":true}]}}