{"id":31577,"date":"2025-02-20T23:33:24","date_gmt":"2025-02-20T22:33:24","guid":{"rendered":"https:\/\/olemosaic.orbitalia.org\/producto\/llavero-de-madera-letra-e-barcelona\/"},"modified":"2025-07-25T18:45:29","modified_gmt":"2025-07-25T16:45:29","slug":"porte-cles-en-bois-lettre-e-barcelone","status":"publish","type":"product","link":"https:\/\/olemosaic.orbitalia.org\/fr\/produit\/porte-cles-en-bois-lettre-e-barcelone\/","title":{"rendered":"Porte-cl\u00e9s en bois. Lettre E. Barcelone."},"content":{"rendered":"<p>Ce porte-cl\u00e9s en bois en forme de lettre \u00ab\u00a0E\u00a0\u00bb est un charmant souvenir de Barcelone, parfait pour ceux qui souhaitent emporter un petit morceau de cette ville vibrante avec eux. Con\u00e7u avec soin, ce porte-cl\u00e9s inclut des \u00e9l\u00e9ments embl\u00e9matiques de la capitale catalane, notamment la majestueuse Sagrada Familia, chef-d&rsquo;\u0153uvre d&rsquo;Antoni Gaud\u00ed, avec un effet peint \u00e0 la main aux couleurs vibrantes \u00e9voquant le c\u00e9l\u00e8bre trencad\u00eds caract\u00e9ristique de ses \u0153uvres. La lettre \u00ab\u00a0E\u00a0\u00bb ne repr\u00e9sente pas seulement Barcelone, mais capture \u00e9galement l&rsquo;essence de sa culture, symbolisant la cr\u00e9ativit\u00e9 et l&rsquo;art qui inondent ses rues.<\/p>\n<p>Le design visuel est percutant : le porte-cl\u00e9s pr\u00e9sente un fond rappelant la mosa\u00efque c\u00e9ramique de Gaud\u00ed, avec un m\u00e9lange de tons rouges, jaunes et bleus qui ajoutent un air festif et joyeux. Ce souvenir n&rsquo;est pas seulement utile pour garder les cl\u00e9s organis\u00e9es, mais sert aussi de compl\u00e9ment d\u00e9coratif attrayant qui rappellera \u00e0 son possesseur les moments v\u00e9cus dans la ville. Chez Ol\u00e9 Mosaic, nous proposons ce porte-cl\u00e9s en bois ainsi qu&rsquo;une large gamme de souvenirs de Barcelone, parfaits pour les boutiques de cadeaux touristiques \u00e0 la recherche d&rsquo;articles authentiques et repr\u00e9sentatifs. Ne manquez pas l&rsquo;occasion d&rsquo;offrir \u00e0 vos clients un souvenir unique et culturel qui deviendra un tr\u00e9sor personnel.<\/p>\n","protected":false},"excerpt":{"rendered":"<p>Porte-cl\u00e9s en bois en forme de lettre \u00ab\u00a0E\u00a0\u00bb, repr\u00e9sentant Barcelone. Ce porte-cl\u00e9s color\u00e9 comprend des illustrations marquantes comme la Sagrada Familia, parmi d&rsquo;autres \u00e9l\u00e9ments embl\u00e9matiques de la ville, peints \u00e0 la main avec des tons vibrants \u00e9voquant le c\u00e9l\u00e8bre trencad\u00eds de Gaud\u00ed. Id\u00e9al comme souvenir ou cadeau, il pr\u00e9sente un design attrayant qui capte l&rsquo;essence de la culture catalane et est parfait pour emporter un petit morceau de Barcelone avec soi.<\/p>\n","protected":false},"featured_media":10490,"template":"","meta":{"_acf_changed":false},"product_brand":[],"product_cat":[607],"product_tag":[614],"class_list":{"0":"post-31577","1":"product","2":"type-product","3":"status-publish","4":"has-post-thumbnail","6":"product_cat-porte-cles","7":"product_tag-lettres","8":"pa_ciudad-barcelona","9":"pa_motivo-lettre-e","10":"pa_pais-espana","12":"first","13":"instock","14":"shipping-taxable","15":"product-type-simple"},"acf":[],"_links":{"self":[{"href":"https:\/\/olemosaic.orbitalia.org\/fr\/wp-json\/wp\/v2\/product\/31577","targetHints":{"allow":["GET"]}}],"collection":[{"href":"https:\/\/olemosaic.orbitalia.org\/fr\/wp-json\/wp\/v2\/product"}],"about":[{"href":"https:\/\/olemosaic.orbitalia.org\/fr\/wp-json\/wp\/v2\/types\/product"}],"wp:featuredmedia":[{"embeddable":true,"href":"https:\/\/olemosaic.orbitalia.org\/fr\/wp-json\/wp\/v2\/media\/10490"}],"wp:attachment":[{"href":"https:\/\/olemosaic.orbitalia.org\/fr\/wp-json\/wp\/v2\/media?parent=31577"}],"wp:term":[{"taxonomy":"product_brand","embeddable":true,"href":"https:\/\/olemosaic.orbitalia.org\/fr\/wp-json\/wp\/v2\/product_brand?post=31577"},{"taxonomy":"product_cat","embeddable":true,"href":"https:\/\/olemosaic.orbitalia.org\/fr\/wp-json\/wp\/v2\/product_cat?post=31577"},{"taxonomy":"product_tag","embeddable":true,"href":"https:\/\/olemosaic.orbitalia.org\/fr\/wp-json\/wp\/v2\/product_tag?post=31577"}],"curies":[{"name":"wp","href":"https:\/\/api.w.org\/{rel}","templated":true}]}}