{"id":31576,"date":"2025-02-20T23:33:24","date_gmt":"2025-02-20T22:33:24","guid":{"rendered":"https:\/\/olemosaic.orbitalia.org\/producto\/llavero-de-madera-letra-e-valencia\/"},"modified":"2025-07-25T20:07:21","modified_gmt":"2025-07-25T18:07:21","slug":"porte-cles-en-bois-lettre-e-valence","status":"publish","type":"product","link":"https:\/\/olemosaic.orbitalia.org\/fr\/produit\/porte-cles-en-bois-lettre-e-valence\/","title":{"rendered":"Porte-cl\u00e9s en bois. Lettre E. Valence."},"content":{"rendered":"<p>Ce porte-cl\u00e9s en bois avec la lettre \u00ab\u00a0E\u00a0\u00bb est un v\u00e9ritable hommage \u00e0 la vibrante ville de Valence. Avec un design color\u00e9 qui se distingue par son fond en mosa\u00efque, ce porte-cl\u00e9s illustre des \u00e9l\u00e9ments iconiques de l&rsquo;architecture valencienne, comme l&#8217;embl\u00e9matique Cit\u00e9 des Arts et des Sciences. La base noire du porte-cl\u00e9s ne fait pas seulement ressortir les couleurs vibrantes bleu, jaune et rouge, mais lui apporte \u00e9galement une touche moderne et artistique, en faisant un accessoire id\u00e9al pour se souvenir de l&rsquo;essence de Valence au quotidien.<\/p>\n<p>Chaque d\u00e9tail du porte-cl\u00e9s a \u00e9t\u00e9 soigneusement con\u00e7u pour capturer la beaut\u00e9 et la singularit\u00e9 architecturale de la ville. La lettre \u00ab\u00a0E\u00a0\u00bb devient un symbole repr\u00e9sentatif de Valence, id\u00e9al pour ceux qui recherchent un souvenir authentique et m\u00e9morable. Ce porte-cl\u00e9s n&rsquo;est pas seulement pratique pour porter les cl\u00e9s, mais sert aussi de rappel constant de la riche culture et de l&rsquo;esprit de cette merveilleuse ville.<\/p>\n<p>Chez Ol\u00e9 Mosaic nous nous sp\u00e9cialisons dans la distribution de souvenirs en gros, offrant des produits qui c\u00e9l\u00e8brent l&rsquo;authenticit\u00e9 et le patrimoine culturel espagnol. Ce porte-cl\u00e9s de Valence est une excellente option pour les boutiques de cadeaux touristiques souhaitant proposer des articles uniques et pleins de sens. En tant que grossistes de souvenirs de Valence, nous garantissons la qualit\u00e9 et l&rsquo;originalit\u00e9 de chacune de nos pi\u00e8ces.<\/p>\n","protected":false},"excerpt":{"rendered":"<p>Porte-cl\u00e9s en bois en forme de lettre \u00ab\u00a0E\u00a0\u00bb, repr\u00e9sentant la ville de Valence. Ce porte-cl\u00e9s frappant pr\u00e9sente un design color\u00e9, avec un fond en mosa\u00efque illustrant des \u00e9l\u00e9ments iconiques de l&rsquo;architecture valencienne, comme l&#8217;embl\u00e9matique Cit\u00e9 des Arts et des Sciences. La base noire fait ressortir les couleurs vibrantes bleu, jaune et rouge, offrant une touche moderne et artistique, id\u00e9ale pour se souvenir de l&rsquo;essence de Valence au quotidien.<\/p>\n","protected":false},"featured_media":10863,"template":"","meta":{"_acf_changed":false},"product_brand":[],"product_cat":[607],"product_tag":[614],"class_list":{"0":"post-31576","1":"product","2":"type-product","3":"status-publish","4":"has-post-thumbnail","6":"product_cat-porte-cles","7":"product_tag-lettres","8":"pa_ciudad-valencia","9":"pa_motivo-lettre-e","10":"pa_pais-espana","12":"first","13":"instock","14":"shipping-taxable","15":"product-type-simple"},"acf":[],"_links":{"self":[{"href":"https:\/\/olemosaic.orbitalia.org\/fr\/wp-json\/wp\/v2\/product\/31576","targetHints":{"allow":["GET"]}}],"collection":[{"href":"https:\/\/olemosaic.orbitalia.org\/fr\/wp-json\/wp\/v2\/product"}],"about":[{"href":"https:\/\/olemosaic.orbitalia.org\/fr\/wp-json\/wp\/v2\/types\/product"}],"wp:featuredmedia":[{"embeddable":true,"href":"https:\/\/olemosaic.orbitalia.org\/fr\/wp-json\/wp\/v2\/media\/10863"}],"wp:attachment":[{"href":"https:\/\/olemosaic.orbitalia.org\/fr\/wp-json\/wp\/v2\/media?parent=31576"}],"wp:term":[{"taxonomy":"product_brand","embeddable":true,"href":"https:\/\/olemosaic.orbitalia.org\/fr\/wp-json\/wp\/v2\/product_brand?post=31576"},{"taxonomy":"product_cat","embeddable":true,"href":"https:\/\/olemosaic.orbitalia.org\/fr\/wp-json\/wp\/v2\/product_cat?post=31576"},{"taxonomy":"product_tag","embeddable":true,"href":"https:\/\/olemosaic.orbitalia.org\/fr\/wp-json\/wp\/v2\/product_tag?post=31576"}],"curies":[{"name":"wp","href":"https:\/\/api.w.org\/{rel}","templated":true}]}}